{"id":4372,"date":"2024-10-29T12:13:24","date_gmt":"2024-10-29T12:13:24","guid":{"rendered":"https:\/\/www.weidmann-electrical.com\/electrical-home\/"},"modified":"2026-03-20T13:11:20","modified_gmt":"2026-03-20T13:11:20","slug":"electrical-home","status":"publish","type":"page","link":"https:\/\/www.weidmann-electrical.com\/de\/","title":{"rendered":"Home"},"content":{"rendered":"\n<div class=\"video-hero wp-block-cite-wordpress-theme-section\">\n\n            <div class=\"video-container\">\n            <video\n                    class=\"video-hero--video lazy-video\"\n                    muted\n                    autoplay\n                    loop\n                    playsinline\n                    preload=\"none\"\n                    poster=\"https:\/\/www.weidmann-electrical.com\/wp-content\/uploads\/sites\/2\/2025\/07\/Screenshot-2025-07-18-at-16.04.01-1-scaled.avif\"\n                    data-src=\"https:\/\/www.weidmann-electrical.com\/wp-content\/uploads\/sites\/2\/2025\/07\/Weidmann-Electrical-Homepage-video3_1920x1080.mp4\"\n            >\n            <\/video>\n\n            <div class=\"video-hero-inner-container\">\n                <div class=\"video-hero-wrapper\">\n                                            \n\n<h2 class=\"wp-block-heading\"><mark class=\"has-inline-color has-weidmann-white-base-color\">Innovation f\u00fcr Transformatoren \u2013 mit zuverl\u00e4ssigen Isolierl\u00f6sungen<\/mark><\/h2>\n\n\n                                    <\/div>\n            <\/div>\n\n        <\/div>\n    \n<\/div>\n\n\n\n<section class=\"wp-block-cite-wordpress-theme-section has-light-blue-base-background-color has-background has-overlapping-decoration-none has-0-padding-y-top has-0-padding-y-bottom\"><div class=\"theme-section-inner container\">\n<div class=\"wp-block-cite-wordpress-theme-alternating-columns\">\n<div class=\"wp-block-cite-wordpress-theme-alternating-column image-text reverse has-image \">\n\n    \n        <div class=\"column-media align-items-center justify-content-center\">\n                                            <img decoding=\"async\" src=\"https:\/\/www.weidmann-electrical.com\/wp-content\/uploads\/sites\/2\/2025\/05\/JMZ3638r-1600x1200-rev.jpg\" alt=\"\"\n                     style=\"object-position: 50% 50%;\">\n                    <\/div>\n\n    \n    <div class=\"column-content d-flex align-items-center justify-content-center\">\n        <div>\n            \n\n<h2 class=\"wp-block-heading\">Unsere Produkte<\/h2>\n\n\n\n<p>Weidmann Electrical Technology versorgt den Energiesektor mit spezialisierter, branchenf\u00fchrender Isoliertechnologie und Transformatoren-Zubeh\u00f6r.<\/p>\n\n\n\n    <div class=\"wp-block-weidmann-link-container\">\n        <div class=\"wp-block-weidmann-link primary is-align-\">\n            <a href=\"https:\/\/www.weidmann-electrical.com\/products\/\"\n               target=\"\"\n               class=\"wp-block-link-target\">Produkte entdecken<\/a>\n            <svg width=\"26\" height=\"16\" viewBox=\"0 0 26 16\" fill=\"none\" xmlns=\"http:\/\/www.w3.org\/2000\/svg\">\n                <path d=\"M1 7C0.447715 7 4.82823e-08 7.44772 0 8C-4.82823e-08 8.55228 0.447715 9 1 9L1 7ZM25.7071 8.70711C26.0976 8.31658 26.0976 7.68342 25.7071 7.2929L19.3431 0.928934C18.9526 0.538409 18.3195 0.538409 17.9289 0.928934C17.5384 1.31946 17.5384 1.95262 17.9289 2.34315L23.5858 8L17.9289 13.6569C17.5384 14.0474 17.5384 14.6805 17.9289 15.0711C18.3195 15.4616 18.9526 15.4616 19.3431 15.0711L25.7071 8.70711ZM1 9L25 9L25 7L1 7L1 9Z\"\n                      fill=\"none\"\/>\n            <\/svg>\n\n        <\/div>\n    <\/div>\n\n        <\/div>\n    <\/div>\n\n<\/div>\n\n\n\n<div class=\"wp-block-cite-wordpress-theme-alternating-column image-text has-image \">\n\n    \n        <div class=\"column-media align-items-center justify-content-center\">\n                                            <img decoding=\"async\" src=\"https:\/\/www.weidmann-electrical.com\/wp-content\/uploads\/sites\/2\/2025\/05\/250211_1573_HOLLIS-TIF-30065270733-1600x1200-1.jpg\" alt=\"\"\n                     style=\"object-position: 50% 50%;\">\n                    <\/div>\n\n    \n    <div class=\"column-content d-flex align-items-center justify-content-center\">\n        <div>\n            \n\n<h2 class=\"wp-block-heading\">Unsere technische Expertise<\/h2>\n\n\n\n<p>Unsere erfahrenen Ingenieure arbeiten weltweit eng mit unseren Kunden zusammen, um zuverl\u00e4ssige, effiziente L\u00f6sungen f\u00fcr die sich wandelnden Anforderungen der Transformatorenbranche zu liefern.<br><\/p>\n\n\n\n    <div class=\"wp-block-weidmann-link-container\">\n        <div class=\"wp-block-weidmann-link primary is-align-left\">\n            <a href=\"\/expertise\"\n               target=\"\"\n               class=\"wp-block-link-target\">Mehr erfahren<\/a>\n            <svg width=\"26\" height=\"16\" viewBox=\"0 0 26 16\" fill=\"none\" xmlns=\"http:\/\/www.w3.org\/2000\/svg\">\n                <path d=\"M1 7C0.447715 7 4.82823e-08 7.44772 0 8C-4.82823e-08 8.55228 0.447715 9 1 9L1 7ZM25.7071 8.70711C26.0976 8.31658 26.0976 7.68342 25.7071 7.2929L19.3431 0.928934C18.9526 0.538409 18.3195 0.538409 17.9289 0.928934C17.5384 1.31946 17.5384 1.95262 17.9289 2.34315L23.5858 8L17.9289 13.6569C17.5384 14.0474 17.5384 14.6805 17.9289 15.0711C18.3195 15.4616 18.9526 15.4616 19.3431 15.0711L25.7071 8.70711ZM1 9L25 9L25 7L1 7L1 9Z\"\n                      fill=\"none\"\/>\n            <\/svg>\n\n        <\/div>\n    <\/div>\n\n        <\/div>\n    <\/div>\n\n<\/div>\n<\/div>\n<\/div><\/section>\n\n\n\n<section class=\"wp-block-cite-wordpress-theme-section has-overlapping-decoration-none has-8-padding-y-top has-8-padding-y-bottom\"><div class=\"theme-section-inner container\">\n\n\n<div class=\"wp-block-cite-theme-article-feature\">\n    <div class=\"article-feature-inner\">\n        \n<div class=\"card article-feature-card card-has-image\">\n\n    <div class=\"card-body\">\n        \n                    <h3 class=\"article-feature-card-heading\">\n                Weidmann Webinar: Higher Thermal Class Conductor Insulation Paper            <\/h3>\n        \n        \n                    <div class=\"wp-block-weidmann-link-container\">\n                <div class=\"wp-block-weidmann-link primary\">\n\n                    \n                    <a href=\"https:\/\/youtu.be\/kO1h7mpzDO4\"\n                       class=\"wp-block-link-target\" target=\"_blank\" rel=\"noopener\">\n                        Webinar ansehen                        <svg width=\"26\" height=\"16\" viewBox=\"0 0 26 16\" fill=\"none\"\n                             xmlns=\"http:\/\/www.w3.org\/2000\/svg\">\n                            <path d=\"M1 7C0.447715 7 4.82823e-08 7.44772 0 8C-4.82823e-08 8.55228 0.447715 9 1 9L1 7ZM25.7071 8.70711C26.0976 8.31658 26.0976 7.68342 25.7071 7.2929L19.3431 0.928934C18.9526 0.538409 18.3195 0.538409 17.9289 0.928934C17.5384 1.31946 17.5384 1.95262 17.9289 2.34315L23.5858 8L17.9289 13.6569C17.5384 14.0474 17.5384 14.6805 17.9289 15.0711C18.3195 15.4616 18.9526 15.4616 19.3431 15.0711L25.7071 8.70711ZM1 9L25 9L25 7L1 7L1 9Z\"\n                                  fill=\"none\"\/>\n                        <\/svg>\n                    <\/a>\n                <\/div>\n            <\/div>\n            <\/div>\n\n            <div class=\"card-images\">\n            <img loading=\"lazy\" decoding=\"async\" src=\"https:\/\/www.weidmann-electrical.com\/wp-content\/uploads\/sites\/2\/2026\/03\/WebinarGraphics-Q1_V6_740x510_022726.jpg\" width=\"740\" height=\"510\" alt=\"\" class=\"img-fluid card-img-top card-img\">        <\/div>\n    <\/div>\n    <\/div>\n<\/div>\n<\/div><\/section>\n\n\n\n<section class=\"wp-block-cite-wordpress-theme-section has-weidmann-white-base-background-color has-background has-overlapping-decoration-none has-4-padding-y-top has-8-padding-y-bottom\"><div class=\"theme-section-inner container\">\n<section class=\"wp-block-cite-wordpress-theme-section heading-text-pattern has-overlapping-decoration-none has-0-padding-y-top has-4-padding-y-bottom\"><div class=\"theme-section-inner container\">\n<h3 class=\"wp-block-cite-wordpress-theme-heading has-mb-sm has-h3-font-size has-text-align-center\" id=\"partnering-with-weidmann\">Partnerschaft mit Weidmann<\/h3>\n\n\n\n<p class=\"has-text-align-center wp-block-cite-wordpress-theme-paragraph\">Weidmann Electrical bietet branchenf\u00fchrende Isolierl\u00f6sungen und Transformatoren-Zubeh\u00f6r, welche die Leistungsf\u00e4higkeit und Zuverl\u00e4ssigkeit des globalen Energiesektors unterst\u00fctzen. Unsere L\u00f6sungen erf\u00fcllen h\u00f6chste Standards und tragen dazu bei, kritische Infrastrukturen zu sichern und eine nachhaltigere, widerstandsf\u00e4higere Energiezukunft zu erm\u00f6glichen. <br><br> <\/p>\n<\/div><\/section>\n\n\n\n<div class=\"wp-block-cite-wordpress-theme-icons three-columns\"><div class=\"blocks-cite-wordpress-theme-icons\"><div class=\"icons-inner\">\n<div class=\"col\"><figure class=\"wp-block-cite-wordpress-theme-icon-item wp-block-cite-wordpress-theme-icon\"><figcaption><img decoding=\"async\" src=\"https:\/\/www.weidmann-electrical.com\/wp-content\/uploads\/sites\/2\/2025\/04\/250211_0685-540x540-1.jpg\" alt=\"\" class=\"img-fluid\"\/><\/figcaption><p class=\"icon-text\"><strong><strong><strong>Innovation with purpose<\/strong><\/strong><\/strong><\/p><\/figure><\/div>\n\n\n\n<div class=\"col\"><figure class=\"wp-block-cite-wordpress-theme-icon-item wp-block-cite-wordpress-theme-icon\"><figcaption><img decoding=\"async\" src=\"https:\/\/www.weidmann-electrical.com\/wp-content\/uploads\/sites\/2\/2025\/05\/JMZ3411r-540x540-1.jpg\" alt=\"\" class=\"img-fluid\"\/><\/figcaption><p class=\"icon-text\"><strong><strong>Commitment to shared success<\/strong><\/strong><\/p><\/figure><\/div>\n\n\n\n<div class=\"col\"><figure class=\"wp-block-cite-wordpress-theme-icon-item wp-block-cite-wordpress-theme-icon\"><figcaption><img decoding=\"async\" src=\"https:\/\/www.weidmann-electrical.com\/wp-content\/uploads\/sites\/2\/2025\/04\/JMZ6326-540x540-1.jpg\" alt=\"\" class=\"img-fluid\"\/><\/figcaption><p class=\"icon-text\"><strong>Trusted quality and compliance<\/strong><\/p><\/figure><\/div>\n<\/div><\/div><\/div>\n<\/div><\/section>\n\n\n\n\n<div class=\"feature-signpost wp-block-cite-wordpress-theme-section\">\n    <div class=\"column-content\">\n        <div class=\"column-content-wrapper\">\n            <div class=\"column-content-inner\">\n                                    \n\n<h2 class=\"wp-block-heading\">Ihre Zukunft bei Weidmann<\/h2>\n\n\n\n<p>Gemeinsam f\u00f6rdern wir Zusammenarbeit und Innovation, um einen echten Beitrag zum globalen Energiesektor zu leisten. Werden Sie Teil unseres Teams \u2013 gestalten Sie mit uns L\u00f6sungen, die kritische Infrastruktur unterst\u00fctzen, die Energiewende vorantreiben und eine nachhaltigere Zukunft erm\u00f6glichen \u2013Transformator f\u00fcr Transformator. <\/p>\n\n\n\n    <div class=\"wp-block-weidmann-button-container\">\n        <div class=\"wp-block-weidmann-button secondary is-align-left\">\n            <a href=\"https:\/\/www.weidmann-electrical.com\/about\/careers\/\"\n               target=\"\"\n               class=\"wp-block-button-link\">Karriere<\/a>\n        <\/div>\n    <\/div>\n\n\n\n    <div class=\"wp-block-weidmann-link-container\">\n        <div class=\"wp-block-weidmann-link secondary is-align-left\">\n            <a href=\"https:\/\/www.weidmann-group.com\/about\/careers\/life-at-weidmann\/\"\n               target=\"\"\n               class=\"wp-block-link-target\">Arbeiten bei Weidmann<\/a>\n            <svg width=\"26\" height=\"16\" viewBox=\"0 0 26 16\" fill=\"none\" xmlns=\"http:\/\/www.w3.org\/2000\/svg\">\n                <path d=\"M1 7C0.447715 7 4.82823e-08 7.44772 0 8C-4.82823e-08 8.55228 0.447715 9 1 9L1 7ZM25.7071 8.70711C26.0976 8.31658 26.0976 7.68342 25.7071 7.2929L19.3431 0.928934C18.9526 0.538409 18.3195 0.538409 17.9289 0.928934C17.5384 1.31946 17.5384 1.95262 17.9289 2.34315L23.5858 8L17.9289 13.6569C17.5384 14.0474 17.5384 14.6805 17.9289 15.0711C18.3195 15.4616 18.9526 15.4616 19.3431 15.0711L25.7071 8.70711ZM1 9L25 9L25 7L1 7L1 9Z\"\n                      fill=\"none\"\/>\n            <\/svg>\n\n        <\/div>\n    <\/div>\n\n\n                            <\/div>\n        <\/div>\n    <\/div>\n\n    <div class=\"column-media\">\n                    <img decoding=\"async\"\n                    src=\"https:\/\/www.weidmann-electrical.com\/wp-content\/uploads\/sites\/2\/2025\/05\/250310_573_HOLLIS-TIF-300659013431440x1200-1.jpg\"\n                    alt=\"\"\n                    width=\"1920\"\n                    height=\"1200\"\n                    loading=\"lazy\"\n            >\n        \n    <\/div>\n<\/div>\n\n\n\n\n<section class=\"wp-cite-wordpress-theme-section cta-strip-section \">\n    <div class=\"container theme-section-inner\">\n        <div class=\"cta-strip-content\">\n                            <h2 class=\"cta-strip-title\">Entdecken Sie den Beitrag von Weidmann bei der Versorgung des globalen Stromnetzes<\/h2>\n            \n            <div class=\"cta-strip-cta-container\">\n                                    <div class=\"wp-block-weidmann-button-container\">\n                        <div class=\"wp-block-weidmann-button cta-strip-button secondary\">\n                            <a href=\"https:\/\/www.weidmann-electrical.com\/solutions\/\"\n                               target=\"\"\n                               class=\"wp-block-button-link cta-strip-button-link\">Unsere L\u00f6sungen<\/a>\n                        <\/div>\n                    <\/div>\n                                                    <div class=\"wp-block-weidmann-link-container\">\n                        <div class=\"wp-block-weidmann-link secondary\">\n                            <a class=\"cta-strip-link wp-block-link-target\"\n                               href=\"https:\/\/www.weidmann-electrical.com\/expertise\/weidmann-webinars\/\">Unsere Webinare ansehen                                <svg width=\"27\" height=\"16\" viewBox=\"0 0 27 16\" fill=\"none\"\n                                     xmlns=\"http:\/\/www.w3.org\/2000\/svg\">\n                                    <path d=\"M1.66406 7.24194C1.11178 7.24194 0.664063 7.68966 0.664062 8.24194C0.664062 8.79423 1.11178 9.24194 1.66406 9.24194L1.66406 7.24194ZM26.3712 8.94905C26.7617 8.55853 26.7617 7.92536 26.3712 7.53484L20.0072 1.17088C19.6167 0.780353 18.9835 0.780353 18.593 1.17088C18.2025 1.5614 18.2025 2.19457 18.593 2.58509L24.2498 8.24195L18.593 13.8988C18.2025 14.2893 18.2025 14.9225 18.593 15.313C18.9835 15.7035 19.6167 15.7035 20.0072 15.313L26.3712 8.94905ZM1.66406 9.24194L25.6641 9.24195L25.6641 7.24195L1.66406 7.24194L1.66406 9.24194Z\"\n                                          fill=\"#32BCAD\"\/>\n                                <\/svg>\n                            <\/a>\n                        <\/div>\n                    <\/div>\n                            <\/div>\n        <\/div>\n    <\/div>\n<\/section>\n\n\n\n<section class=\"wp-block-cite-wordpress-theme-section has-light-blue-base-background-color has-background has-overlapping-decoration-none has-8-padding-y-top has-8-padding-y-bottom\"><div class=\"theme-section-inner container\">\n<h2 class=\"wp-block-cite-wordpress-theme-heading has-mb-spacing-38 has-h3-font-size\" id=\"latest-from-weidmann\"><strong>Aktuelles von Weidmann<\/strong><\/h2>\n\n\n\n<div class=\"wp-block-cite-theme-dynamic-signposts three-columns\">\n\t<div class=\"dynamic-signposts-inner\">\n\t\t\n<div class=\"card-has-image\">\n    <div class=\"card signpost-card card-has-image\">\n                    <div class=\"card-images\">\n                <a href=\"https:\/\/www.weidmann-electrical.com\/de\/news\/how-to-become-a-weidmann-supplier\/\"\n                   target=\"_blank\">\n                    <img loading=\"lazy\" decoding=\"async\" src=\"https:\/\/www.weidmann-electrical.com\/wp-content\/uploads\/sites\/2\/2026\/03\/How-to-Become-a-Weidmann-Supplier-2340x1000px-740x510.jpg\" width=\"740\" height=\"510\" alt=\"\" class=\"img-fluid card-img-top card-img\">                <\/a>\n            <\/div>\n        \n        <div class=\"card-body\">\n            <li class=\"post-type\">\n                News                            <\/li>\n            <h3 class=\"signpost-card-heading\">\n                <a href=\"https:\/\/www.weidmann-electrical.com\/de\/news\/how-to-become-a-weidmann-supplier\/ \"\n                   target=\"_blank\">\n                    How to Become a Weidmann Supplier?                <\/a>\n            <\/h3>\n\n                            <ul class=\"post-meta\">\n                    \n                                            <li class=\"post-date\">22 April 2026<\/li>\n                                    <\/ul>\n                    <\/div>\n    <\/div>\n<\/div>\n\n<div class=\"card-has-image\">\n    <div class=\"card signpost-card card-has-image\">\n                    <div class=\"card-images\">\n                <a href=\"https:\/\/www.weidmann-electrical.com\/de\/news\/employee-spotlight-antun-matosevic\/\"\n                   target=\"_blank\">\n                    <img loading=\"lazy\" decoding=\"async\" src=\"https:\/\/www.weidmann-electrical.com\/wp-content\/uploads\/sites\/2\/2026\/03\/Employee-Spotlight-Antun-Matosevic-March-2026_940x700-740x510.jpg\" width=\"740\" height=\"510\" alt=\"\" class=\"img-fluid card-img-top card-img\">                <\/a>\n            <\/div>\n        \n        <div class=\"card-body\">\n            <li class=\"post-type\">\n                News                            <\/li>\n            <h3 class=\"signpost-card-heading\">\n                <a href=\"https:\/\/www.weidmann-electrical.com\/de\/news\/employee-spotlight-antun-matosevic\/ \"\n                   target=\"_blank\">\n                    Employee Spotlight: Antun Matosevic                <\/a>\n            <\/h3>\n\n                            <ul class=\"post-meta\">\n                    \n                                            <li class=\"post-date\">16 April 2026<\/li>\n                                    <\/ul>\n                    <\/div>\n    <\/div>\n<\/div>\n\n<div class=\"card-has-image\">\n    <div class=\"card signpost-card card-has-image\">\n                    <div class=\"card-images\">\n                <a href=\"https:\/\/www.weidmann-electrical.com\/de\/news\/employee-spotlight-krunoslav-sopina\/\"\n                   target=\"_blank\">\n                    <img loading=\"lazy\" decoding=\"async\" src=\"https:\/\/www.weidmann-electrical.com\/wp-content\/uploads\/sites\/2\/2026\/03\/Employee-Spotlight-Krunoslav-Sopina-March-2026_740x510-copy.jpg\" width=\"740\" height=\"510\" alt=\"\" class=\"img-fluid card-img-top card-img\">                <\/a>\n            <\/div>\n        \n        <div class=\"card-body\">\n            <li class=\"post-type\">\n                News                            <\/li>\n            <h3 class=\"signpost-card-heading\">\n                <a href=\"https:\/\/www.weidmann-electrical.com\/de\/news\/employee-spotlight-krunoslav-sopina\/ \"\n                   target=\"_blank\">\n                    Employee Spotlight: The People Behind Sustainability &#8211; Meet Krunoslav Sopina                <\/a>\n            <\/h3>\n\n                            <ul class=\"post-meta\">\n                    \n                                            <li class=\"post-date\">31 M\u00e4rz 2026<\/li>\n                                    <\/ul>\n                    <\/div>\n    <\/div>\n<\/div>\n\t<\/div>\n<\/div><\/div><\/section>\n","protected":false},"excerpt":{"rendered":"","protected":false},"author":1,"featured_media":0,"parent":0,"menu_order":0,"comment_status":"closed","ping_status":"closed","template":"","meta":{"_acf_changed":false,"footnotes":""},"class_list":["post-4372","page","type-page","status-publish","hentry"],"acf":[],"yoast_head":"<!-- This site is optimized with the Yoast SEO plugin v27.5 - https:\/\/yoast.com\/product\/yoast-seo-wordpress\/ -->\n<title>Home - Weidmann Electrical Technology<\/title>\n<meta name=\"robots\" content=\"index, follow, max-snippet:-1, max-image-preview:large, max-video-preview:-1\" \/>\n<link rel=\"canonical\" href=\"https:\/\/www.weidmann-electrical.com\/de\/\" \/>\n<meta property=\"og:locale\" content=\"de_DE\" \/>\n<meta property=\"og:type\" content=\"article\" \/>\n<meta property=\"og:title\" content=\"Home - Weidmann Electrical Technology\" \/>\n<meta property=\"og:url\" content=\"https:\/\/www.weidmann-electrical.com\/de\/\" \/>\n<meta property=\"og:site_name\" content=\"Weidmann Electrical Technology\" \/>\n<meta property=\"article:modified_time\" content=\"2026-03-20T13:11:20+00:00\" \/>\n<meta property=\"og:image\" content=\"https:\/\/www.weidmann-electrical.com\/wp-content\/uploads\/sites\/2\/2025\/04\/250211_0685-540x540-1.jpg\" \/>\n<meta name=\"twitter:card\" content=\"summary_large_image\" \/>\n<meta name=\"twitter:label1\" content=\"Est. reading time\" \/>\n\t<meta name=\"twitter:data1\" content=\"2 Minuten\" \/>\n<script type=\"application\/ld+json\" class=\"yoast-schema-graph\">{\"@context\":\"https:\\\/\\\/schema.org\",\"@graph\":[{\"@type\":\"WebPage\",\"@id\":\"https:\\\/\\\/www.weidmann-electrical.com\\\/de\\\/\",\"url\":\"https:\\\/\\\/www.weidmann-electrical.com\\\/de\\\/\",\"name\":\"Home - Weidmann Electrical Technology\",\"isPartOf\":{\"@id\":\"https:\\\/\\\/www.weidmann-electrical.com\\\/de\\\/#website\"},\"primaryImageOfPage\":{\"@id\":\"https:\\\/\\\/www.weidmann-electrical.com\\\/de\\\/#primaryimage\"},\"image\":{\"@id\":\"https:\\\/\\\/www.weidmann-electrical.com\\\/de\\\/#primaryimage\"},\"thumbnailUrl\":\"https:\\\/\\\/www.weidmann-electrical.com\\\/wp-content\\\/uploads\\\/sites\\\/2\\\/2025\\\/04\\\/250211_0685-540x540-1.jpg\",\"datePublished\":\"2024-10-29T12:13:24+00:00\",\"dateModified\":\"2026-03-20T13:11:20+00:00\",\"breadcrumb\":{\"@id\":\"https:\\\/\\\/www.weidmann-electrical.com\\\/de\\\/#breadcrumb\"},\"inLanguage\":\"de-DE\",\"potentialAction\":[{\"@type\":\"ReadAction\",\"target\":[\"https:\\\/\\\/www.weidmann-electrical.com\\\/de\\\/\"]}]},{\"@type\":\"ImageObject\",\"inLanguage\":\"de-DE\",\"@id\":\"https:\\\/\\\/www.weidmann-electrical.com\\\/de\\\/#primaryimage\",\"url\":\"https:\\\/\\\/www.weidmann-electrical.com\\\/wp-content\\\/uploads\\\/sites\\\/2\\\/2025\\\/04\\\/250211_0685-540x540-1.jpg\",\"contentUrl\":\"https:\\\/\\\/www.weidmann-electrical.com\\\/wp-content\\\/uploads\\\/sites\\\/2\\\/2025\\\/04\\\/250211_0685-540x540-1.jpg\"},{\"@type\":\"BreadcrumbList\",\"@id\":\"https:\\\/\\\/www.weidmann-electrical.com\\\/de\\\/#breadcrumb\",\"itemListElement\":[{\"@type\":\"ListItem\",\"position\":1,\"name\":\"Home\",\"item\":\"https:\\\/\\\/www.weidmann-electrical.com\\\/de\\\/\"},{\"@type\":\"ListItem\",\"position\":2,\"name\":\"Home\"}]},{\"@type\":\"WebSite\",\"@id\":\"https:\\\/\\\/www.weidmann-electrical.com\\\/de\\\/#website\",\"url\":\"https:\\\/\\\/www.weidmann-electrical.com\\\/de\\\/\",\"name\":\"Weidmann Electrical\",\"description\":\"\",\"potentialAction\":[{\"@type\":\"SearchAction\",\"target\":{\"@type\":\"EntryPoint\",\"urlTemplate\":\"https:\\\/\\\/www.weidmann-electrical.com\\\/de\\\/?s={search_term_string}\"},\"query-input\":{\"@type\":\"PropertyValueSpecification\",\"valueRequired\":true,\"valueName\":\"search_term_string\"}}],\"inLanguage\":\"de-DE\"}]}<\/script>\n<!-- \/ Yoast SEO plugin. -->","yoast_head_json":{"title":"Home - Weidmann Electrical Technology","robots":{"index":"index","follow":"follow","max-snippet":"max-snippet:-1","max-image-preview":"max-image-preview:large","max-video-preview":"max-video-preview:-1"},"canonical":"https:\/\/www.weidmann-electrical.com\/de\/","og_locale":"de_DE","og_type":"article","og_title":"Home - Weidmann Electrical Technology","og_url":"https:\/\/www.weidmann-electrical.com\/de\/","og_site_name":"Weidmann Electrical Technology","article_modified_time":"2026-03-20T13:11:20+00:00","og_image":[{"url":"https:\/\/www.weidmann-electrical.com\/wp-content\/uploads\/sites\/2\/2025\/04\/250211_0685-540x540-1.jpg","type":"","width":"","height":""}],"twitter_card":"summary_large_image","twitter_misc":{"Est. reading time":"2 Minuten"},"schema":{"@context":"https:\/\/schema.org","@graph":[{"@type":"WebPage","@id":"https:\/\/www.weidmann-electrical.com\/de\/","url":"https:\/\/www.weidmann-electrical.com\/de\/","name":"Home - Weidmann Electrical Technology","isPartOf":{"@id":"https:\/\/www.weidmann-electrical.com\/de\/#website"},"primaryImageOfPage":{"@id":"https:\/\/www.weidmann-electrical.com\/de\/#primaryimage"},"image":{"@id":"https:\/\/www.weidmann-electrical.com\/de\/#primaryimage"},"thumbnailUrl":"https:\/\/www.weidmann-electrical.com\/wp-content\/uploads\/sites\/2\/2025\/04\/250211_0685-540x540-1.jpg","datePublished":"2024-10-29T12:13:24+00:00","dateModified":"2026-03-20T13:11:20+00:00","breadcrumb":{"@id":"https:\/\/www.weidmann-electrical.com\/de\/#breadcrumb"},"inLanguage":"de-DE","potentialAction":[{"@type":"ReadAction","target":["https:\/\/www.weidmann-electrical.com\/de\/"]}]},{"@type":"ImageObject","inLanguage":"de-DE","@id":"https:\/\/www.weidmann-electrical.com\/de\/#primaryimage","url":"https:\/\/www.weidmann-electrical.com\/wp-content\/uploads\/sites\/2\/2025\/04\/250211_0685-540x540-1.jpg","contentUrl":"https:\/\/www.weidmann-electrical.com\/wp-content\/uploads\/sites\/2\/2025\/04\/250211_0685-540x540-1.jpg"},{"@type":"BreadcrumbList","@id":"https:\/\/www.weidmann-electrical.com\/de\/#breadcrumb","itemListElement":[{"@type":"ListItem","position":1,"name":"Home","item":"https:\/\/www.weidmann-electrical.com\/de\/"},{"@type":"ListItem","position":2,"name":"Home"}]},{"@type":"WebSite","@id":"https:\/\/www.weidmann-electrical.com\/de\/#website","url":"https:\/\/www.weidmann-electrical.com\/de\/","name":"Weidmann Electrical","description":"","potentialAction":[{"@type":"SearchAction","target":{"@type":"EntryPoint","urlTemplate":"https:\/\/www.weidmann-electrical.com\/de\/?s={search_term_string}"},"query-input":{"@type":"PropertyValueSpecification","valueRequired":true,"valueName":"search_term_string"}}],"inLanguage":"de-DE"}]}},"_links":{"self":[{"href":"https:\/\/www.weidmann-electrical.com\/de\/wp-json\/wp\/v2\/pages\/4372","targetHints":{"allow":["GET"]}}],"collection":[{"href":"https:\/\/www.weidmann-electrical.com\/de\/wp-json\/wp\/v2\/pages"}],"about":[{"href":"https:\/\/www.weidmann-electrical.com\/de\/wp-json\/wp\/v2\/types\/page"}],"author":[{"embeddable":true,"href":"https:\/\/www.weidmann-electrical.com\/de\/wp-json\/wp\/v2\/users\/1"}],"replies":[{"embeddable":true,"href":"https:\/\/www.weidmann-electrical.com\/de\/wp-json\/wp\/v2\/comments?post=4372"}],"version-history":[{"count":2,"href":"https:\/\/www.weidmann-electrical.com\/de\/wp-json\/wp\/v2\/pages\/4372\/revisions"}],"predecessor-version":[{"id":7307,"href":"https:\/\/www.weidmann-electrical.com\/de\/wp-json\/wp\/v2\/pages\/4372\/revisions\/7307"}],"wp:attachment":[{"href":"https:\/\/www.weidmann-electrical.com\/de\/wp-json\/wp\/v2\/media?parent=4372"}],"curies":[{"name":"wp","href":"https:\/\/api.w.org\/{rel}","templated":true}]}}