{"id":4382,"date":"2025-02-25T17:38:56","date_gmt":"2025-02-25T17:38:56","guid":{"rendered":"https:\/\/www.weidmann-electrical.com\/about\/sustainability\/"},"modified":"2025-11-11T11:21:29","modified_gmt":"2025-11-11T11:21:29","slug":"nachhaltigkeit","status":"publish","type":"page","link":"https:\/\/www.weidmann-electrical.com\/de\/uber\/nachhaltigkeit\/","title":{"rendered":"Nachhaltigkeit"},"content":{"rendered":"\n\n\n<div class=\"sub-hero wp-block-cite-wordpress-theme-section\">\n                    <img decoding=\"async\" class=\"sub-hero-image\"\n             src=\"https:\/\/www.weidmann-electrical.com\/wp-content\/uploads\/sites\/2\/2025\/05\/Solar-transformer-failure-analysis.avif\"\n             alt=\"\"\n             style=\"object-position: 50% 50%; object-fit: cover;\">\n    \n    <div class=\"sub-hero-wrapper\">\n                    \n\n<h1 class=\"wp-block-heading\">Nachhaltigkeit<\/h1>\n\n\n            <\/div>\n\n    <div class=\"sub-hero-overlay\"><\/div>\n<\/div>\n\n\n\n    <div class=\"sub-navigation is-overlapped\">\n        <ul class=\"sub-navigation-menu\">\n                            <li class=\"sub-navigation-menu-item \">\n                                            <a href=\"https:\/\/www.weidmann-electrical.com\/de\/uber\/karrieren\/\">\n                            Karriere                        <\/a>\n                                    <\/li>\n                            <li class=\"sub-navigation-menu-item \">\n                                            <a href=\"https:\/\/www.weidmann-electrical.com\/de\/uber\/leadership-team\/\">\n                            F\u00fchrungsteam                        <\/a>\n                                    <\/li>\n                            <li class=\"sub-navigation-menu-item \">\n                                            <a href=\"https:\/\/www.weidmann-electrical.com\/de\/uber\/weidmann-locations\/\">\n                            Unsere Standorte                        <\/a>\n                                    <\/li>\n                            <li class=\"sub-navigation-menu-item current-page-item\">\n                                            <a href=\"https:\/\/www.weidmann-electrical.com\/de\/uber\/nachhaltigkeit\/\">\n                            <span>Nachhaltigkeit<\/span>\n                        <\/a>\n                                    <\/li>\n                    <\/ul>\n    <\/div>\n\n\n\n<section class=\"wp-block-cite-wordpress-theme-section has-overlapping-decoration-none has-0-padding-y-top has-0-padding-y-bottom\"><div class=\"theme-section-inner container\"><div class=\"yoast-breadcrumbs\"><span><a href=\"https:\/\/www.weidmann-electrical.com\/de\/\"><svg xmlns=\"http:\/\/www.w3.org\/2000\/svg\" width=\"11\" height=\"10\" viewBox=\"0 0 11 10\" fill=\"none\">\n<path d=\"M10.9971 4.98926C10.9971 5.34075 10.7106 5.61609 10.3859 5.61609H9.77459L9.78797 8.74439C9.78797 8.79711 9.78415 8.84983 9.77841 8.90256V9.2189C9.77841 9.65046 9.43649 10 9.01433 10H8.70869C8.68768 10 8.66667 10 8.64565 9.99805C8.61891 10 8.59217 10 8.56542 10L7.9446 9.99805H7.48615C7.06399 9.99805 6.72206 9.64851 6.72206 9.21695V7.49854C6.72206 7.1529 6.4489 6.87366 6.11079 6.87366H4.88825C4.55014 6.87366 4.27698 7.1529 4.27698 7.49854V9.21695C4.27698 9.64851 3.93505 9.99805 3.51289 9.99805H2.44508C2.41643 9.99805 2.38777 9.99609 2.35912 9.99414C2.3362 9.99609 2.31328 9.99805 2.29035 9.99805H1.98472C1.56256 9.99805 1.22063 9.64851 1.22063 9.21695V7.02988C1.22063 7.0123 1.22063 6.99278 1.22254 6.9752V5.61414H0.61127C0.267431 5.61414 0 5.34075 0 4.98731C0 4.81156 0.0573066 4.65534 0.191022 4.51865L5.08692 0.156219C5.22063 0.0195274 5.37345 0 5.50716 0C5.64088 0 5.7937 0.0390549 5.90831 0.136692L10.787 4.5206C10.9398 4.65729 11.0162 4.81351 10.9971 4.98926Z\" fill=\"#DF3011\"\/>\n<\/svg><\/a> > <span><a href=\"https:\/\/www.weidmann-electrical.com\/de\/about\/\">\u00dcber uns<\/a><\/span> > <span class=\"breadcrumb_last\" aria-current=\"page\">Nachhaltigkeit<\/span><\/span><\/div><\/div><\/section>\n\n\n\n<section class=\"wp-block-cite-wordpress-theme-section heading-text-pattern has-overlapping-decoration-none has-7-padding-y-top has-4-padding-y-bottom\"><div class=\"theme-section-inner container\">\n<h2 class=\"wp-block-cite-wordpress-theme-heading has-mb-sm has-md-font-size\" id=\"why-choose-us\">Engagiert f\u00fcr eine nachhaltige Zukunft<\/h2>\n\n\n\n<p class=\"has-text-align-left\">Bei Weidmann ist Nachhaltigkeit mehr als eine Verantwortung, sie ist ein zentraler Bestandteil unseres Handelns und unseres Innovationsverst\u00e4ndnisses. Im Rahmen unseres Sustainability Managements orientieren wir uns an den Zielen f\u00fcr nachhaltige Entwicklung der Vereinten Nationen (Sustainable Development Goals), mit dem Fokus auf die Bereiche, in denen wir den gr\u00f6ssten Beitrag leisten k\u00f6nnen. <br>Unser Engagement konzentriert sich auf die SDGs 5, 7, 8, 9, 12 und 13 und treibt wirkungsvolle Ver\u00e4nderungen innerhalb unseres Unternehmens und der gesamten Branche voran.  <\/p>\n<\/div><\/section>\n\n\n\n<section class=\"wp-block-cite-wordpress-theme-section has-light-blue-base-background-color has-background has-overlapping-decoration-none has-7-padding-y-top has-7-padding-y-bottom\"><div class=\"theme-section-inner container\">\n<h3 class=\"wp-block-cite-wordpress-theme-heading has-mb-spacing-54 has-h3-font-size\" id=\"how-we-re-committed-to-sustainable-practices\">So setzen wir unser Nachhaltigkeitsversprechen um<\/h3>\n\n\n\n\n<ul class=\"product-cards-grid three-columns\">\n            <li class=\"product-card\">\n                            <figure>\n                    <img decoding=\"async\" src=\"https:\/\/www.weidmann-electrical.com\/wp-content\/uploads\/sites\/2\/2025\/05\/SDG-05-740x500-1.png\"\n                         alt=\"\">\n                <\/figure>\n                                    <h2>Geschlechter-Gleichheit<\/h2>\n                                                    <div class=\"product-card-copy\"><p>Geschlechtergleichstellung erreichen und alle Frauen und M\u00e4dchen zur Selbstbestimmung bef\u00e4higen<\/p>\n<\/div>\n                                    <\/li>\n            <li class=\"product-card\">\n                            <figure>\n                    <img decoding=\"async\" src=\"https:\/\/www.weidmann-electrical.com\/wp-content\/uploads\/sites\/2\/2025\/05\/SDG-07-740x500-1.png\"\n                         alt=\"\">\n                <\/figure>\n                                    <h2>Bezahlbare und saubere Energie<\/h2>\n                                                    <div class=\"product-card-copy\"><p>Zugang zu bezahlbarer, verl\u00e4sslicher, nachhaltiger und moderner Energie f\u00fcr alle sichern<\/p>\n<\/div>\n                                    <\/li>\n            <li class=\"product-card\">\n                            <figure>\n                    <img decoding=\"async\" src=\"https:\/\/www.weidmann-electrical.com\/wp-content\/uploads\/sites\/2\/2025\/05\/SDG-08-740x500-1.png\"\n                         alt=\"\">\n                <\/figure>\n                                    <h2>Menschenw\u00fcrdige Arbeit und Wirtschaftswachstum<\/h2>\n                                                    <div class=\"product-card-copy\"><p>Dauerhaftes, breitenwirksames und nachhaltiges Wirtschaftswachstum, produktive Vollbesch\u00e4ftigung und menschenw\u00fcrdige Arbeit f\u00fcr alle f\u00f6rdern<\/p>\n<\/div>\n                                    <\/li>\n            <li class=\"product-card\">\n                            <figure>\n                    <img decoding=\"async\" src=\"https:\/\/www.weidmann-electrical.com\/wp-content\/uploads\/sites\/2\/2025\/05\/SDG-09-740x500-1.png\"\n                         alt=\"\">\n                <\/figure>\n                                    <h2>Industrie, Innovation und Infrastruktur<\/h2>\n                                                    <div class=\"product-card-copy\"><p>Eine widerstandsf\u00e4hige Infrastruktur aufbauen, breitenwirksame und nachhaltige Industrialisierung f\u00f6rdern und Innovationen unterst\u00fctzen<\/p>\n<\/div>\n                                    <\/li>\n            <li class=\"product-card\">\n                            <figure>\n                    <img decoding=\"async\" src=\"https:\/\/www.weidmann-electrical.com\/wp-content\/uploads\/sites\/2\/2025\/05\/SDG-12-740x500-1.png\"\n                         alt=\"\">\n                <\/figure>\n                                    <h2>Nachhaltige\/r Konsum und Produktion<\/h2>\n                                                    <div class=\"product-card-copy\"><p>Nachhaltige Konsum- und Produktionsmuster sicherstellen<\/p>\n<\/div>\n                                    <\/li>\n            <li class=\"product-card\">\n                            <figure>\n                    <img decoding=\"async\" src=\"https:\/\/www.weidmann-electrical.com\/wp-content\/uploads\/sites\/2\/2025\/05\/SDG-13-740x500-1.png\"\n                         alt=\"\">\n                <\/figure>\n                                    <h2>Massnahmen zum Klimaschutz<\/h2>\n                                                    <div class=\"product-card-copy\"><p>Umgehend Massnahmen zur Bek\u00e4mpfung des Klimawandels und seiner Auswirkungen ergreifen<\/p>\n<\/div>\n                                    <\/li>\n    <\/ul>\n\n<\/div><\/section>\n\n\n\n<section class=\"wp-block-cite-wordpress-theme-section heading-text-pattern has-overlapping-decoration-none has-7-padding-y-top has-4-padding-y-bottom\"><div class=\"theme-section-inner container\">\n<h3 class=\"wp-block-cite-wordpress-theme-heading has-mb-sm has-h3-font-size\" id=\"why-choose-us\">Unsere Vision<\/h3>\n\n\n\n<p class=\"has-text-align-left\">Wir sind ein weltweit t\u00e4tiges Familienunternehmen, dessen nachhaltiges und verantwortungsbewusstes Handeln zu verbesserten Lebensstandards beitr\u00e4gt. <\/p>\n\n\n\n<p>In unseren Gesch\u00e4ftsbereichen sind wir Technologie- und Marktf\u00fchrer. Innovationen sowie die kontinuierliche Optimierung unserer Prozesse, Produkte und Dienstleistungen machen uns zum bevorzugten Partner unserer Kunden. <\/p>\n\n\n\n<p>Wir sind ein attraktiver Arbeitgeber mit einer werteorientierten Unternehmenskultur, die auf Vertrauen, Wertsch\u00e4tzung und kontinuierlicher Weiterentwicklung basiert.<\/p>\n<\/div><\/section>\n\n\n\n<section class=\"wp-block-cite-wordpress-theme-section has-overlapping-decoration-none has-7-padding-y-top has-8-padding-y-bottom\"><div class=\"theme-section-inner container\">\n<figure class=\"wp-block-video\"><video height=\"1400\" style=\"aspect-ratio: 1080 \/ 1400;\" width=\"1080\" controls src=\"https:\/\/www.weidmann-electrical.com\/wp-content\/uploads\/sites\/2\/2025\/10\/Weidmann-EcoVadis-Sliver-Medal-Updated.mp4\" playsinline><\/video><\/figure>\n<\/div><\/section>\n\n\n\n<section class=\"wp-block-cite-wordpress-theme-section has-light-blue-base-background-color has-background has-overlapping-decoration-none has-8-padding-y-top has-8-padding-y-bottom\"><div class=\"theme-section-inner container\">\n<h2 class=\"wp-block-cite-wordpress-theme-heading has-mb-spacing-38 has-h3-font-size\" id=\"latest-from-weidmann\"><strong>Aktuelles von Weidmann<\/strong><\/h2>\n\n\n\n<div class=\"wp-block-cite-theme-dynamic-signposts three-columns\">\n\t<div class=\"dynamic-signposts-inner\">\n\t\t\n<div class=\"card-has-image\">\n    <div class=\"card signpost-card card-has-image\">\n                    <div class=\"card-images\">\n                <a href=\"https:\/\/www.weidmann-electrical.com\/de\/news\/employee-spotlight-antun-matosevic\/\"\n                   target=\"_blank\">\n                    <img loading=\"lazy\" decoding=\"async\" src=\"https:\/\/www.weidmann-electrical.com\/wp-content\/uploads\/sites\/2\/2026\/03\/Employee-Spotlight-Antun-Matosevic-March-2026_940x700-740x510.jpg\" width=\"740\" height=\"510\" alt=\"\" class=\"img-fluid card-img-top card-img\">                <\/a>\n            <\/div>\n        \n        <div class=\"card-body\">\n            <li class=\"post-type\">\n                News                            <\/li>\n            <h3 class=\"signpost-card-heading\">\n                <a href=\"https:\/\/www.weidmann-electrical.com\/de\/news\/employee-spotlight-antun-matosevic\/ \"\n                   target=\"_blank\">\n                    Employee Spotlight: Antun Matosevic                <\/a>\n            <\/h3>\n\n                            <ul class=\"post-meta\">\n                    \n                                            <li class=\"post-date\">16 April 2026<\/li>\n                                    <\/ul>\n                    <\/div>\n    <\/div>\n<\/div>\n\n<div class=\"card-has-image\">\n    <div class=\"card signpost-card card-has-image\">\n                    <div class=\"card-images\">\n                <a href=\"https:\/\/www.weidmann-electrical.com\/de\/news\/employee-spotlight-krunoslav-sopina\/\"\n                   target=\"_blank\">\n                    <img loading=\"lazy\" decoding=\"async\" src=\"https:\/\/www.weidmann-electrical.com\/wp-content\/uploads\/sites\/2\/2026\/03\/Employee-Spotlight-Krunoslav-Sopina-March-2026_740x510-copy.jpg\" width=\"740\" height=\"510\" alt=\"\" class=\"img-fluid card-img-top card-img\">                <\/a>\n            <\/div>\n        \n        <div class=\"card-body\">\n            <li class=\"post-type\">\n                News                            <\/li>\n            <h3 class=\"signpost-card-heading\">\n                <a href=\"https:\/\/www.weidmann-electrical.com\/de\/news\/employee-spotlight-krunoslav-sopina\/ \"\n                   target=\"_blank\">\n                    Employee Spotlight: The People Behind Sustainability &#8211; Meet Krunoslav Sopina                <\/a>\n            <\/h3>\n\n                            <ul class=\"post-meta\">\n                    \n                                            <li class=\"post-date\">31 M\u00e4rz 2026<\/li>\n                                    <\/ul>\n                    <\/div>\n    <\/div>\n<\/div>\n\n<div class=\"card-has-image\">\n    <div class=\"card signpost-card card-has-image\">\n                    <div class=\"card-images\">\n                <a href=\"https:\/\/www.weidmann-electrical.com\/de\/news\/employee-spotlight-lie-xiao\/\"\n                   target=\"_blank\">\n                    <img loading=\"lazy\" decoding=\"async\" src=\"https:\/\/www.weidmann-electrical.com\/wp-content\/uploads\/sites\/2\/2026\/02\/Employee-Spotlight-Lie-Xiao_Feb-2026_740x510.V2.jpg\" width=\"740\" height=\"510\" alt=\"\" class=\"img-fluid card-img-top card-img\">                <\/a>\n            <\/div>\n        \n        <div class=\"card-body\">\n            <li class=\"post-type\">\n                News                            <\/li>\n            <h3 class=\"signpost-card-heading\">\n                <a href=\"https:\/\/www.weidmann-electrical.com\/de\/news\/employee-spotlight-lie-xiao\/ \"\n                   target=\"_blank\">\n                    Employee Spotlight: Lie Xiao                <\/a>\n            <\/h3>\n\n                            <ul class=\"post-meta\">\n                    \n                                            <li class=\"post-date\">17 Februar 2026<\/li>\n                                    <\/ul>\n                    <\/div>\n    <\/div>\n<\/div>\n\t<\/div>\n<\/div><\/div><\/section>\n","protected":false},"excerpt":{"rendered":"","protected":false},"author":7,"featured_media":0,"parent":4374,"menu_order":0,"comment_status":"closed","ping_status":"closed","template":"","meta":{"_acf_changed":false,"footnotes":""},"class_list":["post-4382","page","type-page","status-publish","hentry"],"acf":[],"yoast_head":"<!-- This site is optimized with the Yoast SEO plugin v27.4 - https:\/\/yoast.com\/product\/yoast-seo-wordpress\/ -->\n<title>Nachhaltigkeit - Weidmann Electrical Technology<\/title>\n<meta name=\"robots\" content=\"index, follow, max-snippet:-1, max-image-preview:large, max-video-preview:-1\" \/>\n<link rel=\"canonical\" href=\"https:\/\/www.weidmann-electrical.com\/de\/uber\/nachhaltigkeit\/\" \/>\n<meta property=\"og:locale\" content=\"de_DE\" \/>\n<meta property=\"og:type\" content=\"article\" \/>\n<meta property=\"og:title\" content=\"Nachhaltigkeit - Weidmann Electrical Technology\" \/>\n<meta property=\"og:url\" content=\"https:\/\/www.weidmann-electrical.com\/de\/uber\/nachhaltigkeit\/\" \/>\n<meta property=\"og:site_name\" content=\"Weidmann Electrical Technology\" \/>\n<meta property=\"article:modified_time\" content=\"2025-11-11T11:21:29+00:00\" \/>\n<meta name=\"twitter:card\" content=\"summary_large_image\" \/>\n<meta name=\"twitter:label1\" content=\"Est. reading time\" \/>\n\t<meta name=\"twitter:data1\" content=\"1 Minute\" \/>\n<script type=\"application\/ld+json\" class=\"yoast-schema-graph\">{\"@context\":\"https:\\\/\\\/schema.org\",\"@graph\":[{\"@type\":\"WebPage\",\"@id\":\"https:\\\/\\\/www.weidmann-electrical.com\\\/de\\\/uber\\\/nachhaltigkeit\\\/\",\"url\":\"https:\\\/\\\/www.weidmann-electrical.com\\\/de\\\/uber\\\/nachhaltigkeit\\\/\",\"name\":\"Nachhaltigkeit - Weidmann Electrical Technology\",\"isPartOf\":{\"@id\":\"https:\\\/\\\/www.weidmann-electrical.com\\\/de\\\/#website\"},\"datePublished\":\"2025-02-25T17:38:56+00:00\",\"dateModified\":\"2025-11-11T11:21:29+00:00\",\"breadcrumb\":{\"@id\":\"https:\\\/\\\/www.weidmann-electrical.com\\\/de\\\/uber\\\/nachhaltigkeit\\\/#breadcrumb\"},\"inLanguage\":\"de-DE\",\"potentialAction\":[{\"@type\":\"ReadAction\",\"target\":[\"https:\\\/\\\/www.weidmann-electrical.com\\\/de\\\/uber\\\/nachhaltigkeit\\\/\"]}]},{\"@type\":\"BreadcrumbList\",\"@id\":\"https:\\\/\\\/www.weidmann-electrical.com\\\/de\\\/uber\\\/nachhaltigkeit\\\/#breadcrumb\",\"itemListElement\":[{\"@type\":\"ListItem\",\"position\":1,\"name\":\"Home\",\"item\":\"https:\\\/\\\/www.weidmann-electrical.com\\\/de\\\/\"},{\"@type\":\"ListItem\",\"position\":2,\"name\":\"\u00dcber uns\",\"item\":\"https:\\\/\\\/www.weidmann-electrical.com\\\/de\\\/about\\\/\"},{\"@type\":\"ListItem\",\"position\":3,\"name\":\"Nachhaltigkeit\"}]},{\"@type\":\"WebSite\",\"@id\":\"https:\\\/\\\/www.weidmann-electrical.com\\\/de\\\/#website\",\"url\":\"https:\\\/\\\/www.weidmann-electrical.com\\\/de\\\/\",\"name\":\"Weidmann Electrical\",\"description\":\"\",\"potentialAction\":[{\"@type\":\"SearchAction\",\"target\":{\"@type\":\"EntryPoint\",\"urlTemplate\":\"https:\\\/\\\/www.weidmann-electrical.com\\\/de\\\/?s={search_term_string}\"},\"query-input\":{\"@type\":\"PropertyValueSpecification\",\"valueRequired\":true,\"valueName\":\"search_term_string\"}}],\"inLanguage\":\"de-DE\"}]}<\/script>\n<!-- \/ Yoast SEO plugin. -->","yoast_head_json":{"title":"Nachhaltigkeit - Weidmann Electrical Technology","robots":{"index":"index","follow":"follow","max-snippet":"max-snippet:-1","max-image-preview":"max-image-preview:large","max-video-preview":"max-video-preview:-1"},"canonical":"https:\/\/www.weidmann-electrical.com\/de\/uber\/nachhaltigkeit\/","og_locale":"de_DE","og_type":"article","og_title":"Nachhaltigkeit - Weidmann Electrical Technology","og_url":"https:\/\/www.weidmann-electrical.com\/de\/uber\/nachhaltigkeit\/","og_site_name":"Weidmann Electrical Technology","article_modified_time":"2025-11-11T11:21:29+00:00","twitter_card":"summary_large_image","twitter_misc":{"Est. reading time":"1 Minute"},"schema":{"@context":"https:\/\/schema.org","@graph":[{"@type":"WebPage","@id":"https:\/\/www.weidmann-electrical.com\/de\/uber\/nachhaltigkeit\/","url":"https:\/\/www.weidmann-electrical.com\/de\/uber\/nachhaltigkeit\/","name":"Nachhaltigkeit - Weidmann Electrical Technology","isPartOf":{"@id":"https:\/\/www.weidmann-electrical.com\/de\/#website"},"datePublished":"2025-02-25T17:38:56+00:00","dateModified":"2025-11-11T11:21:29+00:00","breadcrumb":{"@id":"https:\/\/www.weidmann-electrical.com\/de\/uber\/nachhaltigkeit\/#breadcrumb"},"inLanguage":"de-DE","potentialAction":[{"@type":"ReadAction","target":["https:\/\/www.weidmann-electrical.com\/de\/uber\/nachhaltigkeit\/"]}]},{"@type":"BreadcrumbList","@id":"https:\/\/www.weidmann-electrical.com\/de\/uber\/nachhaltigkeit\/#breadcrumb","itemListElement":[{"@type":"ListItem","position":1,"name":"Home","item":"https:\/\/www.weidmann-electrical.com\/de\/"},{"@type":"ListItem","position":2,"name":"\u00dcber uns","item":"https:\/\/www.weidmann-electrical.com\/de\/about\/"},{"@type":"ListItem","position":3,"name":"Nachhaltigkeit"}]},{"@type":"WebSite","@id":"https:\/\/www.weidmann-electrical.com\/de\/#website","url":"https:\/\/www.weidmann-electrical.com\/de\/","name":"Weidmann Electrical","description":"","potentialAction":[{"@type":"SearchAction","target":{"@type":"EntryPoint","urlTemplate":"https:\/\/www.weidmann-electrical.com\/de\/?s={search_term_string}"},"query-input":{"@type":"PropertyValueSpecification","valueRequired":true,"valueName":"search_term_string"}}],"inLanguage":"de-DE"}]}},"_links":{"self":[{"href":"https:\/\/www.weidmann-electrical.com\/de\/wp-json\/wp\/v2\/pages\/4382","targetHints":{"allow":["GET"]}}],"collection":[{"href":"https:\/\/www.weidmann-electrical.com\/de\/wp-json\/wp\/v2\/pages"}],"about":[{"href":"https:\/\/www.weidmann-electrical.com\/de\/wp-json\/wp\/v2\/types\/page"}],"author":[{"embeddable":true,"href":"https:\/\/www.weidmann-electrical.com\/de\/wp-json\/wp\/v2\/users\/7"}],"replies":[{"embeddable":true,"href":"https:\/\/www.weidmann-electrical.com\/de\/wp-json\/wp\/v2\/comments?post=4382"}],"version-history":[{"count":0,"href":"https:\/\/www.weidmann-electrical.com\/de\/wp-json\/wp\/v2\/pages\/4382\/revisions"}],"up":[{"embeddable":true,"href":"https:\/\/www.weidmann-electrical.com\/de\/wp-json\/wp\/v2\/pages\/4374"}],"wp:attachment":[{"href":"https:\/\/www.weidmann-electrical.com\/de\/wp-json\/wp\/v2\/media?parent=4382"}],"curies":[{"name":"wp","href":"https:\/\/api.w.org\/{rel}","templated":true}]}}