{"id":4404,"date":"2024-10-24T10:00:07","date_gmt":"2024-10-24T10:00:07","guid":{"rendered":"https:\/\/www.weidmann-electrical.com\/products\/"},"modified":"2026-04-24T14:12:35","modified_gmt":"2026-04-24T14:12:35","slug":"products","status":"publish","type":"page","link":"https:\/\/www.weidmann-electrical.com\/de\/products\/","title":{"rendered":"Produkte"},"content":{"rendered":"\n\n\n<div class=\"sub-hero wp-block-cite-wordpress-theme-section\">\n                    <img decoding=\"async\" class=\"sub-hero-image\"\n             src=\"https:\/\/www.weidmann-electrical.com\/wp-content\/uploads\/sites\/2\/2025\/04\/Ringscheibe_Detail2_A_DL_ET_prod_hero-1-scaled.jpg\"\n             alt=\"\"\n             style=\"object-position: 50% 50%; object-fit: cover;\">\n    \n    <div class=\"sub-hero-wrapper\">\n                    \n\n<h1 class=\"wp-block-heading\">Produkte<\/h1>\n\n\n            <\/div>\n\n    <div class=\"sub-hero-overlay\"><\/div>\n<\/div>\n\n    <div class=\"sub-navigation is-overlapped\">\n        <ul class=\"sub-navigation-menu\">\n                            <li class=\"sub-navigation-menu-item \">\n                                            <a href=\"https:\/\/www.weidmann-electrical.com\/de\/products\/transformerboard\/\">\n                            Transformerboard                        <\/a>\n                                    <\/li>\n                            <li class=\"sub-navigation-menu-item \">\n                                            <a href=\"https:\/\/www.weidmann-electrical.com\/de\/products\/isolierpapier\/\">\n                            Isolationspapier                        <\/a>\n                                    <\/li>\n                            <li class=\"sub-navigation-menu-item \">\n                                            <a href=\"https:\/\/www.weidmann-electrical.com\/de\/products\/insulation-components\/\">\n                            Isolationskomponenten                        <\/a>\n                                    <\/li>\n                            <li class=\"sub-navigation-menu-item \">\n                                            <a href=\"https:\/\/www.weidmann-electrical.com\/de\/products\/transformer-accessories\/\">\n                            Transformatorenzubeh\u00f6r                        <\/a>\n                                    <\/li>\n                    <\/ul>\n    <\/div>\n\n<section class=\"wp-block-cite-wordpress-theme-section has-overlapping-decoration-none has-0-padding-y-top has-0-padding-y-bottom\"><div class=\"theme-section-inner container\"><div class=\"yoast-breadcrumbs\"><span><a href=\"https:\/\/www.weidmann-electrical.com\/de\/\"><svg xmlns=\"http:\/\/www.w3.org\/2000\/svg\" width=\"11\" height=\"10\" viewBox=\"0 0 11 10\" fill=\"none\">\n<path d=\"M10.9971 4.98926C10.9971 5.34075 10.7106 5.61609 10.3859 5.61609H9.77459L9.78797 8.74439C9.78797 8.79711 9.78415 8.84983 9.77841 8.90256V9.2189C9.77841 9.65046 9.43649 10 9.01433 10H8.70869C8.68768 10 8.66667 10 8.64565 9.99805C8.61891 10 8.59217 10 8.56542 10L7.9446 9.99805H7.48615C7.06399 9.99805 6.72206 9.64851 6.72206 9.21695V7.49854C6.72206 7.1529 6.4489 6.87366 6.11079 6.87366H4.88825C4.55014 6.87366 4.27698 7.1529 4.27698 7.49854V9.21695C4.27698 9.64851 3.93505 9.99805 3.51289 9.99805H2.44508C2.41643 9.99805 2.38777 9.99609 2.35912 9.99414C2.3362 9.99609 2.31328 9.99805 2.29035 9.99805H1.98472C1.56256 9.99805 1.22063 9.64851 1.22063 9.21695V7.02988C1.22063 7.0123 1.22063 6.99278 1.22254 6.9752V5.61414H0.61127C0.267431 5.61414 0 5.34075 0 4.98731C0 4.81156 0.0573066 4.65534 0.191022 4.51865L5.08692 0.156219C5.22063 0.0195274 5.37345 0 5.50716 0C5.64088 0 5.7937 0.0390549 5.90831 0.136692L10.787 4.5206C10.9398 4.65729 11.0162 4.81351 10.9971 4.98926Z\" fill=\"#DF3011\"\/>\n<\/svg><\/a> > <span class=\"breadcrumb_last\" aria-current=\"page\">Produkte<\/span><\/span><\/div><\/div><\/section>\n\n<section class=\"wp-block-cite-wordpress-theme-section heading-text-pattern has-overlapping-decoration-none has-7-padding-y-top has-4-padding-y-bottom\"><div class=\"theme-section-inner container\">\n<h2 class=\"wp-block-cite-wordpress-theme-heading has-mb-sm has-h2-font-size\" id=\"why-choose-us\">Isolationstechnologie auf Weltklasseniveau<\/h2>\n\n\n\n<p class=\"has-text-align-left\">Weidmann ist der weltweit f\u00fchrend Spezialist von Isolationsmaterialien f\u00fcr den Energietransformatorenbau, mit einer global verf\u00fcgbaren Fertigungspr\u00e4senz nahe bei unseren Kunden und einem aus hochwertigsten Materialien bestehenden vollst\u00e4ndigen Produktsortiment f\u00fcr Leistungs- und Verteilungstransformatoren.<\/p>\n<\/div><\/section>\n\n<section class=\"wp-block-cite-wordpress-theme-section has-light-blue-base-background-color has-background has-overlapping-decoration-none has-0-padding-y-top has-0-padding-y-bottom\"><div class=\"theme-section-inner container\">\n<div class=\"wp-block-cite-wordpress-theme-alternating-columns\">\n<div class=\"wp-block-cite-wordpress-theme-alternating-column image-text has-image \">\n\n    \n        <div class=\"column-media align-items-center justify-content-center\">\n                                            <img decoding=\"async\" src=\"https:\/\/www.weidmann-electrical.com\/wp-content\/uploads\/sites\/2\/2025\/05\/ET_prod_TB.jpg\" alt=\"\"\n                     style=\"object-position: 50% 50%;\">\n                    <\/div>\n\n    \n    <div class=\"column-content d-flex align-items-center justify-content-center\">\n        <div>\n            \n\n<h2 class=\"wp-block-heading has-h-2-font-size\">Transformerboard<\/h2>\n\n\n\n<p>Mit seinen Isolationskomponenten aus Transformerboard setzt Weidmann den Branchenstandard. Vertrauen Sie die Performance Ihres Leistungstransformators unserem hochwertigen Transformerboard-Produktsortiment an. <\/p>\n\n\n\n    <div class=\"wp-block-weidmann-link-container\">\n        <div class=\"wp-block-weidmann-link primary is-align-left\">\n            <a href=\"https:\/\/www.weidmann-electrical.com\/de\/products\/transformerboard\/\"\n               target=\"\"\n               class=\"wp-block-link-target\">Unsere Produkte<\/a>\n            <svg width=\"26\" height=\"16\" viewBox=\"0 0 26 16\" fill=\"none\" xmlns=\"http:\/\/www.w3.org\/2000\/svg\">\n                <path d=\"M1 7C0.447715 7 4.82823e-08 7.44772 0 8C-4.82823e-08 8.55228 0.447715 9 1 9L1 7ZM25.7071 8.70711C26.0976 8.31658 26.0976 7.68342 25.7071 7.2929L19.3431 0.928934C18.9526 0.538409 18.3195 0.538409 17.9289 0.928934C17.5384 1.31946 17.5384 1.95262 17.9289 2.34315L23.5858 8L17.9289 13.6569C17.5384 14.0474 17.5384 14.6805 17.9289 15.0711C18.3195 15.4616 18.9526 15.4616 19.3431 15.0711L25.7071 8.70711ZM1 9L25 9L25 7L1 7L1 9Z\"\n                      fill=\"none\"\/>\n            <\/svg>\n\n        <\/div>\n    <\/div>\n\n        <\/div>\n    <\/div>\n\n<\/div>\n\n\n\n<div class=\"wp-block-cite-wordpress-theme-alternating-column image-text reverse has-image \">\n\n    \n        <div class=\"column-media align-items-center justify-content-center\">\n                                            <img decoding=\"async\" src=\"https:\/\/www.weidmann-electrical.com\/wp-content\/uploads\/sites\/2\/2025\/05\/Paper-1400x1200-1.jpg\" alt=\"\"\n                     style=\"object-position: 50% 50%;\">\n                    <\/div>\n\n    \n    <div class=\"column-content d-flex align-items-center justify-content-center\">\n        <div>\n            \n\n<h2 class=\"wp-block-heading\">Papier<\/h2>\n\n\n\n<p>Unabh\u00e4ngig von der Anwendung verbessert das fortschrittliche Papiersortiment von Weidmann die Zuverl\u00e4ssigkeit und Effizienz Ihrer Transformatorisolierung und senkt gleichzeitig Ihre Gesamtkosten.<\/p>\n\n\n\n    <div class=\"wp-block-weidmann-link-container\">\n        <div class=\"wp-block-weidmann-link primary is-align-left\">\n            <a href=\"https:\/\/www.weidmann-electrical.com\/de\/products\/isolierpapier\/\"\n               target=\"\"\n               class=\"wp-block-link-target\">Unsere Produkte<\/a>\n            <svg width=\"26\" height=\"16\" viewBox=\"0 0 26 16\" fill=\"none\" xmlns=\"http:\/\/www.w3.org\/2000\/svg\">\n                <path d=\"M1 7C0.447715 7 4.82823e-08 7.44772 0 8C-4.82823e-08 8.55228 0.447715 9 1 9L1 7ZM25.7071 8.70711C26.0976 8.31658 26.0976 7.68342 25.7071 7.2929L19.3431 0.928934C18.9526 0.538409 18.3195 0.538409 17.9289 0.928934C17.5384 1.31946 17.5384 1.95262 17.9289 2.34315L23.5858 8L17.9289 13.6569C17.5384 14.0474 17.5384 14.6805 17.9289 15.0711C18.3195 15.4616 18.9526 15.4616 19.3431 15.0711L25.7071 8.70711ZM1 9L25 9L25 7L1 7L1 9Z\"\n                      fill=\"none\"\/>\n            <\/svg>\n\n        <\/div>\n    <\/div>\n\n        <\/div>\n    <\/div>\n\n<\/div>\n<\/div>\n\n\n\n<div class=\"wp-block-cite-wordpress-theme-alternating-columns\">\n<div class=\"wp-block-cite-wordpress-theme-alternating-column image-text has-image \">\n\n    \n        <div class=\"column-media align-items-center justify-content-center\">\n                                            <img decoding=\"async\" src=\"https:\/\/www.weidmann-electrical.com\/wp-content\/uploads\/sites\/2\/2025\/05\/Components-1400x1200-1.jpg\" alt=\"\"\n                     style=\"object-position: 50% 50%;\">\n                    <\/div>\n\n    \n    <div class=\"column-content d-flex align-items-center justify-content-center\">\n        <div>\n            \n\n<h2 class=\"wp-block-heading\">Komponenten<\/h2>\n\n\n\n<p>Weidmann liefert die weltweit modernsten Transformator-Isolationskomponenten f\u00fcr Hochtemperaturanwendungen \u2013 sowohl auf Zellulosebasis als auch aus nicht-zellulosehaltigen Materialien.<\/p>\n\n\n\n    <div class=\"wp-block-weidmann-link-container\">\n        <div class=\"wp-block-weidmann-link primary is-align-left\">\n            <a href=\"https:\/\/www.weidmann-electrical.com\/de\/products\/insulation-components\/\"\n               target=\"\"\n               class=\"wp-block-link-target\">Unsere Produkte<\/a>\n            <svg width=\"26\" height=\"16\" viewBox=\"0 0 26 16\" fill=\"none\" xmlns=\"http:\/\/www.w3.org\/2000\/svg\">\n                <path d=\"M1 7C0.447715 7 4.82823e-08 7.44772 0 8C-4.82823e-08 8.55228 0.447715 9 1 9L1 7ZM25.7071 8.70711C26.0976 8.31658 26.0976 7.68342 25.7071 7.2929L19.3431 0.928934C18.9526 0.538409 18.3195 0.538409 17.9289 0.928934C17.5384 1.31946 17.5384 1.95262 17.9289 2.34315L23.5858 8L17.9289 13.6569C17.5384 14.0474 17.5384 14.6805 17.9289 15.0711C18.3195 15.4616 18.9526 15.4616 19.3431 15.0711L25.7071 8.70711ZM1 9L25 9L25 7L1 7L1 9Z\"\n                      fill=\"none\"\/>\n            <\/svg>\n\n        <\/div>\n    <\/div>\n\n        <\/div>\n    <\/div>\n\n<\/div>\n\n\n\n<div class=\"wp-block-cite-wordpress-theme-alternating-column image-text reverse has-image \">\n\n    \n        <div class=\"column-media align-items-center justify-content-center\">\n                                            <img decoding=\"async\" src=\"https:\/\/www.weidmann-electrical.com\/wp-content\/uploads\/sites\/2\/2025\/05\/Transformer-Accessories-1400x1200-1.jpg\" alt=\"\"\n                     style=\"object-position: 50% 50%;\">\n                    <\/div>\n\n    \n    <div class=\"column-content d-flex align-items-center justify-content-center\">\n        <div>\n            \n\n<h2 class=\"wp-block-heading\">Transformator-Zubeh\u00f6r<\/h2>\n\n\n\n<p>Weidmann bietet seinen Kunden ein umfassendes Sortiment an hochwertigen Isoliermaterialien, Produkten, Steuerungen, Messinstrumenten und L\u00f6sungen f\u00fcr das Fluid- und Str\u00f6mungsmanagement an.<\/p>\n\n\n\n    <div class=\"wp-block-weidmann-link-container\">\n        <div class=\"wp-block-weidmann-link primary is-align-left\">\n            <a href=\"https:\/\/www.weidmann-electrical.com\/de\/products\/transformer-accessories\/\"\n               target=\"\"\n               class=\"wp-block-link-target\">Unsere Produkte<\/a>\n            <svg width=\"26\" height=\"16\" viewBox=\"0 0 26 16\" fill=\"none\" xmlns=\"http:\/\/www.w3.org\/2000\/svg\">\n                <path d=\"M1 7C0.447715 7 4.82823e-08 7.44772 0 8C-4.82823e-08 8.55228 0.447715 9 1 9L1 7ZM25.7071 8.70711C26.0976 8.31658 26.0976 7.68342 25.7071 7.2929L19.3431 0.928934C18.9526 0.538409 18.3195 0.538409 17.9289 0.928934C17.5384 1.31946 17.5384 1.95262 17.9289 2.34315L23.5858 8L17.9289 13.6569C17.5384 14.0474 17.5384 14.6805 17.9289 15.0711C18.3195 15.4616 18.9526 15.4616 19.3431 15.0711L25.7071 8.70711ZM1 9L25 9L25 7L1 7L1 9Z\"\n                      fill=\"none\"\/>\n            <\/svg>\n\n        <\/div>\n    <\/div>\n\n        <\/div>\n    <\/div>\n\n<\/div>\n<\/div>\n<\/div><\/section>\n\n<section class=\"wp-block-cite-wordpress-theme-section has-light-blue-base-background-color has-background has-overlapping-decoration-none has-0-padding-y-top has-0-padding-y-bottom\"><div class=\"theme-section-inner container\"><\/div><\/section>\n\n\n<section class=\"wp-cite-wordpress-theme-section cta-strip-section \">\n    <div class=\"container theme-section-inner\">\n        <div class=\"cta-strip-content\">\n                            <h2 class=\"cta-strip-title\">M\u00f6chten Sie mehr \u00fcber unsere technischen Dienstleistungen erfahren?<\/h2>\n            \n            <div class=\"cta-strip-cta-container\">\n                                    <div class=\"wp-block-weidmann-button-container\">\n                        <div class=\"wp-block-weidmann-button cta-strip-button secondary\">\n                            <a href=\"https:\/\/www.weidmann-electrical.com\/de\/kompetenz\/\"\n                               target=\"\"\n                               class=\"wp-block-button-link cta-strip-button-link\">Besuchen Sie unseren technischen Bereich<\/a>\n                        <\/div>\n                    <\/div>\n                                                    <div class=\"wp-block-weidmann-link-container\">\n                        <div class=\"wp-block-weidmann-link secondary\">\n                            <a class=\"cta-strip-link wp-block-link-target\"\n                               href=\"https:\/\/www.weidmann-electrical.com\/de\/kontakt\/\">Kontakt aufnehmen                                <svg width=\"27\" height=\"16\" viewBox=\"0 0 27 16\" fill=\"none\"\n                                     xmlns=\"http:\/\/www.w3.org\/2000\/svg\">\n                                    <path d=\"M1.66406 7.24194C1.11178 7.24194 0.664063 7.68966 0.664062 8.24194C0.664062 8.79423 1.11178 9.24194 1.66406 9.24194L1.66406 7.24194ZM26.3712 8.94905C26.7617 8.55853 26.7617 7.92536 26.3712 7.53484L20.0072 1.17088C19.6167 0.780353 18.9835 0.780353 18.593 1.17088C18.2025 1.5614 18.2025 2.19457 18.593 2.58509L24.2498 8.24195L18.593 13.8988C18.2025 14.2893 18.2025 14.9225 18.593 15.313C18.9835 15.7035 19.6167 15.7035 20.0072 15.313L26.3712 8.94905ZM1.66406 9.24194L25.6641 9.24195L25.6641 7.24195L1.66406 7.24194L1.66406 9.24194Z\"\n                                          fill=\"#32BCAD\"\/>\n                                <\/svg>\n                            <\/a>\n                        <\/div>\n                    <\/div>\n                            <\/div>\n        <\/div>\n    <\/div>\n<\/section>\n\n<section class=\"wp-block-cite-wordpress-theme-section has-light-blue-base-background-color has-background has-overlapping-decoration-none has-8-padding-y-top has-8-padding-y-bottom\"><div class=\"theme-section-inner container\">\n<h2 class=\"wp-block-cite-wordpress-theme-heading has-mb-spacing-38 has-h3-font-size\" id=\"latest-from-weidmann\"><strong>Aktuelles von Weidmann<\/strong><\/h2>\n\n\n\n<div class=\"wp-block-cite-theme-dynamic-signposts three-columns\">\n\t<div class=\"dynamic-signposts-inner\">\n\t\t\n<div class=\"card-has-image\">\n    <div class=\"card signpost-card card-has-image\">\n                    <div class=\"card-images\">\n                <a href=\"https:\/\/www.weidmann-electrical.com\/de\/news\/optimizing-transformer-insulation-systems\/\"\n                   target=\"_blank\">\n                    <img loading=\"lazy\" decoding=\"async\" src=\"https:\/\/www.weidmann-electrical.com\/wp-content\/uploads\/sites\/2\/2026\/03\/Optimized-Insulation-740x510-px.jpg\" width=\"740\" height=\"510\" alt=\"Optimized transformer insulation\" class=\"img-fluid card-img-top card-img\">                <\/a>\n            <\/div>\n        \n        <div class=\"card-body\">\n            <li class=\"post-type\">\n                News                            <\/li>\n            <h3 class=\"signpost-card-heading\">\n                <a href=\"https:\/\/www.weidmann-electrical.com\/de\/news\/optimizing-transformer-insulation-systems\/ \"\n                   target=\"_blank\">\n                    Optimizing Transformer Insulation Systems for Performance, Cost, and Supply Efficiency                <\/a>\n            <\/h3>\n\n                            <ul class=\"post-meta\">\n                    \n                                            <li class=\"post-date\">26 M\u00e4rz 2026<\/li>\n                                    <\/ul>\n                    <\/div>\n    <\/div>\n<\/div>\n\n<div class=\"card-has-image\">\n    <div class=\"card signpost-card card-has-image\">\n                    <div class=\"card-images\">\n                <a href=\"https:\/\/www.weidmann-electrical.com\/de\/news\/optimized-insulation-for-data-center-transformers\/\"\n                   target=\"_blank\">\n                    <img loading=\"lazy\" decoding=\"async\" width=\"740\" height=\"510\" src=\"https:\/\/www.weidmann-electrical.com\/wp-content\/uploads\/sites\/2\/2025\/11\/Data-Center_Website-Header-2340x1000_Nov2025_opt1-740x510.jpg\" class=\"img-fluid card-img-top card-img wp-post-image\" alt=\"\" \/>                <\/a>\n            <\/div>\n        \n        <div class=\"card-body\">\n            <li class=\"post-type\">\n                News                            <\/li>\n            <h3 class=\"signpost-card-heading\">\n                <a href=\"https:\/\/www.weidmann-electrical.com\/de\/news\/optimized-insulation-for-data-center-transformers\/ \"\n                   target=\"_blank\">\n                    Optimized Insulation for Data Center Transformers                <\/a>\n            <\/h3>\n\n                            <ul class=\"post-meta\">\n                    \n                                            <li class=\"post-date\">28 November 2025<\/li>\n                                    <\/ul>\n                    <\/div>\n    <\/div>\n<\/div>\n\n<div class=\"card-has-image\">\n    <div class=\"card signpost-card card-has-image\">\n                    <div class=\"card-images\">\n                <a href=\"https:\/\/www.weidmann-electrical.com\/de\/news\/paper-covered-winding-wires\/\"\n                   target=\"_blank\">\n                    <img loading=\"lazy\" decoding=\"async\" src=\"https:\/\/www.weidmann-electrical.com\/wp-content\/uploads\/sites\/2\/2025\/11\/InsulationPapers_Thumb_740x510_Opt2_Oct2025.jpg\" width=\"740\" height=\"510\" alt=\"Transformer Insulation Paper\" class=\"img-fluid card-img-top card-img\">                <\/a>\n            <\/div>\n        \n        <div class=\"card-body\">\n            <li class=\"post-type\">\n                News                            <\/li>\n            <h3 class=\"signpost-card-heading\">\n                <a href=\"https:\/\/www.weidmann-electrical.com\/de\/news\/paper-covered-winding-wires\/ \"\n                   target=\"_blank\">\n                    Power You Can Count On: Paper-Covered Winding Wires for Reliable Transformers                <\/a>\n            <\/h3>\n\n                            <ul class=\"post-meta\">\n                    \n                                            <li class=\"post-date\">05 November 2025<\/li>\n                                    <\/ul>\n                    <\/div>\n    <\/div>\n<\/div>\n\t<\/div>\n<\/div><\/div><\/section>\n","protected":false},"excerpt":{"rendered":"","protected":false},"author":1,"featured_media":0,"parent":0,"menu_order":0,"comment_status":"closed","ping_status":"closed","template":"","meta":{"_acf_changed":false,"footnotes":""},"class_list":["post-4404","page","type-page","status-publish","hentry"],"acf":[],"yoast_head":"<!-- This site is optimized with the Yoast SEO plugin v27.4 - https:\/\/yoast.com\/product\/yoast-seo-wordpress\/ -->\n<title>Produkte - Weidmann Electrical Technology<\/title>\n<meta name=\"robots\" content=\"index, follow, max-snippet:-1, max-image-preview:large, max-video-preview:-1\" \/>\n<link rel=\"canonical\" href=\"https:\/\/www.weidmann-electrical.com\/de\/products\/\" \/>\n<meta property=\"og:locale\" content=\"de_DE\" \/>\n<meta property=\"og:type\" content=\"article\" \/>\n<meta property=\"og:title\" content=\"Produkte - Weidmann Electrical Technology\" \/>\n<meta property=\"og:url\" content=\"https:\/\/www.weidmann-electrical.com\/de\/products\/\" \/>\n<meta property=\"og:site_name\" content=\"Weidmann Electrical Technology\" \/>\n<meta property=\"article:modified_time\" content=\"2026-04-24T14:12:35+00:00\" \/>\n<meta name=\"twitter:card\" content=\"summary_large_image\" \/>\n<meta name=\"twitter:label1\" content=\"Est. reading time\" \/>\n\t<meta name=\"twitter:data1\" content=\"1 Minute\" \/>\n<script type=\"application\/ld+json\" class=\"yoast-schema-graph\">{\"@context\":\"https:\\\/\\\/schema.org\",\"@graph\":[{\"@type\":\"WebPage\",\"@id\":\"https:\\\/\\\/www.weidmann-electrical.com\\\/de\\\/products\\\/\",\"url\":\"https:\\\/\\\/www.weidmann-electrical.com\\\/de\\\/products\\\/\",\"name\":\"Produkte - Weidmann Electrical Technology\",\"isPartOf\":{\"@id\":\"https:\\\/\\\/www.weidmann-electrical.com\\\/de\\\/#website\"},\"datePublished\":\"2024-10-24T10:00:07+00:00\",\"dateModified\":\"2026-04-24T14:12:35+00:00\",\"breadcrumb\":{\"@id\":\"https:\\\/\\\/www.weidmann-electrical.com\\\/de\\\/products\\\/#breadcrumb\"},\"inLanguage\":\"de-DE\",\"potentialAction\":[{\"@type\":\"ReadAction\",\"target\":[\"https:\\\/\\\/www.weidmann-electrical.com\\\/de\\\/products\\\/\"]}]},{\"@type\":\"BreadcrumbList\",\"@id\":\"https:\\\/\\\/www.weidmann-electrical.com\\\/de\\\/products\\\/#breadcrumb\",\"itemListElement\":[{\"@type\":\"ListItem\",\"position\":1,\"name\":\"Home\",\"item\":\"https:\\\/\\\/www.weidmann-electrical.com\\\/de\\\/\"},{\"@type\":\"ListItem\",\"position\":2,\"name\":\"Produkte\"}]},{\"@type\":\"WebSite\",\"@id\":\"https:\\\/\\\/www.weidmann-electrical.com\\\/de\\\/#website\",\"url\":\"https:\\\/\\\/www.weidmann-electrical.com\\\/de\\\/\",\"name\":\"Weidmann Electrical\",\"description\":\"\",\"potentialAction\":[{\"@type\":\"SearchAction\",\"target\":{\"@type\":\"EntryPoint\",\"urlTemplate\":\"https:\\\/\\\/www.weidmann-electrical.com\\\/de\\\/?s={search_term_string}\"},\"query-input\":{\"@type\":\"PropertyValueSpecification\",\"valueRequired\":true,\"valueName\":\"search_term_string\"}}],\"inLanguage\":\"de-DE\"}]}<\/script>\n<!-- \/ Yoast SEO plugin. -->","yoast_head_json":{"title":"Produkte - Weidmann Electrical Technology","robots":{"index":"index","follow":"follow","max-snippet":"max-snippet:-1","max-image-preview":"max-image-preview:large","max-video-preview":"max-video-preview:-1"},"canonical":"https:\/\/www.weidmann-electrical.com\/de\/products\/","og_locale":"de_DE","og_type":"article","og_title":"Produkte - Weidmann Electrical Technology","og_url":"https:\/\/www.weidmann-electrical.com\/de\/products\/","og_site_name":"Weidmann Electrical Technology","article_modified_time":"2026-04-24T14:12:35+00:00","twitter_card":"summary_large_image","twitter_misc":{"Est. reading time":"1 Minute"},"schema":{"@context":"https:\/\/schema.org","@graph":[{"@type":"WebPage","@id":"https:\/\/www.weidmann-electrical.com\/de\/products\/","url":"https:\/\/www.weidmann-electrical.com\/de\/products\/","name":"Produkte - Weidmann Electrical Technology","isPartOf":{"@id":"https:\/\/www.weidmann-electrical.com\/de\/#website"},"datePublished":"2024-10-24T10:00:07+00:00","dateModified":"2026-04-24T14:12:35+00:00","breadcrumb":{"@id":"https:\/\/www.weidmann-electrical.com\/de\/products\/#breadcrumb"},"inLanguage":"de-DE","potentialAction":[{"@type":"ReadAction","target":["https:\/\/www.weidmann-electrical.com\/de\/products\/"]}]},{"@type":"BreadcrumbList","@id":"https:\/\/www.weidmann-electrical.com\/de\/products\/#breadcrumb","itemListElement":[{"@type":"ListItem","position":1,"name":"Home","item":"https:\/\/www.weidmann-electrical.com\/de\/"},{"@type":"ListItem","position":2,"name":"Produkte"}]},{"@type":"WebSite","@id":"https:\/\/www.weidmann-electrical.com\/de\/#website","url":"https:\/\/www.weidmann-electrical.com\/de\/","name":"Weidmann Electrical","description":"","potentialAction":[{"@type":"SearchAction","target":{"@type":"EntryPoint","urlTemplate":"https:\/\/www.weidmann-electrical.com\/de\/?s={search_term_string}"},"query-input":{"@type":"PropertyValueSpecification","valueRequired":true,"valueName":"search_term_string"}}],"inLanguage":"de-DE"}]}},"_links":{"self":[{"href":"https:\/\/www.weidmann-electrical.com\/de\/wp-json\/wp\/v2\/pages\/4404","targetHints":{"allow":["GET"]}}],"collection":[{"href":"https:\/\/www.weidmann-electrical.com\/de\/wp-json\/wp\/v2\/pages"}],"about":[{"href":"https:\/\/www.weidmann-electrical.com\/de\/wp-json\/wp\/v2\/types\/page"}],"author":[{"embeddable":true,"href":"https:\/\/www.weidmann-electrical.com\/de\/wp-json\/wp\/v2\/users\/1"}],"replies":[{"embeddable":true,"href":"https:\/\/www.weidmann-electrical.com\/de\/wp-json\/wp\/v2\/comments?post=4404"}],"version-history":[{"count":1,"href":"https:\/\/www.weidmann-electrical.com\/de\/wp-json\/wp\/v2\/pages\/4404\/revisions"}],"predecessor-version":[{"id":7298,"href":"https:\/\/www.weidmann-electrical.com\/de\/wp-json\/wp\/v2\/pages\/4404\/revisions\/7298"}],"wp:attachment":[{"href":"https:\/\/www.weidmann-electrical.com\/de\/wp-json\/wp\/v2\/media?parent=4404"}],"curies":[{"name":"wp","href":"https:\/\/api.w.org\/{rel}","templated":true}]}}