{"id":4409,"date":"2025-04-05T09:51:25","date_gmt":"2025-04-05T09:51:25","guid":{"rendered":"https:\/\/www.weidmann-electrical.com\/products\/transferboards\/laminated-board\/"},"modified":"2026-04-15T16:00:12","modified_gmt":"2026-04-15T16:00:12","slug":"laminated-board","status":"publish","type":"page","link":"https:\/\/www.weidmann-electrical.com\/de\/products\/transformerboard\/laminated-board\/","title":{"rendered":"Laminated Board"},"content":{"rendered":"\n\n\n<div class=\"sub-hero wp-block-cite-wordpress-theme-section\">\n                    <img decoding=\"async\" class=\"sub-hero-image\"\n             src=\"https:\/\/www.weidmann-electrical.com\/wp-content\/uploads\/sites\/2\/2025\/04\/T-4-laminated-on-pallet-scaled.jpg\"\n             alt=\"\"\n             style=\"object-position: 50% 50%; object-fit: cover;\">\n    \n    <div class=\"sub-hero-wrapper\">\n                    \n\n<h1 class=\"wp-block-heading\">Laminated Board<\/h1>\n\n\n            <\/div>\n\n    <div class=\"sub-hero-overlay\"><\/div>\n<\/div>\n\n\n\n    <div class=\"sub-navigation is-overlapped\">\n        <ul class=\"sub-navigation-menu\">\n                            <li class=\"sub-navigation-menu-item current-page-item\">\n                                            <a href=\"https:\/\/www.weidmann-electrical.com\/de\/products\/transformerboard\/\">\n                            <span>Transformerboard<\/span>\n                        <\/a>\n                                    <\/li>\n                            <li class=\"sub-navigation-menu-item \">\n                                            <a href=\"https:\/\/www.weidmann-electrical.com\/de\/products\/isolierpapier\/\">\n                            Isolationspapier                        <\/a>\n                                    <\/li>\n                            <li class=\"sub-navigation-menu-item \">\n                                            <a href=\"https:\/\/www.weidmann-electrical.com\/de\/products\/insulation-components\/\">\n                            Isolationskomponenten                        <\/a>\n                                    <\/li>\n                            <li class=\"sub-navigation-menu-item \">\n                                            <a href=\"https:\/\/www.weidmann-electrical.com\/de\/products\/transformer-accessories\/\">\n                            Transformatorenzubeh\u00f6r                        <\/a>\n                                    <\/li>\n                    <\/ul>\n    <\/div>\n\n\n\n<section class=\"wp-block-cite-wordpress-theme-section has-overlapping-decoration-none has-0-padding-y-top has-0-padding-y-bottom\"><div class=\"theme-section-inner container\"><div class=\"yoast-breadcrumbs\"><span><a href=\"https:\/\/www.weidmann-electrical.com\/de\/\"><svg xmlns=\"http:\/\/www.w3.org\/2000\/svg\" width=\"11\" height=\"10\" viewBox=\"0 0 11 10\" fill=\"none\">\n<path d=\"M10.9971 4.98926C10.9971 5.34075 10.7106 5.61609 10.3859 5.61609H9.77459L9.78797 8.74439C9.78797 8.79711 9.78415 8.84983 9.77841 8.90256V9.2189C9.77841 9.65046 9.43649 10 9.01433 10H8.70869C8.68768 10 8.66667 10 8.64565 9.99805C8.61891 10 8.59217 10 8.56542 10L7.9446 9.99805H7.48615C7.06399 9.99805 6.72206 9.64851 6.72206 9.21695V7.49854C6.72206 7.1529 6.4489 6.87366 6.11079 6.87366H4.88825C4.55014 6.87366 4.27698 7.1529 4.27698 7.49854V9.21695C4.27698 9.64851 3.93505 9.99805 3.51289 9.99805H2.44508C2.41643 9.99805 2.38777 9.99609 2.35912 9.99414C2.3362 9.99609 2.31328 9.99805 2.29035 9.99805H1.98472C1.56256 9.99805 1.22063 9.64851 1.22063 9.21695V7.02988C1.22063 7.0123 1.22063 6.99278 1.22254 6.9752V5.61414H0.61127C0.267431 5.61414 0 5.34075 0 4.98731C0 4.81156 0.0573066 4.65534 0.191022 4.51865L5.08692 0.156219C5.22063 0.0195274 5.37345 0 5.50716 0C5.64088 0 5.7937 0.0390549 5.90831 0.136692L10.787 4.5206C10.9398 4.65729 11.0162 4.81351 10.9971 4.98926Z\" fill=\"#DF3011\"\/>\n<\/svg><\/a> > <span><a href=\"https:\/\/www.weidmann-electrical.com\/de\/products\/\">Produkte<\/a><\/span> > <span><a href=\"https:\/\/www.weidmann-electrical.com\/de\/products\/transformerboard\/\">Transformerboard<\/a><\/span> > <span class=\"breadcrumb_last\" aria-current=\"page\">Laminated Board<\/span><\/span><\/div><\/div><\/section>\n\n\n\n<section class=\"wp-block-cite-wordpress-theme-section has-overlapping-decoration-none has-7-padding-y-top has-7-padding-y-bottom\"><div class=\"theme-section-inner container\">\n<section class=\"wp-block-cite-wordpress-theme-section has-overlapping-decoration-none has-0-padding-y-top has-0-padding-y-bottom\"><div class=\"theme-section-inner container\">\n<div class=\"wp-block-columns is-layout-flex wp-container-core-columns-is-layout-9d6595d7 wp-block-columns-is-layout-flex\">\n<div class=\"wp-block-column is-layout-flow wp-block-column-is-layout-flow\" style=\"flex-basis:66.66%\">\n<h2 class=\"wp-block-cite-wordpress-theme-heading has-mb-spacing-38 has-h2-font-size\" id=\"about-laminated-transformerboard-1\">\u00dcber Laminated Transformerboard<\/h2>\n\n\n\n<p>Laminiertes Transformerboard wird weltweit gem\u00e4ss internationalen Standards hergestellt, unter Verwendung hochwertiger Platten und Klebstoffe, um die Dicke zu erh\u00f6hen und gleichzeitig h\u00f6chste elektrische und mechanische Festigkeit zu gew\u00e4hrleisten. Es handelt sich um ein hochdichtes Material mit einer typischen Dichte von 1,30\u202fg\/cm\u00b3. <\/p>\n\n\n\n<p>Durch die Laminierung von heissgepresstem Transformerboard entstehen Dicken oberhalb des Standards von 8,0\u202fmm:Der dickenbereich geht von 9,0\u202fmm bis 200,0\u202fmm. Zum Einsatz kommen \u00fcberwiegend Kasein- und Polyesterharzkleber; Kasein ist wasserl\u00f6slich, Polyesterharz nicht. <\/p>\n\n\n\n<p>Laminiertes Transformerboard wird gem\u00e4ss IEC-Norm 60763-3-1, Typen LB3.1.1 und 3.1.2 hergestellt. Die verwendeten Klebstoffe sind vorwiegend wasserl\u00f6sliches Kasein und nicht-wasserl\u00f6sliches Polyesterharz. Die Dichte von laminiertem Transformerboard T4 betr\u00e4gt maximal 1,30\u202fg\/cm\u00b3.   <\/p>\n<\/div>\n\n\n\n<div class=\"wp-block-column is-layout-flow wp-block-column-is-layout-flow\" style=\"flex-basis:33.33%\">\n<aside class=\"pullout\">\n            <h2 class=\"pullout--title\">Einsatzbereich<\/h2>\n    \n            <div class=\"pullout--content\">\n            <ul>\n<li>Druckringe<\/li>\n<li>Statische Ringe<\/li>\n<li>Strips<\/li>\n<li>Bl\u00f6cke<\/li>\n<li>Tr\u00e4ger<\/li>\n<\/ul>\n        <\/div>\n    \n<\/aside>\n<\/div>\n<\/div>\n<\/div><\/section>\n<\/div><\/section>\n\n\n\n<section class=\"wp-block-cite-wordpress-theme-section has-light-blue-base-background-color has-background has-overlapping-decoration-none has-7-padding-y-top has-7-padding-y-bottom\"><div class=\"theme-section-inner container\">\n<h2 class=\"wp-block-cite-wordpress-theme-heading has-mb-spacing-54 has-h3-font-size has-text-align-center\" id=\"why-choose-us\"><strong>Hauptmerkmale<\/strong><\/h2>\n\n\n\n<div class=\"wp-block-cite-wordpress-theme-icons three-columns\"><div class=\"blocks-cite-wordpress-theme-icons\"><div class=\"icons-inner\">\n<div class=\"col\"><figure class=\"wp-block-cite-wordpress-theme-icon-item wp-block-cite-wordpress-theme-icon\"><figcaption><img decoding=\"async\" src=\"https:\/\/www.weidmann-electrical.com\/wp-content\/uploads\/sites\/2\/2025\/04\/icon-tick-electrical.svg\" alt=\"\" class=\"img-fluid\"\/><\/figcaption><p class=\"icon-text\">High mechanical and electrical strength<\/p><\/figure><\/div>\n\n\n\n<div class=\"col\"><figure class=\"wp-block-cite-wordpress-theme-icon-item wp-block-cite-wordpress-theme-icon\"><figcaption><img decoding=\"async\" src=\"https:\/\/www.weidmann-electrical.com\/wp-content\/uploads\/sites\/2\/2025\/04\/icon-tick-electrical.svg\" alt=\"\" class=\"img-fluid\"\/><\/figcaption><p class=\"icon-text\">Free from metallic particles<\/p><\/figure><\/div>\n\n\n\n<div class=\"col\"><figure class=\"wp-block-cite-wordpress-theme-icon-item wp-block-cite-wordpress-theme-icon\"><figcaption><img decoding=\"async\" src=\"https:\/\/www.weidmann-electrical.com\/wp-content\/uploads\/sites\/2\/2025\/04\/icon-tick-electrical.svg\" alt=\"\" class=\"img-fluid\"\/><\/figcaption><p class=\"icon-text\">Higher chemical purity compared to laminated wood<\/p><\/figure><\/div>\n<\/div><\/div><\/div>\n<\/div><\/section>\n\n\n\n\n<section class=\"wp-cite-wordpress-theme-section cta-strip-section \">\n    <div class=\"container theme-section-inner\">\n        <div class=\"cta-strip-content\">\n                            <h2 class=\"cta-strip-title\">M\u00f6chten Sie mehr \u00fcber Laminated Board erfahren?<\/h2>\n            \n            <div class=\"cta-strip-cta-container\">\n                                    <div class=\"wp-block-weidmann-button-container\">\n                        <div class=\"wp-block-weidmann-button cta-strip-button secondary\">\n                            <a href=\"https:\/\/www.weidmann-electrical.com\/de\/kontakt\/\"\n                               target=\"\"\n                               class=\"wp-block-button-link cta-strip-button-link\">Kontaktieren Sie uns<\/a>\n                        <\/div>\n                    <\/div>\n                                                    <div class=\"wp-block-weidmann-link-container\">\n                        <div class=\"wp-block-weidmann-link secondary\">\n                            <a class=\"cta-strip-link wp-block-link-target\"\n                               href=\"https:\/\/www.weidmann-electrical.com\/de\/kompetenz\/weidmann-webinars\/\">Unsere Webinare ansehen                                <svg width=\"27\" height=\"16\" viewBox=\"0 0 27 16\" fill=\"none\"\n                                     xmlns=\"http:\/\/www.w3.org\/2000\/svg\">\n                                    <path d=\"M1.66406 7.24194C1.11178 7.24194 0.664063 7.68966 0.664062 8.24194C0.664062 8.79423 1.11178 9.24194 1.66406 9.24194L1.66406 7.24194ZM26.3712 8.94905C26.7617 8.55853 26.7617 7.92536 26.3712 7.53484L20.0072 1.17088C19.6167 0.780353 18.9835 0.780353 18.593 1.17088C18.2025 1.5614 18.2025 2.19457 18.593 2.58509L24.2498 8.24195L18.593 13.8988C18.2025 14.2893 18.2025 14.9225 18.593 15.313C18.9835 15.7035 19.6167 15.7035 20.0072 15.313L26.3712 8.94905ZM1.66406 9.24194L25.6641 9.24195L25.6641 7.24195L1.66406 7.24194L1.66406 9.24194Z\"\n                                          fill=\"#32BCAD\"\/>\n                                <\/svg>\n                            <\/a>\n                        <\/div>\n                    <\/div>\n                            <\/div>\n        <\/div>\n    <\/div>\n<\/section>\n\n\n\n<section class=\"wp-block-cite-wordpress-theme-section has-light-blue-base-background-color has-background has-overlapping-decoration-none has-8-padding-y-top has-8-padding-y-bottom\"><div class=\"theme-section-inner container\">\n<h2 class=\"wp-block-cite-wordpress-theme-heading has-mb-spacing-38 has-h3-font-size\" id=\"related-products\"><strong>\u00c4hnliche Produkte<\/strong><\/h2>\n\n\n\n\n<ul class=\"product-cards-grid three-columns\">\n            <li class=\"product-card\">\n                            <figure>\n                    <a class=\"d-block\" href=\"https:\/\/www.weidmann-electrical.com\/de\/products\/transformerboard\/t4-transformerboard\/\"\n                       target=\"_self\">\n                        <img decoding=\"async\" src=\"https:\/\/www.weidmann-electrical.com\/wp-content\/uploads\/sites\/2\/2025\/05\/T4-Transformerboard-High-Density-740x500-1.jpg\"\n                             alt=\"\">\n                                                    <h2>T4 Transformerboard High Density<\/h2>\n                                                                    <\/a>\n                <\/figure>\n                    <\/li>\n            <li class=\"product-card\">\n                            <figure>\n                    <a class=\"d-block\" href=\"https:\/\/www.weidmann-electrical.com\/de\/products\/transformerboard\/transformerboard-low-density\/\"\n                       target=\"_self\">\n                        <img decoding=\"async\" src=\"https:\/\/www.weidmann-electrical.com\/wp-content\/uploads\/sites\/2\/2025\/06\/Transformerboard-Low-Density-740x500-2.jpg\"\n                             alt=\"\">\n                                                    <h2>Transformerboard Low Density<\/h2>\n                                                                    <\/a>\n                <\/figure>\n                    <\/li>\n            <li class=\"product-card\">\n                            <figure>\n                    <a class=\"d-block\" href=\"https:\/\/www.weidmann-electrical.com\/de\/products\/transformerboard\/high-temperature-aramid-board\/\"\n                       target=\"_self\">\n                        <img decoding=\"async\" src=\"https:\/\/www.weidmann-electrical.com\/wp-content\/uploads\/sites\/2\/2025\/05\/High-Temperature-Aramid-Board-740x500-1.jpg\"\n                             alt=\"\">\n                                                    <h2>High Temperature Aramid Board<\/h2>\n                                                                    <\/a>\n                <\/figure>\n                    <\/li>\n    <\/ul>\n\n<\/div><\/section>\n","protected":false},"excerpt":{"rendered":"","protected":false},"author":7,"featured_media":0,"parent":4405,"menu_order":0,"comment_status":"closed","ping_status":"closed","template":"","meta":{"_acf_changed":false,"footnotes":""},"class_list":["post-4409","page","type-page","status-publish","hentry"],"acf":[],"yoast_head":"<!-- This site is optimized with the Yoast SEO plugin v27.4 - https:\/\/yoast.com\/product\/yoast-seo-wordpress\/ -->\n<title>Laminated Board - Weidmann Electrical Technology<\/title>\n<meta name=\"robots\" content=\"index, follow, max-snippet:-1, max-image-preview:large, max-video-preview:-1\" \/>\n<link rel=\"canonical\" href=\"https:\/\/www.weidmann-electrical.com\/de\/products\/transformerboard\/laminated-board\/\" \/>\n<meta property=\"og:locale\" content=\"de_DE\" \/>\n<meta property=\"og:type\" content=\"article\" \/>\n<meta property=\"og:title\" content=\"Laminated Board - Weidmann Electrical Technology\" \/>\n<meta property=\"og:url\" content=\"https:\/\/www.weidmann-electrical.com\/de\/products\/transformerboard\/laminated-board\/\" \/>\n<meta property=\"og:site_name\" content=\"Weidmann Electrical Technology\" \/>\n<meta property=\"article:modified_time\" content=\"2026-04-15T16:00:12+00:00\" \/>\n<meta property=\"og:image\" content=\"https:\/\/www.weidmann-electrical.com\/wp-content\/uploads\/sites\/2\/2025\/04\/icon-tick-electrical.svg\" \/>\n<meta name=\"twitter:card\" content=\"summary_large_image\" \/>\n<meta name=\"twitter:label1\" content=\"Est. reading time\" \/>\n\t<meta name=\"twitter:data1\" content=\"2 Minuten\" \/>\n<script type=\"application\/ld+json\" class=\"yoast-schema-graph\">{\"@context\":\"https:\\\/\\\/schema.org\",\"@graph\":[{\"@type\":\"WebPage\",\"@id\":\"https:\\\/\\\/www.weidmann-electrical.com\\\/de\\\/products\\\/transformerboard\\\/laminated-board\\\/\",\"url\":\"https:\\\/\\\/www.weidmann-electrical.com\\\/de\\\/products\\\/transformerboard\\\/laminated-board\\\/\",\"name\":\"Laminated Board - Weidmann Electrical Technology\",\"isPartOf\":{\"@id\":\"https:\\\/\\\/www.weidmann-electrical.com\\\/de\\\/#website\"},\"primaryImageOfPage\":{\"@id\":\"https:\\\/\\\/www.weidmann-electrical.com\\\/de\\\/products\\\/transformerboard\\\/laminated-board\\\/#primaryimage\"},\"image\":{\"@id\":\"https:\\\/\\\/www.weidmann-electrical.com\\\/de\\\/products\\\/transformerboard\\\/laminated-board\\\/#primaryimage\"},\"thumbnailUrl\":\"https:\\\/\\\/www.weidmann-electrical.com\\\/wp-content\\\/uploads\\\/sites\\\/2\\\/2025\\\/04\\\/icon-tick-electrical.svg\",\"datePublished\":\"2025-04-05T09:51:25+00:00\",\"dateModified\":\"2026-04-15T16:00:12+00:00\",\"breadcrumb\":{\"@id\":\"https:\\\/\\\/www.weidmann-electrical.com\\\/de\\\/products\\\/transformerboard\\\/laminated-board\\\/#breadcrumb\"},\"inLanguage\":\"de-DE\",\"potentialAction\":[{\"@type\":\"ReadAction\",\"target\":[\"https:\\\/\\\/www.weidmann-electrical.com\\\/de\\\/products\\\/transformerboard\\\/laminated-board\\\/\"]}]},{\"@type\":\"ImageObject\",\"inLanguage\":\"de-DE\",\"@id\":\"https:\\\/\\\/www.weidmann-electrical.com\\\/de\\\/products\\\/transformerboard\\\/laminated-board\\\/#primaryimage\",\"url\":\"https:\\\/\\\/www.weidmann-electrical.com\\\/wp-content\\\/uploads\\\/sites\\\/2\\\/2025\\\/04\\\/icon-tick-electrical.svg\",\"contentUrl\":\"https:\\\/\\\/www.weidmann-electrical.com\\\/wp-content\\\/uploads\\\/sites\\\/2\\\/2025\\\/04\\\/icon-tick-electrical.svg\"},{\"@type\":\"BreadcrumbList\",\"@id\":\"https:\\\/\\\/www.weidmann-electrical.com\\\/de\\\/products\\\/transformerboard\\\/laminated-board\\\/#breadcrumb\",\"itemListElement\":[{\"@type\":\"ListItem\",\"position\":1,\"name\":\"Home\",\"item\":\"https:\\\/\\\/www.weidmann-electrical.com\\\/de\\\/\"},{\"@type\":\"ListItem\",\"position\":2,\"name\":\"Produkte\",\"item\":\"https:\\\/\\\/www.weidmann-electrical.com\\\/de\\\/products\\\/\"},{\"@type\":\"ListItem\",\"position\":3,\"name\":\"Transformerboard\",\"item\":\"https:\\\/\\\/www.weidmann-electrical.com\\\/de\\\/products\\\/transformerboard\\\/\"},{\"@type\":\"ListItem\",\"position\":4,\"name\":\"Laminated Board\"}]},{\"@type\":\"WebSite\",\"@id\":\"https:\\\/\\\/www.weidmann-electrical.com\\\/de\\\/#website\",\"url\":\"https:\\\/\\\/www.weidmann-electrical.com\\\/de\\\/\",\"name\":\"Weidmann Electrical\",\"description\":\"\",\"potentialAction\":[{\"@type\":\"SearchAction\",\"target\":{\"@type\":\"EntryPoint\",\"urlTemplate\":\"https:\\\/\\\/www.weidmann-electrical.com\\\/de\\\/?s={search_term_string}\"},\"query-input\":{\"@type\":\"PropertyValueSpecification\",\"valueRequired\":true,\"valueName\":\"search_term_string\"}}],\"inLanguage\":\"de-DE\"}]}<\/script>\n<!-- \/ Yoast SEO plugin. -->","yoast_head_json":{"title":"Laminated Board - Weidmann Electrical Technology","robots":{"index":"index","follow":"follow","max-snippet":"max-snippet:-1","max-image-preview":"max-image-preview:large","max-video-preview":"max-video-preview:-1"},"canonical":"https:\/\/www.weidmann-electrical.com\/de\/products\/transformerboard\/laminated-board\/","og_locale":"de_DE","og_type":"article","og_title":"Laminated Board - Weidmann Electrical Technology","og_url":"https:\/\/www.weidmann-electrical.com\/de\/products\/transformerboard\/laminated-board\/","og_site_name":"Weidmann Electrical Technology","article_modified_time":"2026-04-15T16:00:12+00:00","og_image":[{"url":"https:\/\/www.weidmann-electrical.com\/wp-content\/uploads\/sites\/2\/2025\/04\/icon-tick-electrical.svg","type":"","width":"","height":""}],"twitter_card":"summary_large_image","twitter_misc":{"Est. reading time":"2 Minuten"},"schema":{"@context":"https:\/\/schema.org","@graph":[{"@type":"WebPage","@id":"https:\/\/www.weidmann-electrical.com\/de\/products\/transformerboard\/laminated-board\/","url":"https:\/\/www.weidmann-electrical.com\/de\/products\/transformerboard\/laminated-board\/","name":"Laminated Board - Weidmann Electrical Technology","isPartOf":{"@id":"https:\/\/www.weidmann-electrical.com\/de\/#website"},"primaryImageOfPage":{"@id":"https:\/\/www.weidmann-electrical.com\/de\/products\/transformerboard\/laminated-board\/#primaryimage"},"image":{"@id":"https:\/\/www.weidmann-electrical.com\/de\/products\/transformerboard\/laminated-board\/#primaryimage"},"thumbnailUrl":"https:\/\/www.weidmann-electrical.com\/wp-content\/uploads\/sites\/2\/2025\/04\/icon-tick-electrical.svg","datePublished":"2025-04-05T09:51:25+00:00","dateModified":"2026-04-15T16:00:12+00:00","breadcrumb":{"@id":"https:\/\/www.weidmann-electrical.com\/de\/products\/transformerboard\/laminated-board\/#breadcrumb"},"inLanguage":"de-DE","potentialAction":[{"@type":"ReadAction","target":["https:\/\/www.weidmann-electrical.com\/de\/products\/transformerboard\/laminated-board\/"]}]},{"@type":"ImageObject","inLanguage":"de-DE","@id":"https:\/\/www.weidmann-electrical.com\/de\/products\/transformerboard\/laminated-board\/#primaryimage","url":"https:\/\/www.weidmann-electrical.com\/wp-content\/uploads\/sites\/2\/2025\/04\/icon-tick-electrical.svg","contentUrl":"https:\/\/www.weidmann-electrical.com\/wp-content\/uploads\/sites\/2\/2025\/04\/icon-tick-electrical.svg"},{"@type":"BreadcrumbList","@id":"https:\/\/www.weidmann-electrical.com\/de\/products\/transformerboard\/laminated-board\/#breadcrumb","itemListElement":[{"@type":"ListItem","position":1,"name":"Home","item":"https:\/\/www.weidmann-electrical.com\/de\/"},{"@type":"ListItem","position":2,"name":"Produkte","item":"https:\/\/www.weidmann-electrical.com\/de\/products\/"},{"@type":"ListItem","position":3,"name":"Transformerboard","item":"https:\/\/www.weidmann-electrical.com\/de\/products\/transformerboard\/"},{"@type":"ListItem","position":4,"name":"Laminated Board"}]},{"@type":"WebSite","@id":"https:\/\/www.weidmann-electrical.com\/de\/#website","url":"https:\/\/www.weidmann-electrical.com\/de\/","name":"Weidmann Electrical","description":"","potentialAction":[{"@type":"SearchAction","target":{"@type":"EntryPoint","urlTemplate":"https:\/\/www.weidmann-electrical.com\/de\/?s={search_term_string}"},"query-input":{"@type":"PropertyValueSpecification","valueRequired":true,"valueName":"search_term_string"}}],"inLanguage":"de-DE"}]}},"_links":{"self":[{"href":"https:\/\/www.weidmann-electrical.com\/de\/wp-json\/wp\/v2\/pages\/4409","targetHints":{"allow":["GET"]}}],"collection":[{"href":"https:\/\/www.weidmann-electrical.com\/de\/wp-json\/wp\/v2\/pages"}],"about":[{"href":"https:\/\/www.weidmann-electrical.com\/de\/wp-json\/wp\/v2\/types\/page"}],"author":[{"embeddable":true,"href":"https:\/\/www.weidmann-electrical.com\/de\/wp-json\/wp\/v2\/users\/7"}],"replies":[{"embeddable":true,"href":"https:\/\/www.weidmann-electrical.com\/de\/wp-json\/wp\/v2\/comments?post=4409"}],"version-history":[{"count":2,"href":"https:\/\/www.weidmann-electrical.com\/de\/wp-json\/wp\/v2\/pages\/4409\/revisions"}],"predecessor-version":[{"id":7762,"href":"https:\/\/www.weidmann-electrical.com\/de\/wp-json\/wp\/v2\/pages\/4409\/revisions\/7762"}],"up":[{"embeddable":true,"href":"https:\/\/www.weidmann-electrical.com\/de\/wp-json\/wp\/v2\/pages\/4405"}],"wp:attachment":[{"href":"https:\/\/www.weidmann-electrical.com\/de\/wp-json\/wp\/v2\/media?parent=4409"}],"curies":[{"name":"wp","href":"https:\/\/api.w.org\/{rel}","templated":true}]}}