{"id":4419,"date":"2025-02-25T17:02:09","date_gmt":"2025-02-25T17:02:09","guid":{"rendered":"https:\/\/www.weidmann-electrical.com\/products\/insulation-components\/angle-rings-and-caps\/"},"modified":"2026-04-01T23:37:02","modified_gmt":"2026-04-01T23:37:02","slug":"angle-rings-and-caps","status":"publish","type":"page","link":"https:\/\/www.weidmann-electrical.com\/de\/products\/insulation-components\/angle-rings-and-caps\/","title":{"rendered":"Angle Rings and Caps"},"content":{"rendered":"\n\n\n<div class=\"sub-hero wp-block-cite-wordpress-theme-section\">\n                    <img decoding=\"async\" class=\"sub-hero-image\"\n             src=\"https:\/\/www.weidmann-electrical.com\/wp-content\/uploads\/sites\/2\/2025\/05\/Angle-Rings-and-Caps-3840x1200-1-scaled.jpg\"\n             alt=\"\"\n             style=\"object-position: 48% 60%; object-fit: cover;\">\n    \n    <div class=\"sub-hero-wrapper\">\n                    \n\n<h1 class=\"wp-block-heading\">Angle Rings and Caps<\/h1>\n\n\n            <\/div>\n\n    <div class=\"sub-hero-overlay\"><\/div>\n<\/div>\n\n    <div class=\"sub-navigation is-overlapped\">\n        <ul class=\"sub-navigation-menu\">\n                            <li class=\"sub-navigation-menu-item \">\n                                            <a href=\"https:\/\/www.weidmann-electrical.com\/de\/products\/transformerboard\/\">\n                            Transformerboard                        <\/a>\n                                    <\/li>\n                            <li class=\"sub-navigation-menu-item \">\n                                            <a href=\"https:\/\/www.weidmann-electrical.com\/de\/products\/isolierpapier\/\">\n                            Isolationspapier                        <\/a>\n                                    <\/li>\n                            <li class=\"sub-navigation-menu-item current-page-item\">\n                                            <a href=\"https:\/\/www.weidmann-electrical.com\/de\/products\/insulation-components\/\">\n                            <span>Isolationskomponenten<\/span>\n                        <\/a>\n                                    <\/li>\n                            <li class=\"sub-navigation-menu-item \">\n                                            <a href=\"https:\/\/www.weidmann-electrical.com\/de\/products\/transformer-accessories\/\">\n                            Transformatorenzubeh\u00f6r                        <\/a>\n                                    <\/li>\n                    <\/ul>\n    <\/div>\n\n<section class=\"wp-block-cite-wordpress-theme-section has-overlapping-decoration-none has-0-padding-y-top has-0-padding-y-bottom\"><div class=\"theme-section-inner container\"><div class=\"yoast-breadcrumbs\"><span><a href=\"https:\/\/www.weidmann-electrical.com\/de\/\"><svg xmlns=\"http:\/\/www.w3.org\/2000\/svg\" width=\"11\" height=\"10\" viewBox=\"0 0 11 10\" fill=\"none\">\n<path d=\"M10.9971 4.98926C10.9971 5.34075 10.7106 5.61609 10.3859 5.61609H9.77459L9.78797 8.74439C9.78797 8.79711 9.78415 8.84983 9.77841 8.90256V9.2189C9.77841 9.65046 9.43649 10 9.01433 10H8.70869C8.68768 10 8.66667 10 8.64565 9.99805C8.61891 10 8.59217 10 8.56542 10L7.9446 9.99805H7.48615C7.06399 9.99805 6.72206 9.64851 6.72206 9.21695V7.49854C6.72206 7.1529 6.4489 6.87366 6.11079 6.87366H4.88825C4.55014 6.87366 4.27698 7.1529 4.27698 7.49854V9.21695C4.27698 9.64851 3.93505 9.99805 3.51289 9.99805H2.44508C2.41643 9.99805 2.38777 9.99609 2.35912 9.99414C2.3362 9.99609 2.31328 9.99805 2.29035 9.99805H1.98472C1.56256 9.99805 1.22063 9.64851 1.22063 9.21695V7.02988C1.22063 7.0123 1.22063 6.99278 1.22254 6.9752V5.61414H0.61127C0.267431 5.61414 0 5.34075 0 4.98731C0 4.81156 0.0573066 4.65534 0.191022 4.51865L5.08692 0.156219C5.22063 0.0195274 5.37345 0 5.50716 0C5.64088 0 5.7937 0.0390549 5.90831 0.136692L10.787 4.5206C10.9398 4.65729 11.0162 4.81351 10.9971 4.98926Z\" fill=\"#DF3011\"\/>\n<\/svg><\/a> > <span><a href=\"https:\/\/www.weidmann-electrical.com\/de\/products\/\">Produkte<\/a><\/span> > <span><a href=\"https:\/\/www.weidmann-electrical.com\/de\/products\/insulation-components\/\">Isolationskomponenten<\/a><\/span> > <span class=\"breadcrumb_last\" aria-current=\"page\">Angle Rings and Caps<\/span><\/span><\/div><\/div><\/section>\n\n<section class=\"wp-block-cite-wordpress-theme-section has-weidmann-white-base-background-color has-background has-overlapping-decoration-none has-7-padding-y-top has-7-padding-y-bottom\"><div class=\"theme-section-inner container\">\n<div class=\"wp-block-columns is-layout-flex wp-container-core-columns-is-layout-9d6595d7 wp-block-columns-is-layout-flex\">\n<div class=\"wp-block-column is-layout-flow wp-block-column-is-layout-flow\" style=\"flex-basis:66.66%\">\n<h2 class=\"wp-block-cite-wordpress-theme-heading has-mb-spacing-38 has-h2-font-size\" id=\"comprehensive-solutions-for-transformer-end-insulation\">Comprehensive solutions <br>for transformer end insulation<\/h2>\n\n\n\n<p>Winkelringe und -kappen spielen eine zentrale Rolle bei der Endisolierung von Transformatoren. Weidmann bietet diese Komponenten in allen Spannungsklassen und Abmessungen an \u2013 passend f\u00fcr nahezu jedes Transformatorendesign.  <\/p>\n\n\n\n<p>Unser Portfolio umfasst sowohl kosteneffiziente als auch leistungsstarke L\u00f6sungen, die auf die spezifischen Anforderungen jeder Anwendung zugeschnitten sind.<\/p>\n\n\n\n<p>Zum Angebot von Weidmann geh\u00f6ren maschinell und handgefertigte Winkelringe und -kappen, gepresste Sektoren, gezogene Kappen und Winkelringe, flexible Krepppapier-Winkelringe f\u00fcr Verteiltransformatoren sowie laminierte Krepppapierringe.<\/p>\n<\/div>\n\n\n\n<div class=\"wp-block-column is-layout-flow wp-block-column-is-layout-flow\" style=\"flex-basis:33.33%\">\n<aside class=\"pullout\">\n            <h2 class=\"pullout--title\">Hauptmerkmale<\/h2>\n    \n            <div class=\"pullout--content\">\n            <ul>\n<li>Vielseitiges Produktsortiment<\/li>\n<li>Pr\u00e4zises Design und Fertigung<\/li>\n<li>Bew\u00e4hrte Zuverl\u00e4ssigkeit<\/li>\n<\/ul>\n        <\/div>\n    \n<\/aside>\n\n\n\n<aside class=\"pullout\">\n            <h2 class=\"pullout--title\">Einsatzbereich<\/h2>\n    \n            <div class=\"pullout--content\">\n            <p>Winkelringe und -kappen bilden die Abschlussbarrieren an den Wicklungsenden in der Transformatorisolierung.<\/p>\n        <\/div>\n    \n<\/aside>\n<\/div>\n<\/div>\n<\/div><\/section>\n\n<section class=\"wp-block-cite-wordpress-theme-section has-light-blue-base-background-color has-background has-overlapping-decoration-none has-7-padding-y-top has-8-padding-y-bottom\"><div class=\"theme-section-inner container\">\n    <div class=\"tabs\">\n        <div class=\"tabs-list\">\n                            <div class=\"tab-title-container active\"\n                     data-tab=\"tab-0\">\n                    <h2 class=\"tab-title\">\n                        Crepe Paper Angle Rings                        <svg class=\"tab-accordion-icon\" width=\"20\" height=\"20\" viewBox=\"0 0 20 20\" fill=\"none\" xmlns=\"http:\/\/www.w3.org\/2000\/svg\">\n                            <path d=\"M18.456 9.97063H1.48542M9.9707 1.48535V18.4559\" stroke=\"#DF3011\" stroke-width=\"2\"\n                                  stroke-linecap=\"round\" stroke-linejoin=\"round\"\/>\n                        <\/svg>\n                    <\/h2>\n                <\/div>\n                            <div class=\"tab-title-container \"\n                     data-tab=\"tab-1\">\n                    <h2 class=\"tab-title\">\n                        Drawn Angle Rings                        <svg class=\"tab-accordion-icon\" width=\"20\" height=\"20\" viewBox=\"0 0 20 20\" fill=\"none\" xmlns=\"http:\/\/www.w3.org\/2000\/svg\">\n                            <path d=\"M18.456 9.97063H1.48542M9.9707 1.48535V18.4559\" stroke=\"#DF3011\" stroke-width=\"2\"\n                                  stroke-linecap=\"round\" stroke-linejoin=\"round\"\/>\n                        <\/svg>\n                    <\/h2>\n                <\/div>\n                            <div class=\"tab-title-container \"\n                     data-tab=\"tab-2\">\n                    <h2 class=\"tab-title\">\n                        Hand-molded Sectors                        <svg class=\"tab-accordion-icon\" width=\"20\" height=\"20\" viewBox=\"0 0 20 20\" fill=\"none\" xmlns=\"http:\/\/www.w3.org\/2000\/svg\">\n                            <path d=\"M18.456 9.97063H1.48542M9.9707 1.48535V18.4559\" stroke=\"#DF3011\" stroke-width=\"2\"\n                                  stroke-linecap=\"round\" stroke-linejoin=\"round\"\/>\n                        <\/svg>\n                    <\/h2>\n                <\/div>\n                            <div class=\"tab-title-container \"\n                     data-tab=\"tab-3\">\n                    <h2 class=\"tab-title\">\n                        Hand-molded Angle Rings and Caps                        <svg class=\"tab-accordion-icon\" width=\"20\" height=\"20\" viewBox=\"0 0 20 20\" fill=\"none\" xmlns=\"http:\/\/www.w3.org\/2000\/svg\">\n                            <path d=\"M18.456 9.97063H1.48542M9.9707 1.48535V18.4559\" stroke=\"#DF3011\" stroke-width=\"2\"\n                                  stroke-linecap=\"round\" stroke-linejoin=\"round\"\/>\n                        <\/svg>\n                    <\/h2>\n                <\/div>\n                            <div class=\"tab-title-container \"\n                     data-tab=\"tab-4\">\n                    <h2 class=\"tab-title\">\n                        Pressed Angle Ring and Cap Sectors                        <svg class=\"tab-accordion-icon\" width=\"20\" height=\"20\" viewBox=\"0 0 20 20\" fill=\"none\" xmlns=\"http:\/\/www.w3.org\/2000\/svg\">\n                            <path d=\"M18.456 9.97063H1.48542M9.9707 1.48535V18.4559\" stroke=\"#DF3011\" stroke-width=\"2\"\n                                  stroke-linecap=\"round\" stroke-linejoin=\"round\"\/>\n                        <\/svg>\n                    <\/h2>\n                <\/div>\n                    <\/div>\n                    <div class=\"tab-text-area active\" id=\"tab-0\">\n                <div class=\"tab-text-area-wrapper\">\n                    <div class=\"\" data-block=\"true\" data-editor=\"3ekri\" data-offset-key=\"540j6-0-0\">\n<div class=\"public-DraftStyleDefault-block public-DraftStyleDefault-ltr\" data-offset-key=\"540j6-0-0\"><span data-offset-key=\"540j6-0-0\"><strong>Crepe Paper Angle Rings<\/strong><\/span><\/div>\n<\/div>\n<div data-offset-key=\"540j6-0-0\"><\/div>\n<div class=\"\" data-block=\"true\" data-editor=\"3ekri\" data-offset-key=\"540j6-0-0\">\n<div class=\"public-DraftStyleDefault-block public-DraftStyleDefault-ltr\" data-offset-key=\"540j6-0-0\"><span data-offset-key=\"540j6-0-0\">Flexible Kreppwinkelringe werden ausschliesslich in Verteiltransformatoren eingesetzt und als Rollenware gefertigt. Sie bestehen aus vier Lagen Krepppapier, laminiert mit einem Spezialkleber. Weidmann bietet entweder 90\u00b0-Winkel oder gefaltete, laminierte Krepppapierstreifen an, die w\u00e4hrend der Produktion in die gew\u00fcnschte Form gebracht werden. 90\u00b0-Winkel sind bis zu einer Dicke von 1\/8 Zoll und bis zu 4 Zoll Breite je Seite erh\u00e4ltlich. Standardm\u00e4ssig bestehen die Rollen aus vier Lagen Krepppapier mit 200\u202f% Dehnung, was einer Gesamtdicke von 1,5\u202fmm entspricht. Lieferbar ab 18\u202fmm Breite und 10\u202fmm Beinmass.      <\/span><\/div>\n<\/div>\n<div data-offset-key=\"540j6-0-0\"><\/div>\n<div data-offset-key=\"elve2-0-0\"><\/div>\n<div data-offset-key=\"85ge9-0-0\"><\/div>\n<div class=\"\" data-block=\"true\" data-editor=\"3ekri\" data-offset-key=\"e146h-0-0\">\n<div class=\"public-DraftStyleDefault-block public-DraftStyleDefault-ltr\" data-offset-key=\"e146h-0-0\"><\/div>\n<\/div>\n<div data-offset-key=\"e146h-0-0\"><\/div>\n                <\/div>\n            <\/div>\n                    <div class=\"tab-text-area \" id=\"tab-1\">\n                <div class=\"tab-text-area-wrapper\">\n                    <p><strong>Drawn Angle Rings<\/strong><\/p>\n<p><span data-offset-key=\"elve2-0-0\">Gezogene Winkelringe und -kappen werden f\u00fcr kleine Transformatoren und spezielle Isolieranwendungen wie den Schutz von Metallmuttern gefertigt. Sie sind in speziellen Formen und Abmessungen erh\u00e4ltlich und eignen sich ideal f\u00fcr die Serienfertigung standardisierter Gr\u00f6ssen. <\/span><\/p>\n                <\/div>\n            <\/div>\n                    <div class=\"tab-text-area \" id=\"tab-2\">\n                <div class=\"tab-text-area-wrapper\">\n                    <p><strong>Hand-molded Sectors<\/strong><\/p>\n<p>Handgeformte Sektoren sind f\u00fcr enge Toleranzen bei kleinen Radien konzipiert \u2013 z.\u202fB. bis zu 60\u202fmm.<\/p>\n                <\/div>\n            <\/div>\n                    <div class=\"tab-text-area \" id=\"tab-3\">\n                <div class=\"tab-text-area-wrapper\">\n                    <p><strong>Hand-molded Angle Rings and Caps<\/strong><\/p>\n<p><span data-offset-key=\"d1oq7-0-0\">Handgeformte Winkelringe und -kappen werden mit individuellen Formen gefertigt, was eine unbegrenzte Massvielfalt erm\u00f6glicht. Sie werden aus nassem ungepressten Boardmaterial hergestellt und lassen sich mit Stutzen f\u00fcr Hochspannungsabg\u00e4nge kombinieren.  <\/span><\/p>\n                <\/div>\n            <\/div>\n                    <div class=\"tab-text-area \" id=\"tab-4\">\n                <div class=\"tab-text-area-wrapper\">\n                    <p><strong>Pressed Angle Ring and Cap Sectors<\/strong><\/p>\n<p><span data-offset-key=\"e146h-0-0\">Gepresste Winkel- und Kappensektoren werden halbautomatisch aus nassem ungepressten Boardmaterialgefertigt. <\/span><span data-offset-key=\"e146h-0-0\">Sie eignen sich f\u00fcr gr\u00f6\u00dfere Durchmesser, und dank der spezifischen Materialeigenschaften und Formen k\u00f6nnen zahlreiche Kantenradien realisiert werden. <\/span>Diese Sektoren sind in verschiedensten Dimensionen f\u00fcr grosse Leistungstransformatoren erh\u00e4ltlich und bis zu einem Radius von 40\u202fmm lieferbar. <\/p>\n                <\/div>\n            <\/div>\n            <\/div>\n<\/div><\/section>\n\n\n<section class=\"wp-cite-wordpress-theme-section cta-strip-section \">\n    <div class=\"container theme-section-inner\">\n        <div class=\"cta-strip-content\">\n                            <h2 class=\"cta-strip-title\">M\u00f6chten Sie mehr \u00fcber unsere Winkelringe und -kappen erfahren?<\/h2>\n            \n            <div class=\"cta-strip-cta-container\">\n                                    <div class=\"wp-block-weidmann-button-container\">\n                        <div class=\"wp-block-weidmann-button cta-strip-button secondary\">\n                            <a href=\"https:\/\/www.weidmann-electrical.com\/de\/kontakt\/\"\n                               target=\"\"\n                               class=\"wp-block-button-link cta-strip-button-link\">Kontaktieren Sie uns<\/a>\n                        <\/div>\n                    <\/div>\n                                                    <div class=\"wp-block-weidmann-link-container\">\n                        <div class=\"wp-block-weidmann-link secondary\">\n                            <a class=\"cta-strip-link wp-block-link-target\"\n                               href=\"https:\/\/www.weidmann-electrical.com\/de\/kompetenz\/weidmann-webinars\/\">Unsere Webinare ansehen                                <svg width=\"27\" height=\"16\" viewBox=\"0 0 27 16\" fill=\"none\"\n                                     xmlns=\"http:\/\/www.w3.org\/2000\/svg\">\n                                    <path d=\"M1.66406 7.24194C1.11178 7.24194 0.664063 7.68966 0.664062 8.24194C0.664062 8.79423 1.11178 9.24194 1.66406 9.24194L1.66406 7.24194ZM26.3712 8.94905C26.7617 8.55853 26.7617 7.92536 26.3712 7.53484L20.0072 1.17088C19.6167 0.780353 18.9835 0.780353 18.593 1.17088C18.2025 1.5614 18.2025 2.19457 18.593 2.58509L24.2498 8.24195L18.593 13.8988C18.2025 14.2893 18.2025 14.9225 18.593 15.313C18.9835 15.7035 19.6167 15.7035 20.0072 15.313L26.3712 8.94905ZM1.66406 9.24194L25.6641 9.24195L25.6641 7.24195L1.66406 7.24194L1.66406 9.24194Z\"\n                                          fill=\"#32BCAD\"\/>\n                                <\/svg>\n                            <\/a>\n                        <\/div>\n                    <\/div>\n                            <\/div>\n        <\/div>\n    <\/div>\n<\/section>\n\n<section class=\"wp-block-cite-wordpress-theme-section has-light-blue-base-background-color has-background has-overlapping-decoration-none has-8-padding-y-top has-8-padding-y-bottom\"><div class=\"theme-section-inner container\">\n<h2 class=\"wp-block-cite-wordpress-theme-heading has-mb-spacing-38 has-h3-font-size\" id=\"related-products\"><strong>\u00c4hnliche Produkte<\/strong><\/h2>\n\n\n\n\n<ul class=\"product-cards-grid three-columns\">\n            <li class=\"product-card\">\n                            <figure>\n                    <a class=\"d-block\" href=\"https:\/\/www.weidmann-electrical.com\/de\/products\/insulation-components\/clamping-rings\/\"\n                       target=\"_self\">\n                        <img decoding=\"async\" src=\"https:\/\/www.weidmann-electrical.com\/wp-content\/uploads\/sites\/2\/2025\/05\/Clamping-ring-740-x-500.jpg\"\n                             alt=\"\">\n                                                    <h2>Clamping Rings<\/h2>\n                                                                    <\/a>\n                <\/figure>\n                    <\/li>\n            <li class=\"product-card\">\n                            <figure>\n                    <a class=\"d-block\" href=\"https:\/\/www.weidmann-electrical.com\/de\/products\/insulation-components\/cylinders\/\"\n                       target=\"_self\">\n                        <img decoding=\"async\" src=\"https:\/\/www.weidmann-electrical.com\/wp-content\/uploads\/sites\/2\/2025\/05\/Cylinders-740-x-500.jpg\"\n                             alt=\"\">\n                                                    <h2>Cylinders<\/h2>\n                                                                    <\/a>\n                <\/figure>\n                    <\/li>\n            <li class=\"product-card\">\n                            <figure>\n                    <a class=\"d-block\" href=\"https:\/\/www.weidmann-electrical.com\/de\/products\/insulation-components\/edge-protection-rings\/\"\n                       target=\"_self\">\n                        <img decoding=\"async\" src=\"https:\/\/www.weidmann-electrical.com\/wp-content\/uploads\/sites\/2\/2025\/05\/Edge-protection-740-x-500.jpg\"\n                             alt=\"\">\n                                                    <h2>Edge Protection Rings<\/h2>\n                                                                    <\/a>\n                <\/figure>\n                    <\/li>\n    <\/ul>\n\n<\/div><\/section>\n","protected":false},"excerpt":{"rendered":"","protected":false},"author":7,"featured_media":0,"parent":4417,"menu_order":0,"comment_status":"closed","ping_status":"closed","template":"","meta":{"_acf_changed":false,"footnotes":""},"class_list":["post-4419","page","type-page","status-publish","hentry"],"acf":[],"yoast_head":"<!-- This site is optimized with the Yoast SEO plugin v27.3 - https:\/\/yoast.com\/product\/yoast-seo-wordpress\/ -->\n<title>Angle Rings and Caps - Weidmann Electrical Technology<\/title>\n<meta name=\"robots\" content=\"index, follow, max-snippet:-1, max-image-preview:large, max-video-preview:-1\" \/>\n<link rel=\"canonical\" href=\"https:\/\/www.weidmann-electrical.com\/de\/products\/insulation-components\/angle-rings-and-caps\/\" \/>\n<meta property=\"og:locale\" content=\"de_DE\" \/>\n<meta property=\"og:type\" content=\"article\" \/>\n<meta property=\"og:title\" content=\"Angle Rings and Caps - Weidmann Electrical Technology\" \/>\n<meta property=\"og:url\" content=\"https:\/\/www.weidmann-electrical.com\/de\/products\/insulation-components\/angle-rings-and-caps\/\" \/>\n<meta property=\"og:site_name\" content=\"Weidmann Electrical Technology\" \/>\n<meta property=\"article:modified_time\" content=\"2026-04-01T23:37:02+00:00\" \/>\n<meta name=\"twitter:card\" content=\"summary_large_image\" \/>\n<meta name=\"twitter:label1\" content=\"Est. reading time\" \/>\n\t<meta name=\"twitter:data1\" content=\"1 Minute\" \/>\n<script type=\"application\/ld+json\" class=\"yoast-schema-graph\">{\"@context\":\"https:\\\/\\\/schema.org\",\"@graph\":[{\"@type\":\"WebPage\",\"@id\":\"https:\\\/\\\/www.weidmann-electrical.com\\\/de\\\/products\\\/insulation-components\\\/angle-rings-and-caps\\\/\",\"url\":\"https:\\\/\\\/www.weidmann-electrical.com\\\/de\\\/products\\\/insulation-components\\\/angle-rings-and-caps\\\/\",\"name\":\"Angle Rings and Caps - Weidmann Electrical Technology\",\"isPartOf\":{\"@id\":\"https:\\\/\\\/www.weidmann-electrical.com\\\/de\\\/#website\"},\"datePublished\":\"2025-02-25T17:02:09+00:00\",\"dateModified\":\"2026-04-01T23:37:02+00:00\",\"breadcrumb\":{\"@id\":\"https:\\\/\\\/www.weidmann-electrical.com\\\/de\\\/products\\\/insulation-components\\\/angle-rings-and-caps\\\/#breadcrumb\"},\"inLanguage\":\"de-DE\",\"potentialAction\":[{\"@type\":\"ReadAction\",\"target\":[\"https:\\\/\\\/www.weidmann-electrical.com\\\/de\\\/products\\\/insulation-components\\\/angle-rings-and-caps\\\/\"]}]},{\"@type\":\"BreadcrumbList\",\"@id\":\"https:\\\/\\\/www.weidmann-electrical.com\\\/de\\\/products\\\/insulation-components\\\/angle-rings-and-caps\\\/#breadcrumb\",\"itemListElement\":[{\"@type\":\"ListItem\",\"position\":1,\"name\":\"Home\",\"item\":\"https:\\\/\\\/www.weidmann-electrical.com\\\/de\\\/\"},{\"@type\":\"ListItem\",\"position\":2,\"name\":\"Produkte\",\"item\":\"https:\\\/\\\/www.weidmann-electrical.com\\\/de\\\/products\\\/\"},{\"@type\":\"ListItem\",\"position\":3,\"name\":\"Isolationskomponenten\",\"item\":\"https:\\\/\\\/www.weidmann-electrical.com\\\/de\\\/products\\\/insulation-components\\\/\"},{\"@type\":\"ListItem\",\"position\":4,\"name\":\"Angle Rings and Caps\"}]},{\"@type\":\"WebSite\",\"@id\":\"https:\\\/\\\/www.weidmann-electrical.com\\\/de\\\/#website\",\"url\":\"https:\\\/\\\/www.weidmann-electrical.com\\\/de\\\/\",\"name\":\"Weidmann Electrical\",\"description\":\"\",\"potentialAction\":[{\"@type\":\"SearchAction\",\"target\":{\"@type\":\"EntryPoint\",\"urlTemplate\":\"https:\\\/\\\/www.weidmann-electrical.com\\\/de\\\/?s={search_term_string}\"},\"query-input\":{\"@type\":\"PropertyValueSpecification\",\"valueRequired\":true,\"valueName\":\"search_term_string\"}}],\"inLanguage\":\"de-DE\"}]}<\/script>\n<!-- \/ Yoast SEO plugin. -->","yoast_head_json":{"title":"Angle Rings and Caps - Weidmann Electrical Technology","robots":{"index":"index","follow":"follow","max-snippet":"max-snippet:-1","max-image-preview":"max-image-preview:large","max-video-preview":"max-video-preview:-1"},"canonical":"https:\/\/www.weidmann-electrical.com\/de\/products\/insulation-components\/angle-rings-and-caps\/","og_locale":"de_DE","og_type":"article","og_title":"Angle Rings and Caps - Weidmann Electrical Technology","og_url":"https:\/\/www.weidmann-electrical.com\/de\/products\/insulation-components\/angle-rings-and-caps\/","og_site_name":"Weidmann Electrical Technology","article_modified_time":"2026-04-01T23:37:02+00:00","twitter_card":"summary_large_image","twitter_misc":{"Est. reading time":"1 Minute"},"schema":{"@context":"https:\/\/schema.org","@graph":[{"@type":"WebPage","@id":"https:\/\/www.weidmann-electrical.com\/de\/products\/insulation-components\/angle-rings-and-caps\/","url":"https:\/\/www.weidmann-electrical.com\/de\/products\/insulation-components\/angle-rings-and-caps\/","name":"Angle Rings and Caps - Weidmann Electrical Technology","isPartOf":{"@id":"https:\/\/www.weidmann-electrical.com\/de\/#website"},"datePublished":"2025-02-25T17:02:09+00:00","dateModified":"2026-04-01T23:37:02+00:00","breadcrumb":{"@id":"https:\/\/www.weidmann-electrical.com\/de\/products\/insulation-components\/angle-rings-and-caps\/#breadcrumb"},"inLanguage":"de-DE","potentialAction":[{"@type":"ReadAction","target":["https:\/\/www.weidmann-electrical.com\/de\/products\/insulation-components\/angle-rings-and-caps\/"]}]},{"@type":"BreadcrumbList","@id":"https:\/\/www.weidmann-electrical.com\/de\/products\/insulation-components\/angle-rings-and-caps\/#breadcrumb","itemListElement":[{"@type":"ListItem","position":1,"name":"Home","item":"https:\/\/www.weidmann-electrical.com\/de\/"},{"@type":"ListItem","position":2,"name":"Produkte","item":"https:\/\/www.weidmann-electrical.com\/de\/products\/"},{"@type":"ListItem","position":3,"name":"Isolationskomponenten","item":"https:\/\/www.weidmann-electrical.com\/de\/products\/insulation-components\/"},{"@type":"ListItem","position":4,"name":"Angle Rings and Caps"}]},{"@type":"WebSite","@id":"https:\/\/www.weidmann-electrical.com\/de\/#website","url":"https:\/\/www.weidmann-electrical.com\/de\/","name":"Weidmann Electrical","description":"","potentialAction":[{"@type":"SearchAction","target":{"@type":"EntryPoint","urlTemplate":"https:\/\/www.weidmann-electrical.com\/de\/?s={search_term_string}"},"query-input":{"@type":"PropertyValueSpecification","valueRequired":true,"valueName":"search_term_string"}}],"inLanguage":"de-DE"}]}},"_links":{"self":[{"href":"https:\/\/www.weidmann-electrical.com\/de\/wp-json\/wp\/v2\/pages\/4419","targetHints":{"allow":["GET"]}}],"collection":[{"href":"https:\/\/www.weidmann-electrical.com\/de\/wp-json\/wp\/v2\/pages"}],"about":[{"href":"https:\/\/www.weidmann-electrical.com\/de\/wp-json\/wp\/v2\/types\/page"}],"author":[{"embeddable":true,"href":"https:\/\/www.weidmann-electrical.com\/de\/wp-json\/wp\/v2\/users\/7"}],"replies":[{"embeddable":true,"href":"https:\/\/www.weidmann-electrical.com\/de\/wp-json\/wp\/v2\/comments?post=4419"}],"version-history":[{"count":2,"href":"https:\/\/www.weidmann-electrical.com\/de\/wp-json\/wp\/v2\/pages\/4419\/revisions"}],"predecessor-version":[{"id":7346,"href":"https:\/\/www.weidmann-electrical.com\/de\/wp-json\/wp\/v2\/pages\/4419\/revisions\/7346"}],"up":[{"embeddable":true,"href":"https:\/\/www.weidmann-electrical.com\/de\/wp-json\/wp\/v2\/pages\/4417"}],"wp:attachment":[{"href":"https:\/\/www.weidmann-electrical.com\/de\/wp-json\/wp\/v2\/media?parent=4419"}],"curies":[{"name":"wp","href":"https:\/\/api.w.org\/{rel}","templated":true}]}}