{"id":4453,"date":"2025-04-07T08:25:50","date_gmt":"2025-04-07T08:25:50","guid":{"rendered":"https:\/\/www.weidmann-electrical.com\/products\/insulation-components\/snouts-and-flange-tubes\/"},"modified":"2026-04-08T21:19:24","modified_gmt":"2026-04-08T21:19:24","slug":"snouts-and-flange-tubes","status":"publish","type":"page","link":"https:\/\/www.weidmann-electrical.com\/de\/products\/insulation-components\/snouts-and-flange-tubes\/","title":{"rendered":"Snouts and Flange Tubes"},"content":{"rendered":"\n\n\n<div class=\"sub-hero wp-block-cite-wordpress-theme-section\">\n                    <img decoding=\"async\" class=\"sub-hero-image\"\n             src=\"https:\/\/www.weidmann-electrical.com\/wp-content\/uploads\/sites\/2\/2025\/05\/Snouts-and-Flanges-3840x1200-1-scaled.jpg\"\n             alt=\"\"\n             style=\"object-position: 50% 50%; object-fit: cover;\">\n    \n    <div class=\"sub-hero-wrapper\">\n                    \n\n<h1 class=\"wp-block-heading\">Snouts and Flange Tubes<\/h1>\n\n\n            <\/div>\n\n    <div class=\"sub-hero-overlay\"><\/div>\n<\/div>\n\n    <div class=\"sub-navigation is-overlapped\">\n        <ul class=\"sub-navigation-menu\">\n                            <li class=\"sub-navigation-menu-item \">\n                                            <a href=\"https:\/\/www.weidmann-electrical.com\/de\/products\/transformerboard\/\">\n                            Transformerboard                        <\/a>\n                                    <\/li>\n                            <li class=\"sub-navigation-menu-item \">\n                                            <a href=\"https:\/\/www.weidmann-electrical.com\/de\/products\/isolierpapier\/\">\n                            Isolationspapier                        <\/a>\n                                    <\/li>\n                            <li class=\"sub-navigation-menu-item current-page-item\">\n                                            <a href=\"https:\/\/www.weidmann-electrical.com\/de\/products\/insulation-components\/\">\n                            <span>Isolationskomponenten<\/span>\n                        <\/a>\n                                    <\/li>\n                            <li class=\"sub-navigation-menu-item \">\n                                            <a href=\"https:\/\/www.weidmann-electrical.com\/de\/products\/transformer-accessories\/\">\n                            Transformatorenzubeh\u00f6r                        <\/a>\n                                    <\/li>\n                    <\/ul>\n    <\/div>\n\n<section class=\"wp-block-cite-wordpress-theme-section has-overlapping-decoration-none has-0-padding-y-top has-0-padding-y-bottom\"><div class=\"theme-section-inner container\"><div class=\"yoast-breadcrumbs\"><span><a href=\"https:\/\/www.weidmann-electrical.com\/de\/\"><svg xmlns=\"http:\/\/www.w3.org\/2000\/svg\" width=\"11\" height=\"10\" viewBox=\"0 0 11 10\" fill=\"none\">\n<path d=\"M10.9971 4.98926C10.9971 5.34075 10.7106 5.61609 10.3859 5.61609H9.77459L9.78797 8.74439C9.78797 8.79711 9.78415 8.84983 9.77841 8.90256V9.2189C9.77841 9.65046 9.43649 10 9.01433 10H8.70869C8.68768 10 8.66667 10 8.64565 9.99805C8.61891 10 8.59217 10 8.56542 10L7.9446 9.99805H7.48615C7.06399 9.99805 6.72206 9.64851 6.72206 9.21695V7.49854C6.72206 7.1529 6.4489 6.87366 6.11079 6.87366H4.88825C4.55014 6.87366 4.27698 7.1529 4.27698 7.49854V9.21695C4.27698 9.64851 3.93505 9.99805 3.51289 9.99805H2.44508C2.41643 9.99805 2.38777 9.99609 2.35912 9.99414C2.3362 9.99609 2.31328 9.99805 2.29035 9.99805H1.98472C1.56256 9.99805 1.22063 9.64851 1.22063 9.21695V7.02988C1.22063 7.0123 1.22063 6.99278 1.22254 6.9752V5.61414H0.61127C0.267431 5.61414 0 5.34075 0 4.98731C0 4.81156 0.0573066 4.65534 0.191022 4.51865L5.08692 0.156219C5.22063 0.0195274 5.37345 0 5.50716 0C5.64088 0 5.7937 0.0390549 5.90831 0.136692L10.787 4.5206C10.9398 4.65729 11.0162 4.81351 10.9971 4.98926Z\" fill=\"#DF3011\"\/>\n<\/svg><\/a> > <span><a href=\"https:\/\/www.weidmann-electrical.com\/de\/products\/\">Produkte<\/a><\/span> > <span><a href=\"https:\/\/www.weidmann-electrical.com\/de\/products\/insulation-components\/\">Isolationskomponenten<\/a><\/span> > <span class=\"breadcrumb_last\" aria-current=\"page\">Snouts and Flange Tubes<\/span><\/span><\/div><\/div><\/section>\n\n<section class=\"wp-block-cite-wordpress-theme-section has-weidmann-white-base-background-color has-background has-overlapping-decoration-none has-7-padding-y-top has-8-padding-y-bottom\"><div class=\"theme-section-inner container\">\n<div class=\"wp-block-columns is-layout-flex wp-container-core-columns-is-layout-9d6595d7 wp-block-columns-is-layout-flex\">\n<div class=\"wp-block-column is-layout-flow wp-block-column-is-layout-flow\" style=\"flex-basis:66.66%\">\n<h2 class=\"wp-block-cite-wordpress-theme-heading has-mb-sm has-h2-font-size\" id=\"snouts-and-flange-tubes-for-power-transformer-insulation\">Stutzen und Flanschrohre f\u00fcr die Isolierung von Leistungstransformatoren<\/h2>\n\n\n\n<p><\/p>\n\n\n\n<p>Stutzen und Flanschrohre sind zentrale Komponenten in Leistungstransformatoren. Sie isolieren den Abgang aus der Wicklung und tragen wesentlich zur Integrit\u00e4t des Endisolationssystems bei. Diese Bauteile gew\u00e4hrleisten einen sicheren elektrischen \u00dcbergang von der Wicklung zum Austrittspunkt und unterst\u00fctzen sowohl die dielektrische Leistung als auch die mechanische Stabilit\u00e4t. <\/p>\n\n\n\n<p>Stutzen und Flanschrohre werden im Nassformverfahren gem\u00e4ss pr\u00e4zisen Kundenvorgaben gefertigt und bieten dadurch einen hohen Grad an Individualisierung. Aufgrund der vielf\u00e4ltigen Gestaltungsm\u00f6glichkeiten kann die Herstellung neuer Formen jedoch zu l\u00e4ngeren Lieferzeiten f\u00fchren. <\/p>\n\n\n\n<p>Stutzen lassen sich nahtlos mit Winkelringen und -kappen kombinieren, um eine integrierte, einteilige Endisolierung zu bilden \u2013 exakt abgestimmt auf die technischen Vorgaben und f\u00fcr optimale Leistung im Transformator.<\/p>\n<\/div>\n\n\n\n<div class=\"wp-block-column is-layout-flow wp-block-column-is-layout-flow\" style=\"flex-basis:33.33%\">\n<aside class=\"pullout\">\n            <h2 class=\"pullout--title\">Hauptmerkmale<\/h2>\n    \n            <div class=\"pullout--content\">\n            <ul>\n<li>Vollst\u00e4ndig kundenspezifische Ausf\u00fchrung<\/li>\n<li>Integrierte Endisoliersysteme<\/li>\n<li>Hochpr\u00e4zise Fertigung<\/li>\n<\/ul>\n        <\/div>\n    \n<\/aside>\n\n\n\n<aside class=\"pullout\">\n            <h2 class=\"pullout--title\">Einsatzbereich<\/h2>\n    \n            <div class=\"pullout--content\">\n            <p>Stutzen und Flanschrohre kommen in Leistungstransformatoren zur Isolierung der Wicklungsenden und Abg\u00e4nge zum Einsatz.<\/p>\n        <\/div>\n    \n<\/aside>\n<\/div>\n<\/div>\n<\/div><\/section>\n\n\n<section class=\"wp-cite-wordpress-theme-section cta-strip-section \">\n    <div class=\"container theme-section-inner\">\n        <div class=\"cta-strip-content\">\n                            <h2 class=\"cta-strip-title\">M\u00f6chten Sie mehr \u00fcber unsere Stutzen und Flanschrohre erfahren?<\/h2>\n            \n            <div class=\"cta-strip-cta-container\">\n                                    <div class=\"wp-block-weidmann-button-container\">\n                        <div class=\"wp-block-weidmann-button cta-strip-button secondary\">\n                            <a href=\"https:\/\/www.weidmann-electrical.com\/de\/kontakt\/\"\n                               target=\"\"\n                               class=\"wp-block-button-link cta-strip-button-link\">Kontaktieren Sie uns<\/a>\n                        <\/div>\n                    <\/div>\n                                                    <div class=\"wp-block-weidmann-link-container\">\n                        <div class=\"wp-block-weidmann-link secondary\">\n                            <a class=\"cta-strip-link wp-block-link-target\"\n                               href=\"https:\/\/www.weidmann-electrical.com\/de\/kompetenz\/weidmann-webinars\/\">Unsere Webinare ansehen                                <svg width=\"27\" height=\"16\" viewBox=\"0 0 27 16\" fill=\"none\"\n                                     xmlns=\"http:\/\/www.w3.org\/2000\/svg\">\n                                    <path d=\"M1.66406 7.24194C1.11178 7.24194 0.664063 7.68966 0.664062 8.24194C0.664062 8.79423 1.11178 9.24194 1.66406 9.24194L1.66406 7.24194ZM26.3712 8.94905C26.7617 8.55853 26.7617 7.92536 26.3712 7.53484L20.0072 1.17088C19.6167 0.780353 18.9835 0.780353 18.593 1.17088C18.2025 1.5614 18.2025 2.19457 18.593 2.58509L24.2498 8.24195L18.593 13.8988C18.2025 14.2893 18.2025 14.9225 18.593 15.313C18.9835 15.7035 19.6167 15.7035 20.0072 15.313L26.3712 8.94905ZM1.66406 9.24194L25.6641 9.24195L25.6641 7.24195L1.66406 7.24194L1.66406 9.24194Z\"\n                                          fill=\"#32BCAD\"\/>\n                                <\/svg>\n                            <\/a>\n                        <\/div>\n                    <\/div>\n                            <\/div>\n        <\/div>\n    <\/div>\n<\/section>\n\n<section class=\"wp-block-cite-wordpress-theme-section has-light-blue-base-background-color has-background has-overlapping-decoration-none has-8-padding-y-top has-8-padding-y-bottom\"><div class=\"theme-section-inner container\">\n<h2 class=\"wp-block-cite-wordpress-theme-heading has-mb-spacing-38 has-h3-font-size\" id=\"related-products\"><strong>\u00c4hnliche Produkte<\/strong><\/h2>\n\n\n\n\n<ul class=\"product-cards-grid three-columns\">\n            <li class=\"product-card\">\n                            <figure>\n                    <a class=\"d-block\" href=\"https:\/\/www.weidmann-electrical.com\/de\/products\/insulation-components\/clamping-rings\/\"\n                       target=\"_self\">\n                        <img decoding=\"async\" src=\"https:\/\/www.weidmann-electrical.com\/wp-content\/uploads\/sites\/2\/2025\/05\/Clamping-ring-740-x-500.jpg\"\n                             alt=\"\">\n                                                    <h2>Clamping Rings<\/h2>\n                                                                    <\/a>\n                <\/figure>\n                    <\/li>\n            <li class=\"product-card\">\n                            <figure>\n                    <a class=\"d-block\" href=\"https:\/\/www.weidmann-electrical.com\/de\/products\/insulation-components\/cylinders\/\"\n                       target=\"_self\">\n                        <img decoding=\"async\" src=\"https:\/\/www.weidmann-electrical.com\/wp-content\/uploads\/sites\/2\/2025\/05\/Cylinders-740-x-500.jpg\"\n                             alt=\"\">\n                                                    <h2>Cylinders<\/h2>\n                                                                    <\/a>\n                <\/figure>\n                    <\/li>\n            <li class=\"product-card\">\n                            <figure>\n                    <a class=\"d-block\" href=\"https:\/\/www.weidmann-electrical.com\/de\/products\/insulation-components\/edge-protection-rings\/\"\n                       target=\"_self\">\n                        <img decoding=\"async\" src=\"https:\/\/www.weidmann-electrical.com\/wp-content\/uploads\/sites\/2\/2025\/05\/Edge-protection-740-x-500.jpg\"\n                             alt=\"\">\n                                                    <h2>Edge Protection Rings<\/h2>\n                                                                    <\/a>\n                <\/figure>\n                    <\/li>\n    <\/ul>\n\n<\/div><\/section>\n","protected":false},"excerpt":{"rendered":"","protected":false},"author":7,"featured_media":0,"parent":4417,"menu_order":0,"comment_status":"closed","ping_status":"closed","template":"","meta":{"_acf_changed":false,"footnotes":""},"class_list":["post-4453","page","type-page","status-publish","hentry"],"acf":[],"yoast_head":"<!-- This site is optimized with the Yoast SEO plugin v27.3 - https:\/\/yoast.com\/product\/yoast-seo-wordpress\/ -->\n<title>Snouts and Flange Tubes - Weidmann Electrical Technology<\/title>\n<meta name=\"robots\" content=\"index, follow, max-snippet:-1, max-image-preview:large, max-video-preview:-1\" \/>\n<link rel=\"canonical\" href=\"https:\/\/www.weidmann-electrical.com\/de\/products\/insulation-components\/snouts-and-flange-tubes\/\" \/>\n<meta property=\"og:locale\" content=\"de_DE\" \/>\n<meta property=\"og:type\" content=\"article\" \/>\n<meta property=\"og:title\" content=\"Snouts and Flange Tubes - Weidmann Electrical Technology\" \/>\n<meta property=\"og:url\" content=\"https:\/\/www.weidmann-electrical.com\/de\/products\/insulation-components\/snouts-and-flange-tubes\/\" \/>\n<meta property=\"og:site_name\" content=\"Weidmann Electrical Technology\" \/>\n<meta property=\"article:modified_time\" content=\"2026-04-08T21:19:24+00:00\" \/>\n<meta name=\"twitter:card\" content=\"summary_large_image\" \/>\n<meta name=\"twitter:label1\" content=\"Est. reading time\" \/>\n\t<meta name=\"twitter:data1\" content=\"1 Minute\" \/>\n<script type=\"application\/ld+json\" class=\"yoast-schema-graph\">{\"@context\":\"https:\\\/\\\/schema.org\",\"@graph\":[{\"@type\":\"WebPage\",\"@id\":\"https:\\\/\\\/www.weidmann-electrical.com\\\/de\\\/products\\\/insulation-components\\\/snouts-and-flange-tubes\\\/\",\"url\":\"https:\\\/\\\/www.weidmann-electrical.com\\\/de\\\/products\\\/insulation-components\\\/snouts-and-flange-tubes\\\/\",\"name\":\"Snouts and Flange Tubes - Weidmann Electrical Technology\",\"isPartOf\":{\"@id\":\"https:\\\/\\\/www.weidmann-electrical.com\\\/de\\\/#website\"},\"datePublished\":\"2025-04-07T08:25:50+00:00\",\"dateModified\":\"2026-04-08T21:19:24+00:00\",\"breadcrumb\":{\"@id\":\"https:\\\/\\\/www.weidmann-electrical.com\\\/de\\\/products\\\/insulation-components\\\/snouts-and-flange-tubes\\\/#breadcrumb\"},\"inLanguage\":\"de-DE\",\"potentialAction\":[{\"@type\":\"ReadAction\",\"target\":[\"https:\\\/\\\/www.weidmann-electrical.com\\\/de\\\/products\\\/insulation-components\\\/snouts-and-flange-tubes\\\/\"]}]},{\"@type\":\"BreadcrumbList\",\"@id\":\"https:\\\/\\\/www.weidmann-electrical.com\\\/de\\\/products\\\/insulation-components\\\/snouts-and-flange-tubes\\\/#breadcrumb\",\"itemListElement\":[{\"@type\":\"ListItem\",\"position\":1,\"name\":\"Home\",\"item\":\"https:\\\/\\\/www.weidmann-electrical.com\\\/de\\\/\"},{\"@type\":\"ListItem\",\"position\":2,\"name\":\"Produkte\",\"item\":\"https:\\\/\\\/www.weidmann-electrical.com\\\/de\\\/products\\\/\"},{\"@type\":\"ListItem\",\"position\":3,\"name\":\"Isolationskomponenten\",\"item\":\"https:\\\/\\\/www.weidmann-electrical.com\\\/de\\\/products\\\/insulation-components\\\/\"},{\"@type\":\"ListItem\",\"position\":4,\"name\":\"Snouts and Flange Tubes\"}]},{\"@type\":\"WebSite\",\"@id\":\"https:\\\/\\\/www.weidmann-electrical.com\\\/de\\\/#website\",\"url\":\"https:\\\/\\\/www.weidmann-electrical.com\\\/de\\\/\",\"name\":\"Weidmann Electrical\",\"description\":\"\",\"potentialAction\":[{\"@type\":\"SearchAction\",\"target\":{\"@type\":\"EntryPoint\",\"urlTemplate\":\"https:\\\/\\\/www.weidmann-electrical.com\\\/de\\\/?s={search_term_string}\"},\"query-input\":{\"@type\":\"PropertyValueSpecification\",\"valueRequired\":true,\"valueName\":\"search_term_string\"}}],\"inLanguage\":\"de-DE\"}]}<\/script>\n<!-- \/ Yoast SEO plugin. -->","yoast_head_json":{"title":"Snouts and Flange Tubes - Weidmann Electrical Technology","robots":{"index":"index","follow":"follow","max-snippet":"max-snippet:-1","max-image-preview":"max-image-preview:large","max-video-preview":"max-video-preview:-1"},"canonical":"https:\/\/www.weidmann-electrical.com\/de\/products\/insulation-components\/snouts-and-flange-tubes\/","og_locale":"de_DE","og_type":"article","og_title":"Snouts and Flange Tubes - Weidmann Electrical Technology","og_url":"https:\/\/www.weidmann-electrical.com\/de\/products\/insulation-components\/snouts-and-flange-tubes\/","og_site_name":"Weidmann Electrical Technology","article_modified_time":"2026-04-08T21:19:24+00:00","twitter_card":"summary_large_image","twitter_misc":{"Est. reading time":"1 Minute"},"schema":{"@context":"https:\/\/schema.org","@graph":[{"@type":"WebPage","@id":"https:\/\/www.weidmann-electrical.com\/de\/products\/insulation-components\/snouts-and-flange-tubes\/","url":"https:\/\/www.weidmann-electrical.com\/de\/products\/insulation-components\/snouts-and-flange-tubes\/","name":"Snouts and Flange Tubes - Weidmann Electrical Technology","isPartOf":{"@id":"https:\/\/www.weidmann-electrical.com\/de\/#website"},"datePublished":"2025-04-07T08:25:50+00:00","dateModified":"2026-04-08T21:19:24+00:00","breadcrumb":{"@id":"https:\/\/www.weidmann-electrical.com\/de\/products\/insulation-components\/snouts-and-flange-tubes\/#breadcrumb"},"inLanguage":"de-DE","potentialAction":[{"@type":"ReadAction","target":["https:\/\/www.weidmann-electrical.com\/de\/products\/insulation-components\/snouts-and-flange-tubes\/"]}]},{"@type":"BreadcrumbList","@id":"https:\/\/www.weidmann-electrical.com\/de\/products\/insulation-components\/snouts-and-flange-tubes\/#breadcrumb","itemListElement":[{"@type":"ListItem","position":1,"name":"Home","item":"https:\/\/www.weidmann-electrical.com\/de\/"},{"@type":"ListItem","position":2,"name":"Produkte","item":"https:\/\/www.weidmann-electrical.com\/de\/products\/"},{"@type":"ListItem","position":3,"name":"Isolationskomponenten","item":"https:\/\/www.weidmann-electrical.com\/de\/products\/insulation-components\/"},{"@type":"ListItem","position":4,"name":"Snouts and Flange Tubes"}]},{"@type":"WebSite","@id":"https:\/\/www.weidmann-electrical.com\/de\/#website","url":"https:\/\/www.weidmann-electrical.com\/de\/","name":"Weidmann Electrical","description":"","potentialAction":[{"@type":"SearchAction","target":{"@type":"EntryPoint","urlTemplate":"https:\/\/www.weidmann-electrical.com\/de\/?s={search_term_string}"},"query-input":{"@type":"PropertyValueSpecification","valueRequired":true,"valueName":"search_term_string"}}],"inLanguage":"de-DE"}]}},"_links":{"self":[{"href":"https:\/\/www.weidmann-electrical.com\/de\/wp-json\/wp\/v2\/pages\/4453","targetHints":{"allow":["GET"]}}],"collection":[{"href":"https:\/\/www.weidmann-electrical.com\/de\/wp-json\/wp\/v2\/pages"}],"about":[{"href":"https:\/\/www.weidmann-electrical.com\/de\/wp-json\/wp\/v2\/types\/page"}],"author":[{"embeddable":true,"href":"https:\/\/www.weidmann-electrical.com\/de\/wp-json\/wp\/v2\/users\/7"}],"replies":[{"embeddable":true,"href":"https:\/\/www.weidmann-electrical.com\/de\/wp-json\/wp\/v2\/comments?post=4453"}],"version-history":[{"count":2,"href":"https:\/\/www.weidmann-electrical.com\/de\/wp-json\/wp\/v2\/pages\/4453\/revisions"}],"predecessor-version":[{"id":7326,"href":"https:\/\/www.weidmann-electrical.com\/de\/wp-json\/wp\/v2\/pages\/4453\/revisions\/7326"}],"up":[{"embeddable":true,"href":"https:\/\/www.weidmann-electrical.com\/de\/wp-json\/wp\/v2\/pages\/4417"}],"wp:attachment":[{"href":"https:\/\/www.weidmann-electrical.com\/de\/wp-json\/wp\/v2\/media?parent=4453"}],"curies":[{"name":"wp","href":"https:\/\/api.w.org\/{rel}","templated":true}]}}