{"id":4493,"date":"2025-05-02T16:41:08","date_gmt":"2025-05-02T16:41:08","guid":{"rendered":"https:\/\/www.weidmann-electrical.com\/products\/transformer-accessories\/cooling-and-fluid-control\/"},"modified":"2026-01-26T21:07:53","modified_gmt":"2026-01-26T21:07:53","slug":"cooling-and-fluid-control","status":"publish","type":"page","link":"https:\/\/www.weidmann-electrical.com\/de\/products\/transformer-accessories\/cooling-and-fluid-control\/","title":{"rendered":"K\u00fchlung und Fluid\/Str\u00f6hmungsregelung"},"content":{"rendered":"\n\n\n<div class=\"sub-hero wp-block-cite-wordpress-theme-section\">\n                    <img decoding=\"async\" class=\"sub-hero-image\"\n             src=\"https:\/\/www.weidmann-electrical.com\/wp-content\/uploads\/sites\/2\/2025\/05\/Cooling-Fluid.jpg\"\n             alt=\"\"\n             style=\"object-position: 50% 65%; object-fit: cover;\">\n    \n    <div class=\"sub-hero-wrapper\">\n                    \n\n<h2 class=\"wp-block-heading\">K\u00fchlung und Fluid\/Str\u00f6hmungsregelung<\/h2>\n\n\n            <\/div>\n\n    <div class=\"sub-hero-overlay\"><\/div>\n<\/div>\n\n    <div class=\"sub-navigation is-overlapped\">\n        <ul class=\"sub-navigation-menu\">\n                            <li class=\"sub-navigation-menu-item \">\n                                            <a href=\"https:\/\/www.weidmann-electrical.com\/de\/products\/transformerboard\/\">\n                            Transformerboard                        <\/a>\n                                    <\/li>\n                            <li class=\"sub-navigation-menu-item \">\n                                            <a href=\"https:\/\/www.weidmann-electrical.com\/de\/products\/isolierpapier\/\">\n                            Isolationspapier                        <\/a>\n                                    <\/li>\n                            <li class=\"sub-navigation-menu-item \">\n                                            <a href=\"https:\/\/www.weidmann-electrical.com\/de\/products\/insulation-components\/\">\n                            Isolationskomponenten                        <\/a>\n                                    <\/li>\n                            <li class=\"sub-navigation-menu-item current-page-item\">\n                                            <a href=\"https:\/\/www.weidmann-electrical.com\/de\/products\/transformer-accessories\/\">\n                            <span>Transformatorenzubeh\u00f6r<\/span>\n                        <\/a>\n                                    <\/li>\n                    <\/ul>\n    <\/div>\n\n<section class=\"wp-block-cite-wordpress-theme-section has-overlapping-decoration-none has-0-padding-y-top has-0-padding-y-bottom\"><div class=\"theme-section-inner container\"><div class=\"yoast-breadcrumbs\"><span><a href=\"https:\/\/www.weidmann-electrical.com\/de\/\"><svg xmlns=\"http:\/\/www.w3.org\/2000\/svg\" width=\"11\" height=\"10\" viewBox=\"0 0 11 10\" fill=\"none\">\n<path d=\"M10.9971 4.98926C10.9971 5.34075 10.7106 5.61609 10.3859 5.61609H9.77459L9.78797 8.74439C9.78797 8.79711 9.78415 8.84983 9.77841 8.90256V9.2189C9.77841 9.65046 9.43649 10 9.01433 10H8.70869C8.68768 10 8.66667 10 8.64565 9.99805C8.61891 10 8.59217 10 8.56542 10L7.9446 9.99805H7.48615C7.06399 9.99805 6.72206 9.64851 6.72206 9.21695V7.49854C6.72206 7.1529 6.4489 6.87366 6.11079 6.87366H4.88825C4.55014 6.87366 4.27698 7.1529 4.27698 7.49854V9.21695C4.27698 9.64851 3.93505 9.99805 3.51289 9.99805H2.44508C2.41643 9.99805 2.38777 9.99609 2.35912 9.99414C2.3362 9.99609 2.31328 9.99805 2.29035 9.99805H1.98472C1.56256 9.99805 1.22063 9.64851 1.22063 9.21695V7.02988C1.22063 7.0123 1.22063 6.99278 1.22254 6.9752V5.61414H0.61127C0.267431 5.61414 0 5.34075 0 4.98731C0 4.81156 0.0573066 4.65534 0.191022 4.51865L5.08692 0.156219C5.22063 0.0195274 5.37345 0 5.50716 0C5.64088 0 5.7937 0.0390549 5.90831 0.136692L10.787 4.5206C10.9398 4.65729 11.0162 4.81351 10.9971 4.98926Z\" fill=\"#DF3011\"\/>\n<\/svg><\/a> > <span><a href=\"https:\/\/www.weidmann-electrical.com\/de\/products\/\">Produkte<\/a><\/span> > <span><a href=\"https:\/\/www.weidmann-electrical.com\/de\/products\/transformer-accessories\/\">Transformatorenzubeh\u00f6r<\/a><\/span> > <span class=\"breadcrumb_last\" aria-current=\"page\">K\u00fchlung und Fluid\/Str\u00f6hmungsregelung<\/span><\/span><\/div><\/div><\/section>\n\n<section class=\"wp-block-cite-wordpress-theme-section heading-text-pattern has-overlapping-decoration-none has-7-padding-y-top has-7-padding-y-bottom\"><div class=\"theme-section-inner container\">\n<h2 class=\"wp-block-cite-wordpress-theme-heading has-mb-sm has-h2-font-size\" id=\"enhancing-transformer-reliability-through-advanced-thermal-and-fluid-control\">Verbesserung der Transformatorzuverl\u00e4ssigkeit durch optimiertes W\u00e4rme- und Str\u00f6hmungsmanagement<\/h2>\n\n\n\n<p class=\"has-text-align-left\">Ein effektives Thermo- und Str\u00f6hmungsmanagement ist entscheidend f\u00fcr den zuverl\u00e4ssigen und effizienten Betrieb von Leistungs- und Verteiltransformatoren. \u00dcberhitzung, unzureichende \u00d6lzirkulation oder Druckungleichgewichte k\u00f6nnen die Leistung und Lebensdauer erheblich beeintr\u00e4chtigen \u2013 hochwertige K\u00fchl- und Ventilkomponenten sind daher unerl\u00e4sslich. <\/p>\n\n\n\n<p class=\"has-text-align-left\">Weidmann bietet eine Auswahl an leistungsstarkem Zubeh\u00f6 zur Unterst\u00fctzung der W\u00e4rmeabfuhr, des Fl\u00fcssigkeitsstr\u00f6hmung und der Stabilit\u00e4t unter verschiedensten Betriebsbedingungen. Diese Komponenten sichern kritische Transformatorfunktionen, verringern den Wartungsaufwand und erm\u00f6glichen einen sicheren Langzeitbetrieb \u2013 selbst unter extremen Bedingungen. <\/p>\n\n\n\n<hr class=\"wp-block-separator has-alpha-channel-opacity\"\/>\n<\/div><\/section>\n\n<section class=\"wp-block-cite-wordpress-theme-section has-weidmann-white-base-background-color has-background has-overlapping-decoration-none has-0-padding-y-top has-4-padding-y-bottom\"><div class=\"theme-section-inner container\">\n<section class=\"wp-block-cite-wordpress-theme-section has-weidmann-white-base-background-color has-background has-overlapping-decoration-none has-4-padding-y-top has-4-padding-y-bottom\"><div class=\"theme-section-inner container\">\n<div class=\"wp-block-columns is-layout-flex wp-container-core-columns-is-layout-9d6595d7 wp-block-columns-is-layout-flex\">\n<div class=\"wp-block-column is-layout-flow wp-block-column-is-layout-flow\" style=\"flex-basis:66.66%\">\n<h3 class=\"wp-block-cite-wordpress-theme-heading has-mb-sm has-md-font-size\" id=\"about-insulutions-dpe\">Pr\u00e4zisionsventile f\u00fcr Transformatoren und Industrieanwendungen<\/h3>\n\n\n\n<p class=\"has-text-align-left\">Weidmann kooperiert mit United Brass Works, einem anerkannten US-Hersteller hochwertiger Ventile und Gussteile aus Bronze, Sph\u00e4roguss und Stahl. Mit \u00fcber 100 Jahren Produktionserfahrung liefert United bew\u00e4hrte Ventill\u00f6sungen, die speziell auf die Anforderungen der Transformatorenindustrie abgestimmt sind. <\/p>\n\n\n\n<p class=\"has-text-align-left\">Neben einem breiten Lagerprogramm bietet United ma\u00dfgefertigte Komponenten \u2013 von druckdichten NE-Gussteilen bis hin zu vollst\u00e4ndig bearbeiteten und gepr\u00fcften Baugruppen, gefertigt nach Kundenvorgabe in der firmeneigenen Giesserei und Metallbearbeitungswerk.<\/p>\n\n\n\n<p>Diese Produkte sind weltweit exklusiv bei Weidmann Electrical Technology erh\u00e4ltlich.<\/p>\n\n\n\n<p>F\u00fcr weitere Informationen zu diesen Produkten verwenden Sie bitte den untenstehenden Link Kontakt.<\/p>\n\n\n\n    <div class=\"wp-block-weidmann-button-container\">\n        <div class=\"wp-block-weidmann-button primary is-align-left\">\n            <a href=\"https:\/\/www.weidmann-electrical.com\/contact-us\/\"\n               target=\"\"\n               class=\"wp-block-button-link\">kontaktieren Sie uns bitte hier.<\/a>\n        <\/div>\n    <\/div>\n\n\n\n    <div class=\"wp-block-weidmann-button-container\">\n        <div class=\"wp-block-weidmann-button ghost is-align-left\">\n            <a href=\"https:\/\/www.weidmann-electrical.com\/wp-content\/uploads\/sites\/2\/2025\/05\/Transformer-Valves-Catalogue.pdf\"\n               target=\"\"\n               class=\"wp-block-button-link\">Datenblatt herunterladen<\/a>\n        <\/div>\n    <\/div>\n<\/div>\n\n\n\n<div class=\"wp-block-column is-layout-flow wp-block-column-is-layout-flow\" style=\"flex-basis:33.33%\">\n<aside class=\"pullout\">\n            <h2 class=\"pullout--title\">Hauptmerkmale<\/h2>\n    \n            <div class=\"pullout--content\">\n            <ul>\n<li>Robuste Ausf\u00fchrung aus Bronze, Gusseisen und Stahl<\/li>\n<li>Druckdichtes, leckagesicheres Design<\/li>\n<li>Kundenspezifische Bearbeitung m\u00f6glich<\/li>\n<li>Kompatibel mit \u00f6lgef\u00fcllten Transformatoren<\/li>\n<\/ul>\n        <\/div>\n    \n<\/aside>\n\n\n\n<aside class=\"pullout\">\n            <h2 class=\"pullout--title\">Einsatzbereich<\/h2>\n    \n            <div class=\"pullout--content\">\n            <p>Ventile und Zubeh\u00f6r kommen in \u00f6lgef\u00fcllten Leistungs- und Verteiltransformatoren zum Einsatz \u2013 zur Steuerung der Fl\u00fcssigkeitsstr\u00f6hmung, Trennung von Komponenten und Erleichterung von Wartung und Sicherheitsma\u00dfnahmen. Anwendungen umfassen Ablassventile, Probeentnahmeventile, K\u00fchlerabsperrventile und weitere Str\u00f6hmungskomponenten, die f\u00fcr die Performance und das Lebenszyklusmanagement von Transformatoren entscheidend sind. <\/p>\n        <\/div>\n    \n<\/aside>\n<\/div>\n<\/div>\n<\/div><\/section>\n<\/div><\/section>\n\n<section class=\"wp-block-cite-wordpress-theme-section has-light-blue-base-background-color has-background has-overlapping-decoration-none has-4-padding-y-top has-4-padding-y-bottom\"><div class=\"theme-section-inner container\">\n\n<ul class=\"product-cards-grid three-columns\">\n            <li class=\"product-card\">\n                            <figure>\n                    <img decoding=\"async\" src=\"https:\/\/www.weidmann-electrical.com\/wp-content\/uploads\/sites\/2\/2025\/05\/UB-Valve-740-x-500.jpg\"\n                         alt=\"\">\n                <\/figure>\n                                    <h2>Probeentnahmeventil<\/h2>\n                                                    <\/li>\n            <li class=\"product-card\">\n                            <figure>\n                    <img decoding=\"async\" src=\"https:\/\/www.weidmann-electrical.com\/wp-content\/uploads\/sites\/2\/2025\/05\/UB-Radiator-Valve740-x-500.jpg\"\n                         alt=\"\">\n                <\/figure>\n                                    <h2>K\u00fchlerabsperrklappe<\/h2>\n                                                    <\/li>\n    <\/ul>\n\n<\/div><\/section>\n\n<section class=\"wp-block-cite-wordpress-theme-section has-weidmann-white-base-background-color has-background has-overlapping-decoration-none has-7-padding-y-top has-4-padding-y-bottom\"><div class=\"theme-section-inner container\">\n<section class=\"wp-block-cite-wordpress-theme-section has-weidmann-white-base-background-color has-background has-overlapping-decoration-none has-7-padding-y-top has-4-padding-y-bottom\"><div class=\"theme-section-inner container\">\n<div class=\"wp-block-columns is-layout-flex wp-container-core-columns-is-layout-9d6595d7 wp-block-columns-is-layout-flex\">\n<div class=\"wp-block-column is-layout-flow wp-block-column-is-layout-flow\" style=\"flex-basis:66.66%\">\n<h3 class=\"wp-block-cite-wordpress-theme-heading has-mb-sm has-md-font-size\" id=\"about-insulutions-dpe\">Effiziente K\u00fchll\u00f6sungen f\u00fcr zuverl\u00e4ssige Transformatoren<\/h3>\n\n\n\n<p class=\"has-text-align-left\">Die K\u00fchlung eines Transformators ist entscheidend f\u00fcr eine optimale Performance den sie verhindert die \u00dcberhitzung und verl\u00e4ngert die Lebensdauer. \u00dcber unsere Partnerschaft mit Krenz &amp; Company \u2013 einem anerkannten Anbieter hochwertiger, langlebiger und pr\u00e4ziser Ventilatoren \u2013 bietet Weidmann hocheffiziente L\u00fcfterl\u00f6sungen an. Krenz-Ventilatoren gew\u00e4hrleisten gleichm\u00e4\u00dfige Luftstr\u00f6mung und zuverl\u00e4ssiges W\u00e4rmemanagement \u2013 sowohl bei Neuanlagen als auch bei Nachr\u00fcstungen \u2013 f\u00fcr einen sicheren, effizienten Transformatorenbetrieb.   <\/p>\n\n\n\n<p>Diese Produkte sind exklusiv \u00fcber Weidmann Electrical Technology in der Asien-Pazifik- und der europ\u00e4ischen Region erh\u00e4ltlich.<\/p>\n\n\n\n<p>Wenn Sie au\u00dferhalb dieser Region sind und weitere Informationen w\u00fcnschen, kontaktieren Sie uns bitte hier.<\/p>\n\n\n\n    <div class=\"wp-block-weidmann-button-container\">\n        <div class=\"wp-block-weidmann-button primary is-align-left\">\n            <a href=\"https:\/\/www.weidmann-electrical.com\/contact-us\/\"\n               target=\"\"\n               class=\"wp-block-button-link\">kontaktieren Sie uns bitte hier.<\/a>\n        <\/div>\n    <\/div>\n<\/div>\n\n\n\n<div class=\"wp-block-column is-layout-flow wp-block-column-is-layout-flow\" style=\"flex-basis:33.33%\">\n<aside class=\"pullout\">\n            <h2 class=\"pullout--title\">Hauptmerkmale<\/h2>\n    \n            <div class=\"pullout--content\">\n            <ul>\n<li>Hocheffiziente Luftstr\u00f6mung<\/li>\n<li>Robuste Bauweise f\u00fcr den Au\u00dfeneinsatz<\/li>\n<li>Ger\u00e4uscharmer und vibrationsarmer Betrieb<\/li>\n<li>Verf\u00fcgbar in verschiedenen Gr\u00f6\u00dfen und Montagekonfigurationen<\/li>\n<\/ul>\n        <\/div>\n    \n<\/aside>\n\n\n\n<aside class=\"pullout\">\n            <h2 class=\"pullout--title\">Einsatzbereich<\/h2>\n    \n            <div class=\"pullout--content\">\n            <p>K\u00fchlventilatoren regeln die Temperatur von Kern und Wicklungen durch verbesserte \u00d6l- oder Luftzirkulation. Sie eignen sich sowohl f\u00fcr neue Transformatoren als auch zum Nachr\u00fcstungen. Sie stabilisieren die thermischen Bedingungen, senken das \u00dcberhitzungsrisiko und verbessern die Gesamteffizienz und Lebensdauer des Transformators. <\/p>\n        <\/div>\n    \n<\/aside>\n<\/div>\n<\/div>\n<\/div><\/section>\n<\/div><\/section>\n\n<section class=\"wp-block-cite-wordpress-theme-section has-light-blue-base-background-color has-background has-overlapping-decoration-none has-4-padding-y-top has-4-padding-y-bottom\"><div class=\"theme-section-inner container\">\n\n<ul class=\"product-cards-grid three-columns\">\n            <li class=\"product-card\">\n                            <figure>\n                    <img decoding=\"async\" src=\"https:\/\/www.weidmann-electrical.com\/wp-content\/uploads\/sites\/2\/2025\/05\/Cooling-740-x-500.jpg\"\n                         alt=\"\">\n                <\/figure>\n                                    <h2>Ventilator<\/h2>\n                                                    <\/li>\n            <li class=\"product-card\">\n                            <figure>\n                    <img decoding=\"async\" src=\"https:\/\/www.weidmann-electrical.com\/wp-content\/uploads\/sites\/2\/2025\/05\/Krenx-Fan-Close-Up-740-x-500.jpg\"\n                         alt=\"\">\n                <\/figure>\n                                                    <\/li>\n    <\/ul>\n\n\n\n\n<hr class=\"wp-block-separator has-alpha-channel-opacity\"\/>\n<\/div><\/section>\n\n<section class=\"wp-block-cite-wordpress-theme-section has-light-blue-base-background-color has-background has-overlapping-decoration-none has-4-padding-y-top has-8-padding-y-bottom\"><div class=\"theme-section-inner container\">\n<h2 class=\"wp-block-cite-wordpress-theme-heading has-mb-spacing-38 has-h3-font-size\" id=\"related-products\"><strong>\u00c4hnliche Produkte<\/strong><\/h2>\n\n\n\n\n<ul class=\"product-cards-grid three-columns\">\n            <li class=\"product-card\">\n                            <figure>\n                    <a class=\"d-block\" href=\"https:\/\/www.weidmann-electrical.com\/products\/transformer-accessories\/high-voltage-connections\/\"\n                       target=\"_self\">\n                        <img decoding=\"async\" src=\"https:\/\/www.weidmann-electrical.com\/wp-content\/uploads\/sites\/2\/2025\/05\/High-Voltage-Connections-740-x-500.jpg\"\n                             alt=\"\">\n                                                    <h2>Hochspannungsverbindungen<\/h2>\n                                                                    <\/a>\n                <\/figure>\n                    <\/li>\n            <li class=\"product-card\">\n                            <figure>\n                    <a class=\"d-block\" href=\"https:\/\/www.weidmann-electrical.com\/products\/transformer-accessories\/protection-devices\/\"\n                       target=\"_self\">\n                        <img decoding=\"async\" src=\"https:\/\/www.weidmann-electrical.com\/wp-content\/uploads\/sites\/2\/2025\/05\/Protection-Devices-740x500-1.jpg\"\n                             alt=\"\">\n                                                    <h2>Schutzvorrichtungen<\/h2>\n                                                                    <\/a>\n                <\/figure>\n                    <\/li>\n            <li class=\"product-card\">\n                            <figure>\n                    <a class=\"d-block\" href=\"https:\/\/www.weidmann-electrical.com\/products\/transformer-accessories\/tools-and-equipment\/\"\n                       target=\"_self\">\n                        <img decoding=\"async\" src=\"https:\/\/www.weidmann-electrical.com\/wp-content\/uploads\/sites\/2\/2025\/05\/ools-Equipment-740-x-500.jpg\"\n                             alt=\"\">\n                                                    <h2>Werkzeuge<\/h2>\n                                                                    <\/a>\n                <\/figure>\n                    <\/li>\n    <\/ul>\n\n<\/div><\/section>\n","protected":false},"excerpt":{"rendered":"","protected":false},"author":7,"featured_media":0,"parent":4487,"menu_order":0,"comment_status":"closed","ping_status":"closed","template":"","meta":{"_acf_changed":false,"footnotes":""},"class_list":["post-4493","page","type-page","status-publish","hentry"],"acf":[],"yoast_head":"<!-- This site is optimized with the Yoast SEO plugin v27.4 - https:\/\/yoast.com\/product\/yoast-seo-wordpress\/ -->\n<title>K\u00fchlung und Fluid\/Str\u00f6hmungsregelung - Weidmann Electrical Technology<\/title>\n<meta name=\"robots\" content=\"index, follow, max-snippet:-1, max-image-preview:large, max-video-preview:-1\" \/>\n<link rel=\"canonical\" href=\"https:\/\/www.weidmann-electrical.com\/de\/products\/transformer-accessories\/cooling-and-fluid-control\/\" \/>\n<meta property=\"og:locale\" content=\"de_DE\" \/>\n<meta property=\"og:type\" content=\"article\" \/>\n<meta property=\"og:title\" content=\"K\u00fchlung und Fluid\/Str\u00f6hmungsregelung - Weidmann Electrical Technology\" \/>\n<meta property=\"og:url\" content=\"https:\/\/www.weidmann-electrical.com\/de\/products\/transformer-accessories\/cooling-and-fluid-control\/\" \/>\n<meta property=\"og:site_name\" content=\"Weidmann Electrical Technology\" \/>\n<meta property=\"article:modified_time\" content=\"2026-01-26T21:07:53+00:00\" \/>\n<meta name=\"twitter:card\" content=\"summary_large_image\" \/>\n<meta name=\"twitter:label1\" content=\"Est. reading time\" \/>\n\t<meta name=\"twitter:data1\" content=\"2 Minuten\" \/>\n<script type=\"application\/ld+json\" class=\"yoast-schema-graph\">{\"@context\":\"https:\\\/\\\/schema.org\",\"@graph\":[{\"@type\":\"WebPage\",\"@id\":\"https:\\\/\\\/www.weidmann-electrical.com\\\/de\\\/products\\\/transformer-accessories\\\/cooling-and-fluid-control\\\/\",\"url\":\"https:\\\/\\\/www.weidmann-electrical.com\\\/de\\\/products\\\/transformer-accessories\\\/cooling-and-fluid-control\\\/\",\"name\":\"K\u00fchlung und Fluid\\\/Str\u00f6hmungsregelung - Weidmann Electrical Technology\",\"isPartOf\":{\"@id\":\"https:\\\/\\\/www.weidmann-electrical.com\\\/de\\\/#website\"},\"datePublished\":\"2025-05-02T16:41:08+00:00\",\"dateModified\":\"2026-01-26T21:07:53+00:00\",\"breadcrumb\":{\"@id\":\"https:\\\/\\\/www.weidmann-electrical.com\\\/de\\\/products\\\/transformer-accessories\\\/cooling-and-fluid-control\\\/#breadcrumb\"},\"inLanguage\":\"de-DE\",\"potentialAction\":[{\"@type\":\"ReadAction\",\"target\":[\"https:\\\/\\\/www.weidmann-electrical.com\\\/de\\\/products\\\/transformer-accessories\\\/cooling-and-fluid-control\\\/\"]}]},{\"@type\":\"BreadcrumbList\",\"@id\":\"https:\\\/\\\/www.weidmann-electrical.com\\\/de\\\/products\\\/transformer-accessories\\\/cooling-and-fluid-control\\\/#breadcrumb\",\"itemListElement\":[{\"@type\":\"ListItem\",\"position\":1,\"name\":\"Home\",\"item\":\"https:\\\/\\\/www.weidmann-electrical.com\\\/de\\\/\"},{\"@type\":\"ListItem\",\"position\":2,\"name\":\"Produkte\",\"item\":\"https:\\\/\\\/www.weidmann-electrical.com\\\/de\\\/products\\\/\"},{\"@type\":\"ListItem\",\"position\":3,\"name\":\"Transformatorenzubeh\u00f6r\",\"item\":\"https:\\\/\\\/www.weidmann-electrical.com\\\/de\\\/products\\\/transformer-accessories\\\/\"},{\"@type\":\"ListItem\",\"position\":4,\"name\":\"K\u00fchlung und Fluid\\\/Str\u00f6hmungsregelung\"}]},{\"@type\":\"WebSite\",\"@id\":\"https:\\\/\\\/www.weidmann-electrical.com\\\/de\\\/#website\",\"url\":\"https:\\\/\\\/www.weidmann-electrical.com\\\/de\\\/\",\"name\":\"Weidmann Electrical\",\"description\":\"\",\"potentialAction\":[{\"@type\":\"SearchAction\",\"target\":{\"@type\":\"EntryPoint\",\"urlTemplate\":\"https:\\\/\\\/www.weidmann-electrical.com\\\/de\\\/?s={search_term_string}\"},\"query-input\":{\"@type\":\"PropertyValueSpecification\",\"valueRequired\":true,\"valueName\":\"search_term_string\"}}],\"inLanguage\":\"de-DE\"}]}<\/script>\n<!-- \/ Yoast SEO plugin. -->","yoast_head_json":{"title":"K\u00fchlung und Fluid\/Str\u00f6hmungsregelung - Weidmann Electrical Technology","robots":{"index":"index","follow":"follow","max-snippet":"max-snippet:-1","max-image-preview":"max-image-preview:large","max-video-preview":"max-video-preview:-1"},"canonical":"https:\/\/www.weidmann-electrical.com\/de\/products\/transformer-accessories\/cooling-and-fluid-control\/","og_locale":"de_DE","og_type":"article","og_title":"K\u00fchlung und Fluid\/Str\u00f6hmungsregelung - Weidmann Electrical Technology","og_url":"https:\/\/www.weidmann-electrical.com\/de\/products\/transformer-accessories\/cooling-and-fluid-control\/","og_site_name":"Weidmann Electrical Technology","article_modified_time":"2026-01-26T21:07:53+00:00","twitter_card":"summary_large_image","twitter_misc":{"Est. reading time":"2 Minuten"},"schema":{"@context":"https:\/\/schema.org","@graph":[{"@type":"WebPage","@id":"https:\/\/www.weidmann-electrical.com\/de\/products\/transformer-accessories\/cooling-and-fluid-control\/","url":"https:\/\/www.weidmann-electrical.com\/de\/products\/transformer-accessories\/cooling-and-fluid-control\/","name":"K\u00fchlung und Fluid\/Str\u00f6hmungsregelung - Weidmann Electrical Technology","isPartOf":{"@id":"https:\/\/www.weidmann-electrical.com\/de\/#website"},"datePublished":"2025-05-02T16:41:08+00:00","dateModified":"2026-01-26T21:07:53+00:00","breadcrumb":{"@id":"https:\/\/www.weidmann-electrical.com\/de\/products\/transformer-accessories\/cooling-and-fluid-control\/#breadcrumb"},"inLanguage":"de-DE","potentialAction":[{"@type":"ReadAction","target":["https:\/\/www.weidmann-electrical.com\/de\/products\/transformer-accessories\/cooling-and-fluid-control\/"]}]},{"@type":"BreadcrumbList","@id":"https:\/\/www.weidmann-electrical.com\/de\/products\/transformer-accessories\/cooling-and-fluid-control\/#breadcrumb","itemListElement":[{"@type":"ListItem","position":1,"name":"Home","item":"https:\/\/www.weidmann-electrical.com\/de\/"},{"@type":"ListItem","position":2,"name":"Produkte","item":"https:\/\/www.weidmann-electrical.com\/de\/products\/"},{"@type":"ListItem","position":3,"name":"Transformatorenzubeh\u00f6r","item":"https:\/\/www.weidmann-electrical.com\/de\/products\/transformer-accessories\/"},{"@type":"ListItem","position":4,"name":"K\u00fchlung und Fluid\/Str\u00f6hmungsregelung"}]},{"@type":"WebSite","@id":"https:\/\/www.weidmann-electrical.com\/de\/#website","url":"https:\/\/www.weidmann-electrical.com\/de\/","name":"Weidmann Electrical","description":"","potentialAction":[{"@type":"SearchAction","target":{"@type":"EntryPoint","urlTemplate":"https:\/\/www.weidmann-electrical.com\/de\/?s={search_term_string}"},"query-input":{"@type":"PropertyValueSpecification","valueRequired":true,"valueName":"search_term_string"}}],"inLanguage":"de-DE"}]}},"_links":{"self":[{"href":"https:\/\/www.weidmann-electrical.com\/de\/wp-json\/wp\/v2\/pages\/4493","targetHints":{"allow":["GET"]}}],"collection":[{"href":"https:\/\/www.weidmann-electrical.com\/de\/wp-json\/wp\/v2\/pages"}],"about":[{"href":"https:\/\/www.weidmann-electrical.com\/de\/wp-json\/wp\/v2\/types\/page"}],"author":[{"embeddable":true,"href":"https:\/\/www.weidmann-electrical.com\/de\/wp-json\/wp\/v2\/users\/7"}],"replies":[{"embeddable":true,"href":"https:\/\/www.weidmann-electrical.com\/de\/wp-json\/wp\/v2\/comments?post=4493"}],"version-history":[{"count":0,"href":"https:\/\/www.weidmann-electrical.com\/de\/wp-json\/wp\/v2\/pages\/4493\/revisions"}],"up":[{"embeddable":true,"href":"https:\/\/www.weidmann-electrical.com\/de\/wp-json\/wp\/v2\/pages\/4487"}],"wp:attachment":[{"href":"https:\/\/www.weidmann-electrical.com\/de\/wp-json\/wp\/v2\/media?parent=4493"}],"curies":[{"name":"wp","href":"https:\/\/api.w.org\/{rel}","templated":true}]}}