{"id":4500,"date":"2025-05-02T15:03:00","date_gmt":"2025-05-02T15:03:00","guid":{"rendered":"https:\/\/www.weidmann-electrical.com\/products\/transformer-accessories\/materials-and-insulation\/"},"modified":"2026-04-17T12:51:23","modified_gmt":"2026-04-17T12:51:23","slug":"adhesive-dielectric-tapes","status":"publish","type":"page","link":"https:\/\/www.weidmann-electrical.com\/de\/products\/transformer-accessories\/adhesive-dielectric-tapes\/","title":{"rendered":"Selbstklebende dielektrische Isolationsb\u00e4nder"},"content":{"rendered":"\n\n\n<div class=\"sub-hero wp-block-cite-wordpress-theme-section\">\n                    <img decoding=\"async\" class=\"sub-hero-image\"\n             src=\"https:\/\/www.weidmann-electrical.com\/wp-content\/uploads\/sites\/2\/2025\/05\/NOMEX_Zubehoer_Kombi_DL-Kopie-3840x1200-1-scaled.jpg\"\n             alt=\"\"\n             style=\"object-position: 50% 50%; object-fit: cover;\">\n    \n    <div class=\"sub-hero-wrapper\">\n                    \n\n<h1 class=\"wp-block-heading\"><strong><strong>Selbstklebende dielektrische Isolationsb\u00e4nder<\/strong><\/strong><\/h1>\n\n\n            <\/div>\n\n    <div class=\"sub-hero-overlay\"><\/div>\n<\/div>\n\n    <div class=\"sub-navigation is-overlapped\">\n        <ul class=\"sub-navigation-menu\">\n                            <li class=\"sub-navigation-menu-item \">\n                                            <a href=\"https:\/\/www.weidmann-electrical.com\/de\/products\/transformerboard\/\">\n                            Transformerboard                        <\/a>\n                                    <\/li>\n                            <li class=\"sub-navigation-menu-item \">\n                                            <a href=\"https:\/\/www.weidmann-electrical.com\/de\/products\/isolierpapier\/\">\n                            Isolationspapier                        <\/a>\n                                    <\/li>\n                            <li class=\"sub-navigation-menu-item \">\n                                            <a href=\"https:\/\/www.weidmann-electrical.com\/de\/products\/insulation-components\/\">\n                            Isolationskomponenten                        <\/a>\n                                    <\/li>\n                            <li class=\"sub-navigation-menu-item current-page-item\">\n                                            <a href=\"https:\/\/www.weidmann-electrical.com\/de\/products\/transformer-accessories\/\">\n                            <span>Transformatorenzubeh\u00f6r<\/span>\n                        <\/a>\n                                    <\/li>\n                    <\/ul>\n    <\/div>\n\n<section class=\"wp-block-cite-wordpress-theme-section has-overlapping-decoration-none has-0-padding-y-top has-0-padding-y-bottom\"><div class=\"theme-section-inner container\"><div class=\"yoast-breadcrumbs\"><span><a href=\"https:\/\/www.weidmann-electrical.com\/de\/\"><svg xmlns=\"http:\/\/www.w3.org\/2000\/svg\" width=\"11\" height=\"10\" viewBox=\"0 0 11 10\" fill=\"none\">\n<path d=\"M10.9971 4.98926C10.9971 5.34075 10.7106 5.61609 10.3859 5.61609H9.77459L9.78797 8.74439C9.78797 8.79711 9.78415 8.84983 9.77841 8.90256V9.2189C9.77841 9.65046 9.43649 10 9.01433 10H8.70869C8.68768 10 8.66667 10 8.64565 9.99805C8.61891 10 8.59217 10 8.56542 10L7.9446 9.99805H7.48615C7.06399 9.99805 6.72206 9.64851 6.72206 9.21695V7.49854C6.72206 7.1529 6.4489 6.87366 6.11079 6.87366H4.88825C4.55014 6.87366 4.27698 7.1529 4.27698 7.49854V9.21695C4.27698 9.64851 3.93505 9.99805 3.51289 9.99805H2.44508C2.41643 9.99805 2.38777 9.99609 2.35912 9.99414C2.3362 9.99609 2.31328 9.99805 2.29035 9.99805H1.98472C1.56256 9.99805 1.22063 9.64851 1.22063 9.21695V7.02988C1.22063 7.0123 1.22063 6.99278 1.22254 6.9752V5.61414H0.61127C0.267431 5.61414 0 5.34075 0 4.98731C0 4.81156 0.0573066 4.65534 0.191022 4.51865L5.08692 0.156219C5.22063 0.0195274 5.37345 0 5.50716 0C5.64088 0 5.7937 0.0390549 5.90831 0.136692L10.787 4.5206C10.9398 4.65729 11.0162 4.81351 10.9971 4.98926Z\" fill=\"#DF3011\"\/>\n<\/svg><\/a> > <span><a href=\"https:\/\/www.weidmann-electrical.com\/de\/products\/\">Produkte<\/a><\/span> > <span><a href=\"https:\/\/www.weidmann-electrical.com\/de\/products\/transformer-accessories\/\">Transformatorenzubeh\u00f6r<\/a><\/span> > <span class=\"breadcrumb_last\" aria-current=\"page\">Selbstklebende dielektrische Isolationsb\u00e4nder<\/span><\/span><\/div><\/div><\/section>\n\n<section class=\"wp-block-cite-wordpress-theme-section has-weidmann-white-base-background-color has-background has-overlapping-decoration-none has-0-padding-y-top has-4-padding-y-bottom\"><div class=\"theme-section-inner container\">\n<section class=\"wp-block-cite-wordpress-theme-section has-weidmann-white-base-background-color has-background has-overlapping-decoration-none has-7-padding-y-top has-4-padding-y-bottom\"><div class=\"theme-section-inner container\">\n<div class=\"wp-block-columns is-layout-flex wp-container-core-columns-is-layout-9d6595d7 wp-block-columns-is-layout-flex\">\n<div class=\"wp-block-column is-layout-flow wp-block-column-is-layout-flow\" style=\"flex-basis:66.66%\">\n<h2 class=\"wp-block-cite-wordpress-theme-heading has-mb-spacing-38 has-h2-font-size\" id=\"about-insulutions-dpe\">Hochwertige, langlebige Klebeb\u00e4nder<\/h2>\n\n\n\n<p class=\"has-text-align-left\">Selbstklebende dielektrische Klebeb\u00e4nder spielen eine zentrale Rolle in Transformator-Isolationssystemen. Sie vereinen elektrische Isolation mit W\u00e4rmemanagement und bieten zuverl\u00e4ssige Langzeitleistung. Diese Spezialb\u00e4nder sind ausgelegt auf hohe dielektrische Festigkeit, Temperaturbest\u00e4ndigkeit und mechanische Stabilit\u00e4t unter anspruchsvollen Betriebsbedingungen. <\/p>\n\n\n\n<p>Sie dienen zum Umwickeln, Schichten, B\u00fcndeln und Fixieren von Isolierkomponenten und tragen zur elektrischen Isolation sowie zur effektiven W\u00e4rmeableitung bei. Das richtige Band sichert die dielektrische Integrit\u00e4t, begrenzt Hotspots, verl\u00e4ngert die Lebensdauer der Isolierung und optimiert die thermische Balance im Transformator. <\/p>\n\n\n\n<p class=\"has-text-align-left\">Weidmann bietet ein Sortiment hochwertiger Klebeb\u00e4nder f\u00fcr verschiedene Anwendungen in Leistungs- und Verteiltransformatoren an \u2013 ausgew\u00e4hlt nach Leistung, Langlebigkeit und Kompatibilit\u00e4t mit transformatorgeeigneten Materialien.<\/p>\n\n\n\n    <div class=\"wp-block-weidmann-button-container\">\n        <div class=\"wp-block-weidmann-button primary is-align-left\">\n            <a href=\"https:\/\/www.weidmann-electrical.com\/de\/kontakt\/\"\n               target=\"\"\n               class=\"wp-block-button-link\">kontaktieren Sie uns bitte hier.<\/a>\n        <\/div>\n    <\/div>\n\n\n\n    <div class=\"wp-block-weidmann-button-container\">\n        <div class=\"wp-block-weidmann-button ghost is-align-left\">\n            <a href=\"https:\/\/www.weidmann-electrical.com\/wp-content\/uploads\/sites\/2\/2025\/05\/Tapes-and-adhesives-weidmann.pdf\"\n               target=\"_blank\"\n               class=\"wp-block-button-link\">Datenblatt herunterladen<\/a>\n        <\/div>\n    <\/div>\n<\/div>\n\n\n\n<div class=\"wp-block-column is-layout-flow wp-block-column-is-layout-flow\" style=\"flex-basis:33.33%\">\n<aside class=\"pullout\">\n            <h2 class=\"pullout--title\">Hauptmerkmale<\/h2>\n    \n            <div class=\"pullout--content\">\n            <ul>\n<li>Hohe dielektrische Festigkeit<\/li>\n<li>Ausgezeichnete W\u00e4rmebest\u00e4ndigkeit<\/li>\n<li>Starke Haftung auf Isolationsmaterialien<\/li>\n<li>Widerstandsf\u00e4hig bei mechanischer und thermischer Belastung<\/li>\n<\/ul>\n        <\/div>\n    \n<\/aside>\n\n\n\n<aside class=\"pullout\">\n            <h2 class=\"pullout--title\">Einsatzbereich<\/h2>\n    \n            <div class=\"pullout--content\">\n            <p>Selbstklebende dielektrische Klebeb\u00e4nder werden in internen Isolationssystemen von Leistungs- und Verteiltransformatoren eingesetzt \u2013 f\u00fcr elektrische Isolation und thermische Stabilit\u00e4t. Typische Anwendungen sind Lagenisolation, B\u00fcndelung von Leitern, Fixierung von Abg\u00e4ngen und Begrenzung von Hotspots in \u00d6lgef\u00fcllten- und Trocken-Transformatoren. <\/p>\n        <\/div>\n    \n<\/aside>\n<\/div>\n<\/div>\n<\/div><\/section>\n<\/div><\/section>\n\n<section class=\"wp-block-cite-wordpress-theme-section has-light-blue-base-background-color has-background has-overlapping-decoration-none has-4-padding-y-top has-4-padding-y-bottom\"><div class=\"theme-section-inner container\">\n\n<ul class=\"product-cards-grid three-columns\">\n            <li class=\"product-card\">\n                            <figure>\n                    <img decoding=\"async\" src=\"https:\/\/www.weidmann-electrical.com\/wp-content\/uploads\/sites\/2\/2025\/06\/WET-2401_3218-auf-HG.jpg\"\n                         alt=\"\">\n                <\/figure>\n                                    <h2>2401 Verst\u00e4rktes Klebeband<\/h2>\n                                                    <\/li>\n            <li class=\"product-card\">\n                            <figure>\n                    <img decoding=\"async\" src=\"https:\/\/www.weidmann-electrical.com\/wp-content\/uploads\/sites\/2\/2025\/06\/WET-2451-3206-auf-HG-copy.jpg\"\n                         alt=\"\">\n                <\/figure>\n                                    <h2>2451 Elektrisches Isolierband<\/h2>\n                                                    <\/li>\n    <\/ul>\n\n\n\n\n<hr class=\"wp-block-separator has-alpha-channel-opacity\"\/>\n<\/div><\/section>\n\n<section class=\"wp-block-cite-wordpress-theme-section has-light-blue-base-background-color has-background has-overlapping-decoration-none has-4-padding-y-top has-8-padding-y-bottom\"><div class=\"theme-section-inner container\">\n<h2 class=\"wp-block-cite-wordpress-theme-heading has-mb-spacing-38 has-h3-font-size\" id=\"related-products\"><strong>\u00c4hnliche Produkte<\/strong><\/h2>\n\n\n\n\n<ul class=\"product-cards-grid three-columns\">\n            <li class=\"product-card\">\n                            <figure>\n                    <a class=\"d-block\" href=\"https:\/\/www.weidmann-electrical.com\/de\/products\/transformer-accessories\/high-voltage-connections\/\"\n                       target=\"_self\">\n                        <img decoding=\"async\" src=\"https:\/\/www.weidmann-electrical.com\/wp-content\/uploads\/sites\/2\/2025\/05\/High-Voltage-Connections-740-x-500.jpg\"\n                             alt=\"\">\n                                                    <h2>Hochspannungsverbindungen<\/h2>\n                                                                    <\/a>\n                <\/figure>\n                    <\/li>\n            <li class=\"product-card\">\n                            <figure>\n                    <a class=\"d-block\" href=\"https:\/\/www.weidmann-electrical.com\/de\/products\/transformer-accessories\/cooling-and-fluid-control\/\"\n                       target=\"_self\">\n                        <img decoding=\"async\" src=\"https:\/\/www.weidmann-electrical.com\/wp-content\/uploads\/sites\/2\/2025\/05\/Cooling-740-x-500.jpg\"\n                             alt=\"\">\n                                                    <h2>K\u00fchlung und Fluid\/Str\u00f6hmungsregelung<\/h2>\n                                                                    <\/a>\n                <\/figure>\n                    <\/li>\n            <li class=\"product-card\">\n                            <figure>\n                    <a class=\"d-block\" href=\"https:\/\/www.weidmann-electrical.com\/de\/products\/transformer-accessories\/tools-and-equipment\/\"\n                       target=\"_self\">\n                        <img decoding=\"async\" src=\"https:\/\/www.weidmann-electrical.com\/wp-content\/uploads\/sites\/2\/2025\/05\/ools-Equipment-740-x-500.jpg\"\n                             alt=\"\">\n                                                    <h2>Werkzeuge<\/h2>\n                                                                    <\/a>\n                <\/figure>\n                    <\/li>\n    <\/ul>\n\n<\/div><\/section>\n","protected":false},"excerpt":{"rendered":"","protected":false},"author":7,"featured_media":0,"parent":4487,"menu_order":0,"comment_status":"closed","ping_status":"closed","template":"","meta":{"_acf_changed":false,"footnotes":""},"class_list":["post-4500","page","type-page","status-publish","hentry"],"acf":[],"yoast_head":"<!-- This site is optimized with the Yoast SEO plugin v27.4 - https:\/\/yoast.com\/product\/yoast-seo-wordpress\/ -->\n<title>Selbstklebende dielektrische Isolationsb\u00e4nder - Weidmann Electrical Technology<\/title>\n<meta name=\"robots\" content=\"index, follow, max-snippet:-1, max-image-preview:large, max-video-preview:-1\" \/>\n<link rel=\"canonical\" href=\"https:\/\/www.weidmann-electrical.com\/de\/products\/transformer-accessories\/adhesive-dielectric-tapes\/\" \/>\n<meta property=\"og:locale\" content=\"de_DE\" \/>\n<meta property=\"og:type\" content=\"article\" \/>\n<meta property=\"og:title\" content=\"Selbstklebende dielektrische Isolationsb\u00e4nder - Weidmann Electrical Technology\" \/>\n<meta property=\"og:url\" content=\"https:\/\/www.weidmann-electrical.com\/de\/products\/transformer-accessories\/adhesive-dielectric-tapes\/\" \/>\n<meta property=\"og:site_name\" content=\"Weidmann Electrical Technology\" \/>\n<meta property=\"article:modified_time\" content=\"2026-04-17T12:51:23+00:00\" \/>\n<meta name=\"twitter:card\" content=\"summary_large_image\" \/>\n<meta name=\"twitter:label1\" content=\"Est. reading time\" \/>\n\t<meta name=\"twitter:data1\" content=\"1 Minute\" \/>\n<script type=\"application\/ld+json\" class=\"yoast-schema-graph\">{\"@context\":\"https:\\\/\\\/schema.org\",\"@graph\":[{\"@type\":\"WebPage\",\"@id\":\"https:\\\/\\\/www.weidmann-electrical.com\\\/de\\\/products\\\/transformer-accessories\\\/adhesive-dielectric-tapes\\\/\",\"url\":\"https:\\\/\\\/www.weidmann-electrical.com\\\/de\\\/products\\\/transformer-accessories\\\/adhesive-dielectric-tapes\\\/\",\"name\":\"Selbstklebende dielektrische Isolationsb\u00e4nder - Weidmann Electrical Technology\",\"isPartOf\":{\"@id\":\"https:\\\/\\\/www.weidmann-electrical.com\\\/de\\\/#website\"},\"datePublished\":\"2025-05-02T15:03:00+00:00\",\"dateModified\":\"2026-04-17T12:51:23+00:00\",\"breadcrumb\":{\"@id\":\"https:\\\/\\\/www.weidmann-electrical.com\\\/de\\\/products\\\/transformer-accessories\\\/adhesive-dielectric-tapes\\\/#breadcrumb\"},\"inLanguage\":\"de-DE\",\"potentialAction\":[{\"@type\":\"ReadAction\",\"target\":[\"https:\\\/\\\/www.weidmann-electrical.com\\\/de\\\/products\\\/transformer-accessories\\\/adhesive-dielectric-tapes\\\/\"]}]},{\"@type\":\"BreadcrumbList\",\"@id\":\"https:\\\/\\\/www.weidmann-electrical.com\\\/de\\\/products\\\/transformer-accessories\\\/adhesive-dielectric-tapes\\\/#breadcrumb\",\"itemListElement\":[{\"@type\":\"ListItem\",\"position\":1,\"name\":\"Home\",\"item\":\"https:\\\/\\\/www.weidmann-electrical.com\\\/de\\\/\"},{\"@type\":\"ListItem\",\"position\":2,\"name\":\"Produkte\",\"item\":\"https:\\\/\\\/www.weidmann-electrical.com\\\/de\\\/products\\\/\"},{\"@type\":\"ListItem\",\"position\":3,\"name\":\"Transformatorenzubeh\u00f6r\",\"item\":\"https:\\\/\\\/www.weidmann-electrical.com\\\/de\\\/products\\\/transformer-accessories\\\/\"},{\"@type\":\"ListItem\",\"position\":4,\"name\":\"Selbstklebende dielektrische Isolationsb\u00e4nder\"}]},{\"@type\":\"WebSite\",\"@id\":\"https:\\\/\\\/www.weidmann-electrical.com\\\/de\\\/#website\",\"url\":\"https:\\\/\\\/www.weidmann-electrical.com\\\/de\\\/\",\"name\":\"Weidmann Electrical\",\"description\":\"\",\"potentialAction\":[{\"@type\":\"SearchAction\",\"target\":{\"@type\":\"EntryPoint\",\"urlTemplate\":\"https:\\\/\\\/www.weidmann-electrical.com\\\/de\\\/?s={search_term_string}\"},\"query-input\":{\"@type\":\"PropertyValueSpecification\",\"valueRequired\":true,\"valueName\":\"search_term_string\"}}],\"inLanguage\":\"de-DE\"}]}<\/script>\n<!-- \/ Yoast SEO plugin. -->","yoast_head_json":{"title":"Selbstklebende dielektrische Isolationsb\u00e4nder - Weidmann Electrical Technology","robots":{"index":"index","follow":"follow","max-snippet":"max-snippet:-1","max-image-preview":"max-image-preview:large","max-video-preview":"max-video-preview:-1"},"canonical":"https:\/\/www.weidmann-electrical.com\/de\/products\/transformer-accessories\/adhesive-dielectric-tapes\/","og_locale":"de_DE","og_type":"article","og_title":"Selbstklebende dielektrische Isolationsb\u00e4nder - Weidmann Electrical Technology","og_url":"https:\/\/www.weidmann-electrical.com\/de\/products\/transformer-accessories\/adhesive-dielectric-tapes\/","og_site_name":"Weidmann Electrical Technology","article_modified_time":"2026-04-17T12:51:23+00:00","twitter_card":"summary_large_image","twitter_misc":{"Est. reading time":"1 Minute"},"schema":{"@context":"https:\/\/schema.org","@graph":[{"@type":"WebPage","@id":"https:\/\/www.weidmann-electrical.com\/de\/products\/transformer-accessories\/adhesive-dielectric-tapes\/","url":"https:\/\/www.weidmann-electrical.com\/de\/products\/transformer-accessories\/adhesive-dielectric-tapes\/","name":"Selbstklebende dielektrische Isolationsb\u00e4nder - Weidmann Electrical Technology","isPartOf":{"@id":"https:\/\/www.weidmann-electrical.com\/de\/#website"},"datePublished":"2025-05-02T15:03:00+00:00","dateModified":"2026-04-17T12:51:23+00:00","breadcrumb":{"@id":"https:\/\/www.weidmann-electrical.com\/de\/products\/transformer-accessories\/adhesive-dielectric-tapes\/#breadcrumb"},"inLanguage":"de-DE","potentialAction":[{"@type":"ReadAction","target":["https:\/\/www.weidmann-electrical.com\/de\/products\/transformer-accessories\/adhesive-dielectric-tapes\/"]}]},{"@type":"BreadcrumbList","@id":"https:\/\/www.weidmann-electrical.com\/de\/products\/transformer-accessories\/adhesive-dielectric-tapes\/#breadcrumb","itemListElement":[{"@type":"ListItem","position":1,"name":"Home","item":"https:\/\/www.weidmann-electrical.com\/de\/"},{"@type":"ListItem","position":2,"name":"Produkte","item":"https:\/\/www.weidmann-electrical.com\/de\/products\/"},{"@type":"ListItem","position":3,"name":"Transformatorenzubeh\u00f6r","item":"https:\/\/www.weidmann-electrical.com\/de\/products\/transformer-accessories\/"},{"@type":"ListItem","position":4,"name":"Selbstklebende dielektrische Isolationsb\u00e4nder"}]},{"@type":"WebSite","@id":"https:\/\/www.weidmann-electrical.com\/de\/#website","url":"https:\/\/www.weidmann-electrical.com\/de\/","name":"Weidmann Electrical","description":"","potentialAction":[{"@type":"SearchAction","target":{"@type":"EntryPoint","urlTemplate":"https:\/\/www.weidmann-electrical.com\/de\/?s={search_term_string}"},"query-input":{"@type":"PropertyValueSpecification","valueRequired":true,"valueName":"search_term_string"}}],"inLanguage":"de-DE"}]}},"_links":{"self":[{"href":"https:\/\/www.weidmann-electrical.com\/de\/wp-json\/wp\/v2\/pages\/4500","targetHints":{"allow":["GET"]}}],"collection":[{"href":"https:\/\/www.weidmann-electrical.com\/de\/wp-json\/wp\/v2\/pages"}],"about":[{"href":"https:\/\/www.weidmann-electrical.com\/de\/wp-json\/wp\/v2\/types\/page"}],"author":[{"embeddable":true,"href":"https:\/\/www.weidmann-electrical.com\/de\/wp-json\/wp\/v2\/users\/7"}],"replies":[{"embeddable":true,"href":"https:\/\/www.weidmann-electrical.com\/de\/wp-json\/wp\/v2\/comments?post=4500"}],"version-history":[{"count":1,"href":"https:\/\/www.weidmann-electrical.com\/de\/wp-json\/wp\/v2\/pages\/4500\/revisions"}],"predecessor-version":[{"id":7443,"href":"https:\/\/www.weidmann-electrical.com\/de\/wp-json\/wp\/v2\/pages\/4500\/revisions\/7443"}],"up":[{"embeddable":true,"href":"https:\/\/www.weidmann-electrical.com\/de\/wp-json\/wp\/v2\/pages\/4487"}],"wp:attachment":[{"href":"https:\/\/www.weidmann-electrical.com\/de\/wp-json\/wp\/v2\/media?parent=4500"}],"curies":[{"name":"wp","href":"https:\/\/api.w.org\/{rel}","templated":true}]}}