{"id":4525,"date":"2025-04-07T14:17:24","date_gmt":"2025-04-07T14:17:24","guid":{"rendered":"https:\/\/www.weidmann-electrical.com\/solutions\/renewables\/"},"modified":"2026-04-17T05:27:19","modified_gmt":"2026-04-17T05:27:19","slug":"erneuerbare-energien","status":"publish","type":"page","link":"https:\/\/www.weidmann-electrical.com\/de\/loesungen\/erneuerbare-energien\/","title":{"rendered":"Erneuerbare Energien"},"content":{"rendered":"\n\n\n<div class=\"sub-hero wp-block-cite-wordpress-theme-section\">\n                    <img decoding=\"async\" class=\"sub-hero-image\"\n             src=\"https:\/\/www.weidmann-electrical.com\/wp-content\/uploads\/sites\/2\/2025\/05\/iStock-1492572052-renewables.-header-scaled.jpg\"\n             alt=\"\"\n             style=\"object-position: 50% 50%; object-fit: cover;\">\n    \n    <div class=\"sub-hero-wrapper\">\n                    \n\n<h1 class=\"wp-block-heading\">Erneuerbare Energien<\/h1>\n\n\n            <\/div>\n\n    <div class=\"sub-hero-overlay\"><\/div>\n<\/div>\n\n    <div class=\"sub-navigation is-overlapped\">\n        <ul class=\"sub-navigation-menu\">\n                            <li class=\"sub-navigation-menu-item \">\n                                            <a href=\"https:\/\/www.weidmann-electrical.com\/de\/loesungen\/leistungstransformatoren\/\">\n                            Leistungstransformatoren                        <\/a>\n                                    <\/li>\n                            <li class=\"sub-navigation-menu-item \">\n                                            <a href=\"https:\/\/www.weidmann-electrical.com\/de\/loesungen\/verteiltransformatoren\/\">\n                            Verteiltransformatoren                        <\/a>\n                                    <\/li>\n                            <li class=\"sub-navigation-menu-item \">\n                                            <a href=\"https:\/\/www.weidmann-electrical.com\/de\/loesungen\/messwandler\/\">\n                            Messwandler                        <\/a>\n                                    <\/li>\n                            <li class=\"sub-navigation-menu-item current-page-item\">\n                                            <a href=\"https:\/\/www.weidmann-electrical.com\/de\/loesungen\/erneuerbare-energien\/\">\n                            <span>Erneuerbare Energien<\/span>\n                        <\/a>\n                                    <\/li>\n                            <li class=\"sub-navigation-menu-item \">\n                                            <a href=\"https:\/\/www.weidmann-electrical.com\/de\/loesungen\/rechenzentrendata-centers\/\">\n                            Rechenzentren                        <\/a>\n                                    <\/li>\n                            <li class=\"sub-navigation-menu-item \">\n                                            <a href=\"https:\/\/www.weidmann-electrical.com\/de\/loesungen\/durchfuehrungen-und-kabel\/\">\n                            Durchf\u00fchrungen und Kabel                        <\/a>\n                                    <\/li>\n                            <li class=\"sub-navigation-menu-item \">\n                                            <a href=\"https:\/\/www.weidmann-electrical.com\/de\/loesungen\/transformatoren-der-bahntechnik\/\">\n                            Transformatoren der Bahntechnik                        <\/a>\n                                    <\/li>\n                    <\/ul>\n    <\/div>\n\n<section class=\"wp-block-cite-wordpress-theme-section has-overlapping-decoration-none has-0-padding-y-top has-0-padding-y-bottom\"><div class=\"theme-section-inner container\"><div class=\"yoast-breadcrumbs\"><span><a href=\"https:\/\/www.weidmann-electrical.com\/de\/\"><svg xmlns=\"http:\/\/www.w3.org\/2000\/svg\" width=\"11\" height=\"10\" viewBox=\"0 0 11 10\" fill=\"none\">\n<path d=\"M10.9971 4.98926C10.9971 5.34075 10.7106 5.61609 10.3859 5.61609H9.77459L9.78797 8.74439C9.78797 8.79711 9.78415 8.84983 9.77841 8.90256V9.2189C9.77841 9.65046 9.43649 10 9.01433 10H8.70869C8.68768 10 8.66667 10 8.64565 9.99805C8.61891 10 8.59217 10 8.56542 10L7.9446 9.99805H7.48615C7.06399 9.99805 6.72206 9.64851 6.72206 9.21695V7.49854C6.72206 7.1529 6.4489 6.87366 6.11079 6.87366H4.88825C4.55014 6.87366 4.27698 7.1529 4.27698 7.49854V9.21695C4.27698 9.64851 3.93505 9.99805 3.51289 9.99805H2.44508C2.41643 9.99805 2.38777 9.99609 2.35912 9.99414C2.3362 9.99609 2.31328 9.99805 2.29035 9.99805H1.98472C1.56256 9.99805 1.22063 9.64851 1.22063 9.21695V7.02988C1.22063 7.0123 1.22063 6.99278 1.22254 6.9752V5.61414H0.61127C0.267431 5.61414 0 5.34075 0 4.98731C0 4.81156 0.0573066 4.65534 0.191022 4.51865L5.08692 0.156219C5.22063 0.0195274 5.37345 0 5.50716 0C5.64088 0 5.7937 0.0390549 5.90831 0.136692L10.787 4.5206C10.9398 4.65729 11.0162 4.81351 10.9971 4.98926Z\" fill=\"#DF3011\"\/>\n<\/svg><\/a> > <span><a href=\"https:\/\/www.weidmann-electrical.com\/de\/solutions\/\">L\u00f6sungen<\/a><\/span> > <span class=\"breadcrumb_last\" aria-current=\"page\">Erneuerbare Energien<\/span><\/span><\/div><\/div><\/section>\n\n<section class=\"wp-block-cite-wordpress-theme-section has-overlapping-decoration-none has-7-padding-y-top has-4-padding-y-bottom\"><div class=\"theme-section-inner container\">\n<div class=\"wp-block-columns is-layout-flex wp-container-core-columns-is-layout-9d6595d7 wp-block-columns-is-layout-flex\">\n<div class=\"wp-block-column is-layout-flow wp-block-column-is-layout-flow\" style=\"flex-basis:66.66%\">\n<h2 class=\"wp-block-cite-wordpress-theme-heading has-mb-sm has-h2-font-size\" id=\"enhancing-transformer-performance-in-renewable-energy-applications\">Steigerung der Leistungsf\u00e4higkeit von Transformatoren in Anwendungen f\u00fcr erneuerbare Energien<\/h2>\n\n\n\n<p><\/p>\n\n\n\n<p>Transformatoren in der erneuerbaren Stromerzeugung sind extremen Bedingungen ausgesetzt: h\u00e4ufige thermische Zyklen, grosse Temperaturschwankungen, begrenzter Bauraum und St\u00f6rungen der Netzqualit\u00e4t durch Oberschwingungen oder Spannungsfluktuationen. Diese Faktoren f\u00fchren zu erh\u00f6hter thermischer, mechanischer und dielektrischer Belastung der Isolation welche die Alterung, beschleunigen und das Ausfallrisiko steigern. <\/p>\n\n\n\n<p>Zur Bew\u00e4ltigung dieser Herausforderungen bietet Weidmann ein umfassendes Portfolio an Isolationsmaterialien mit erh\u00f6hter thermischer Klassifizierung, speziell f\u00fcr den Einsatz in erneuerbaren Energien. Sie sind f\u00fcr wiederholte thermische Zyklen und hohe elektrische Belastungen ausgelegt und verbessern die Transformatorleistung, verl\u00e4ngern die Lebensdauer und sorgen f\u00fcr gleichbleibende Zuverl\u00e4ssigkeit \u2013 auch unter dynamischen und extremen Betriebsbedingungen. <\/p>\n<\/div>\n\n\n\n<div class=\"wp-block-column is-layout-flow wp-block-column-is-layout-flow\" style=\"flex-basis:33.33%\">\n<aside class=\"pullout\">\n            <h2 class=\"pullout--title\">Branchenkenntnis<\/h2>\n    \n            <div class=\"pullout--content\">\n            <p>H\u00e4ufige Lastwechsel und Beeintr\u00e4chtigungen der Netzqualit\u00e4t in erneuerbaren Energiesystemen stellen h\u00f6chste Anforderungen an die Transformator-Isolation. Hochentwickelte Materialien sind entscheidend, um die Lebensdauer zu verl\u00e4ngern und kostspielige Ausf\u00e4lle zu vermeiden. <\/p>\n        <\/div>\n    \n<\/aside>\n<\/div>\n<\/div>\n<\/div><\/section>\n\n<section class=\"wp-block-cite-wordpress-theme-section has-light-blue-base-background-color has-background has-overlapping-decoration-none has-4-padding-y-top has-4-padding-y-bottom\"><div class=\"theme-section-inner container\">\n<section class=\"wp-block-cite-wordpress-theme-section heading-text-pattern has-overlapping-decoration-none has-0-padding-y-top has-4-padding-y-bottom\"><div class=\"theme-section-inner container\">\n<h2 class=\"wp-block-cite-wordpress-theme-heading has-mb-sm has-h3-font-size has-text-align-center\" id=\"why-choose-us\"><strong><strong><strong>Warum Weidmann?<\/strong><\/strong><\/strong><\/h2>\n<\/div><\/section>\n\n\n\n<div class=\"wp-block-cite-wordpress-theme-icons three-columns\"><div class=\"blocks-cite-wordpress-theme-icons\"><div class=\"icons-inner\">\n<div class=\"col\"><figure class=\"wp-block-cite-wordpress-theme-icon-item wp-block-cite-wordpress-theme-icon\"><figcaption><img decoding=\"async\" src=\"https:\/\/www.weidmann-electrical.com\/wp-content\/uploads\/sites\/2\/2025\/04\/icon-tick-electrical.svg\" alt=\"\" class=\"img-fluid\"\/><\/figcaption><p class=\"icon-text\">Specialized materials for renewable applications<\/p><\/figure><\/div>\n\n\n\n<div class=\"col\"><figure class=\"wp-block-cite-wordpress-theme-icon-item wp-block-cite-wordpress-theme-icon\"><figcaption><img decoding=\"async\" src=\"https:\/\/www.weidmann-electrical.com\/wp-content\/uploads\/sites\/2\/2025\/04\/icon-tick-electrical.svg\" alt=\"\" class=\"img-fluid\"\/><\/figcaption><p class=\"icon-text\">Expertise across the <br>full energy value chain<\/p><\/figure><\/div>\n\n\n\n<div class=\"col\"><figure class=\"wp-block-cite-wordpress-theme-icon-item wp-block-cite-wordpress-theme-icon\"><figcaption><img decoding=\"async\" src=\"https:\/\/www.weidmann-electrical.com\/wp-content\/uploads\/sites\/2\/2025\/04\/icon-tick-electrical.svg\" alt=\"\" class=\"img-fluid\"\/><\/figcaption><p class=\"icon-text\">Commitment to sustainability and innovation<\/p><\/figure><\/div>\n<\/div><\/div><\/div>\n<\/div><\/section>\n\n<section class=\"wp-block-cite-wordpress-theme-section has-overlapping-decoration-none has-8-padding-y-top has-8-padding-y-bottom\"><div class=\"theme-section-inner container\">\n<h2 class=\"wp-block-cite-wordpress-theme-heading has-mb-spacing-38 has-h3-font-size\" id=\"why-choose-us\"><strong>Empfohlene Produkte und Dienstleistungen<\/strong><\/h2>\n\n\n\n\n<ul class=\"product-cards-grid three-columns\">\n            <li class=\"product-card\">\n                            <figure>\n                    <a class=\"d-block\" href=\"https:\/\/www.weidmann-electrical.com\/de\/products\/isolierpapier\/coated-paper\/\"\n                       target=\"_self\">\n                        <img decoding=\"async\" src=\"https:\/\/www.weidmann-electrical.com\/wp-content\/uploads\/sites\/2\/2025\/05\/STRIP-Flex-K-740x500-740x500-1.jpg\"\n                             alt=\"\">\n                                                    <h2>Coated Paper<\/h2>\n                                                                    <\/a>\n                <\/figure>\n                    <\/li>\n            <li class=\"product-card\">\n                            <figure>\n                    <a class=\"d-block\" href=\"https:\/\/www.weidmann-electrical.com\/de\/kompetenz\/partnerschaft-mit-weidmann\/\"\n                       target=\"_self\">\n                        <img decoding=\"async\" src=\"https:\/\/www.weidmann-electrical.com\/wp-content\/uploads\/sites\/2\/2025\/05\/Partnering-740x500-1.jpg\"\n                             alt=\"\">\n                                                    <h2>Partnerschaft mit Weidmann<\/h2>\n                                                                    <\/a>\n                <\/figure>\n                    <\/li>\n            <li class=\"product-card\">\n                            <figure>\n                    <a class=\"d-block\" href=\"https:\/\/www.weidmann-electrical.com\/de\/products\/insulation-components\/winding-package\/\"\n                       target=\"_self\">\n                        <img decoding=\"async\" src=\"https:\/\/www.weidmann-electrical.com\/wp-content\/uploads\/sites\/2\/2025\/05\/Closeup-Winding-Package-740x500-1.jpg\"\n                             alt=\"\">\n                                                    <h2>Winding Package<\/h2>\n                                                                    <\/a>\n                <\/figure>\n                    <\/li>\n    <\/ul>\n\n<\/div><\/section>\n\n\n<section class=\"wp-cite-wordpress-theme-section cta-strip-section \">\n    <div class=\"container theme-section-inner\">\n        <div class=\"cta-strip-content\">\n                            <h2 class=\"cta-strip-title\">Ben\u00f6tigen Sie Unterst\u00fctzung bei Ihrem Transformatorenprojekt?<\/h2>\n            \n            <div class=\"cta-strip-cta-container\">\n                                    <div class=\"wp-block-weidmann-button-container\">\n                        <div class=\"wp-block-weidmann-button cta-strip-button secondary\">\n                            <a href=\"https:\/\/www.weidmann-electrical.com\/de\/kontakt\/\"\n                               target=\"\"\n                               class=\"wp-block-button-link cta-strip-button-link\">Kontaktieren Sie unsere Ingenieur:innen<\/a>\n                        <\/div>\n                    <\/div>\n                                                    <div class=\"wp-block-weidmann-link-container\">\n                        <div class=\"wp-block-weidmann-link secondary\">\n                            <a class=\"cta-strip-link wp-block-link-target\"\n                               href=\"https:\/\/www.weidmann-electrical.com\/de\/kompetenz\/weidmann-webinars\/\">St\u00f6bern Sie in unseren Webinaren                                <svg width=\"27\" height=\"16\" viewBox=\"0 0 27 16\" fill=\"none\"\n                                     xmlns=\"http:\/\/www.w3.org\/2000\/svg\">\n                                    <path d=\"M1.66406 7.24194C1.11178 7.24194 0.664063 7.68966 0.664062 8.24194C0.664062 8.79423 1.11178 9.24194 1.66406 9.24194L1.66406 7.24194ZM26.3712 8.94905C26.7617 8.55853 26.7617 7.92536 26.3712 7.53484L20.0072 1.17088C19.6167 0.780353 18.9835 0.780353 18.593 1.17088C18.2025 1.5614 18.2025 2.19457 18.593 2.58509L24.2498 8.24195L18.593 13.8988C18.2025 14.2893 18.2025 14.9225 18.593 15.313C18.9835 15.7035 19.6167 15.7035 20.0072 15.313L26.3712 8.94905ZM1.66406 9.24194L25.6641 9.24195L25.6641 7.24195L1.66406 7.24194L1.66406 9.24194Z\"\n                                          fill=\"#32BCAD\"\/>\n                                <\/svg>\n                            <\/a>\n                        <\/div>\n                    <\/div>\n                            <\/div>\n        <\/div>\n    <\/div>\n<\/section>\n\n<section class=\"wp-block-cite-wordpress-theme-section has-light-blue-base-background-color has-background has-overlapping-decoration-none has-8-padding-y-top has-8-padding-y-bottom\"><div class=\"theme-section-inner container\">\n<h2 class=\"wp-block-cite-wordpress-theme-heading has-mb-spacing-38 has-h3-font-size\" id=\"latest-from-weidmann\"><strong>Aktuelles von Weidmann<\/strong><\/h2>\n\n\n\n<div class=\"wp-block-cite-theme-dynamic-signposts three-columns\">\n\t<div class=\"dynamic-signposts-inner\">\n\t\t\n<div class=\"card-has-image\">\n    <div class=\"card signpost-card card-has-image\">\n                    <div class=\"card-images\">\n                <a href=\"https:\/\/www.weidmann-electrical.com\/de\/news\/optimizing-transformer-insulation-systems\/\"\n                   target=\"_blank\">\n                    <img loading=\"lazy\" decoding=\"async\" src=\"https:\/\/www.weidmann-electrical.com\/wp-content\/uploads\/sites\/2\/2026\/03\/Optimized-Insulation-740x510-px.jpg\" width=\"740\" height=\"510\" alt=\"Optimized transformer insulation\" class=\"img-fluid card-img-top card-img\">                <\/a>\n            <\/div>\n        \n        <div class=\"card-body\">\n            <li class=\"post-type\">\n                News                            <\/li>\n            <h3 class=\"signpost-card-heading\">\n                <a href=\"https:\/\/www.weidmann-electrical.com\/de\/news\/optimizing-transformer-insulation-systems\/ \"\n                   target=\"_blank\">\n                    Optimizing Transformer Insulation Systems for Performance, Cost, and Supply Efficiency                <\/a>\n            <\/h3>\n\n                            <ul class=\"post-meta\">\n                    \n                                            <li class=\"post-date\">26 M\u00e4rz 2026<\/li>\n                                    <\/ul>\n                    <\/div>\n    <\/div>\n<\/div>\n\n<div class=\"card-has-image\">\n    <div class=\"card signpost-card card-has-image\">\n                    <div class=\"card-images\">\n                <a href=\"https:\/\/www.weidmann-electrical.com\/de\/news\/employee-spotlight-lukas-hauser\/\"\n                   target=\"_blank\">\n                    <img loading=\"lazy\" decoding=\"async\" src=\"https:\/\/www.weidmann-electrical.com\/wp-content\/uploads\/sites\/2\/2026\/01\/Employee-Spotlight-Lukas-Hauser_Jan-2026_740x510_Final.jpg\" width=\"740\" height=\"510\" alt=\"Employee Spotlight Lukas Hauser_January 2026_2340x1000_Final\" class=\"img-fluid card-img-top card-img\">                <\/a>\n            <\/div>\n        \n        <div class=\"card-body\">\n            <li class=\"post-type\">\n                News                            <\/li>\n            <h3 class=\"signpost-card-heading\">\n                <a href=\"https:\/\/www.weidmann-electrical.com\/de\/news\/employee-spotlight-lukas-hauser\/ \"\n                   target=\"_blank\">\n                    Employee Spotlight: Lukas Hauser                <\/a>\n            <\/h3>\n\n                            <ul class=\"post-meta\">\n                    \n                                            <li class=\"post-date\">23 Januar 2026<\/li>\n                                    <\/ul>\n                    <\/div>\n    <\/div>\n<\/div>\n\n<div class=\"card-has-image\">\n    <div class=\"card signpost-card card-has-image\">\n                    <div class=\"card-images\">\n                <a href=\"https:\/\/www.weidmann-electrical.com\/de\/news\/an-interview-with-brad-greaves-laboratory-service-manager\/\"\n                   target=\"_blank\">\n                    <img loading=\"lazy\" decoding=\"async\" src=\"https:\/\/www.weidmann-electrical.com\/wp-content\/uploads\/sites\/2\/2025\/12\/Brad-Greaves_Website-Thumb-740x510_Nov2025.png\" width=\"740\" height=\"510\" alt=\"\" class=\"img-fluid card-img-top card-img\">                <\/a>\n            <\/div>\n        \n        <div class=\"card-body\">\n            <li class=\"post-type\">\n                News                            <\/li>\n            <h3 class=\"signpost-card-heading\">\n                <a href=\"https:\/\/www.weidmann-electrical.com\/de\/news\/an-interview-with-brad-greaves-laboratory-service-manager\/ \"\n                   target=\"_blank\">\n                    An Interview with Brad Greaves, Laboratory Service Manager                <\/a>\n            <\/h3>\n\n                            <ul class=\"post-meta\">\n                    \n                                            <li class=\"post-date\">16 Dezember 2025<\/li>\n                                    <\/ul>\n                    <\/div>\n    <\/div>\n<\/div>\n\t<\/div>\n<\/div><\/div><\/section>\n","protected":false},"excerpt":{"rendered":"","protected":false},"author":7,"featured_media":0,"parent":4516,"menu_order":4,"comment_status":"closed","ping_status":"closed","template":"","meta":{"_acf_changed":false,"footnotes":""},"class_list":["post-4525","page","type-page","status-publish","hentry"],"acf":[],"yoast_head":"<!-- This site is optimized with the Yoast SEO plugin v27.4 - https:\/\/yoast.com\/product\/yoast-seo-wordpress\/ -->\n<title>Erneuerbare Energien - Weidmann Electrical Technology<\/title>\n<meta name=\"robots\" content=\"index, follow, max-snippet:-1, max-image-preview:large, max-video-preview:-1\" \/>\n<link rel=\"canonical\" href=\"https:\/\/www.weidmann-electrical.com\/de\/loesungen\/erneuerbare-energien\/\" \/>\n<meta property=\"og:locale\" content=\"de_DE\" \/>\n<meta property=\"og:type\" content=\"article\" \/>\n<meta property=\"og:title\" content=\"Erneuerbare Energien - Weidmann Electrical Technology\" \/>\n<meta property=\"og:url\" content=\"https:\/\/www.weidmann-electrical.com\/de\/loesungen\/erneuerbare-energien\/\" \/>\n<meta property=\"og:site_name\" content=\"Weidmann Electrical Technology\" \/>\n<meta property=\"article:modified_time\" content=\"2026-04-17T05:27:19+00:00\" \/>\n<meta property=\"og:image\" content=\"https:\/\/www.weidmann-electrical.com\/wp-content\/uploads\/sites\/2\/2025\/04\/icon-tick-electrical.svg\" \/>\n<meta name=\"twitter:card\" content=\"summary_large_image\" \/>\n<meta name=\"twitter:label1\" content=\"Est. reading time\" \/>\n\t<meta name=\"twitter:data1\" content=\"2 Minuten\" \/>\n<script type=\"application\/ld+json\" class=\"yoast-schema-graph\">{\"@context\":\"https:\\\/\\\/schema.org\",\"@graph\":[{\"@type\":\"WebPage\",\"@id\":\"https:\\\/\\\/www.weidmann-electrical.com\\\/de\\\/loesungen\\\/erneuerbare-energien\\\/\",\"url\":\"https:\\\/\\\/www.weidmann-electrical.com\\\/de\\\/loesungen\\\/erneuerbare-energien\\\/\",\"name\":\"Erneuerbare Energien - Weidmann Electrical Technology\",\"isPartOf\":{\"@id\":\"https:\\\/\\\/www.weidmann-electrical.com\\\/de\\\/#website\"},\"primaryImageOfPage\":{\"@id\":\"https:\\\/\\\/www.weidmann-electrical.com\\\/de\\\/loesungen\\\/erneuerbare-energien\\\/#primaryimage\"},\"image\":{\"@id\":\"https:\\\/\\\/www.weidmann-electrical.com\\\/de\\\/loesungen\\\/erneuerbare-energien\\\/#primaryimage\"},\"thumbnailUrl\":\"https:\\\/\\\/www.weidmann-electrical.com\\\/wp-content\\\/uploads\\\/sites\\\/2\\\/2025\\\/04\\\/icon-tick-electrical.svg\",\"datePublished\":\"2025-04-07T14:17:24+00:00\",\"dateModified\":\"2026-04-17T05:27:19+00:00\",\"breadcrumb\":{\"@id\":\"https:\\\/\\\/www.weidmann-electrical.com\\\/de\\\/loesungen\\\/erneuerbare-energien\\\/#breadcrumb\"},\"inLanguage\":\"de-DE\",\"potentialAction\":[{\"@type\":\"ReadAction\",\"target\":[\"https:\\\/\\\/www.weidmann-electrical.com\\\/de\\\/loesungen\\\/erneuerbare-energien\\\/\"]}]},{\"@type\":\"ImageObject\",\"inLanguage\":\"de-DE\",\"@id\":\"https:\\\/\\\/www.weidmann-electrical.com\\\/de\\\/loesungen\\\/erneuerbare-energien\\\/#primaryimage\",\"url\":\"https:\\\/\\\/www.weidmann-electrical.com\\\/wp-content\\\/uploads\\\/sites\\\/2\\\/2025\\\/04\\\/icon-tick-electrical.svg\",\"contentUrl\":\"https:\\\/\\\/www.weidmann-electrical.com\\\/wp-content\\\/uploads\\\/sites\\\/2\\\/2025\\\/04\\\/icon-tick-electrical.svg\"},{\"@type\":\"BreadcrumbList\",\"@id\":\"https:\\\/\\\/www.weidmann-electrical.com\\\/de\\\/loesungen\\\/erneuerbare-energien\\\/#breadcrumb\",\"itemListElement\":[{\"@type\":\"ListItem\",\"position\":1,\"name\":\"Home\",\"item\":\"https:\\\/\\\/www.weidmann-electrical.com\\\/de\\\/\"},{\"@type\":\"ListItem\",\"position\":2,\"name\":\"L\u00f6sungen\",\"item\":\"https:\\\/\\\/www.weidmann-electrical.com\\\/de\\\/solutions\\\/\"},{\"@type\":\"ListItem\",\"position\":3,\"name\":\"Erneuerbare Energien\"}]},{\"@type\":\"WebSite\",\"@id\":\"https:\\\/\\\/www.weidmann-electrical.com\\\/de\\\/#website\",\"url\":\"https:\\\/\\\/www.weidmann-electrical.com\\\/de\\\/\",\"name\":\"Weidmann Electrical\",\"description\":\"\",\"potentialAction\":[{\"@type\":\"SearchAction\",\"target\":{\"@type\":\"EntryPoint\",\"urlTemplate\":\"https:\\\/\\\/www.weidmann-electrical.com\\\/de\\\/?s={search_term_string}\"},\"query-input\":{\"@type\":\"PropertyValueSpecification\",\"valueRequired\":true,\"valueName\":\"search_term_string\"}}],\"inLanguage\":\"de-DE\"}]}<\/script>\n<!-- \/ Yoast SEO plugin. -->","yoast_head_json":{"title":"Erneuerbare Energien - Weidmann Electrical Technology","robots":{"index":"index","follow":"follow","max-snippet":"max-snippet:-1","max-image-preview":"max-image-preview:large","max-video-preview":"max-video-preview:-1"},"canonical":"https:\/\/www.weidmann-electrical.com\/de\/loesungen\/erneuerbare-energien\/","og_locale":"de_DE","og_type":"article","og_title":"Erneuerbare Energien - Weidmann Electrical Technology","og_url":"https:\/\/www.weidmann-electrical.com\/de\/loesungen\/erneuerbare-energien\/","og_site_name":"Weidmann Electrical Technology","article_modified_time":"2026-04-17T05:27:19+00:00","og_image":[{"url":"https:\/\/www.weidmann-electrical.com\/wp-content\/uploads\/sites\/2\/2025\/04\/icon-tick-electrical.svg","type":"","width":"","height":""}],"twitter_card":"summary_large_image","twitter_misc":{"Est. reading time":"2 Minuten"},"schema":{"@context":"https:\/\/schema.org","@graph":[{"@type":"WebPage","@id":"https:\/\/www.weidmann-electrical.com\/de\/loesungen\/erneuerbare-energien\/","url":"https:\/\/www.weidmann-electrical.com\/de\/loesungen\/erneuerbare-energien\/","name":"Erneuerbare Energien - Weidmann Electrical Technology","isPartOf":{"@id":"https:\/\/www.weidmann-electrical.com\/de\/#website"},"primaryImageOfPage":{"@id":"https:\/\/www.weidmann-electrical.com\/de\/loesungen\/erneuerbare-energien\/#primaryimage"},"image":{"@id":"https:\/\/www.weidmann-electrical.com\/de\/loesungen\/erneuerbare-energien\/#primaryimage"},"thumbnailUrl":"https:\/\/www.weidmann-electrical.com\/wp-content\/uploads\/sites\/2\/2025\/04\/icon-tick-electrical.svg","datePublished":"2025-04-07T14:17:24+00:00","dateModified":"2026-04-17T05:27:19+00:00","breadcrumb":{"@id":"https:\/\/www.weidmann-electrical.com\/de\/loesungen\/erneuerbare-energien\/#breadcrumb"},"inLanguage":"de-DE","potentialAction":[{"@type":"ReadAction","target":["https:\/\/www.weidmann-electrical.com\/de\/loesungen\/erneuerbare-energien\/"]}]},{"@type":"ImageObject","inLanguage":"de-DE","@id":"https:\/\/www.weidmann-electrical.com\/de\/loesungen\/erneuerbare-energien\/#primaryimage","url":"https:\/\/www.weidmann-electrical.com\/wp-content\/uploads\/sites\/2\/2025\/04\/icon-tick-electrical.svg","contentUrl":"https:\/\/www.weidmann-electrical.com\/wp-content\/uploads\/sites\/2\/2025\/04\/icon-tick-electrical.svg"},{"@type":"BreadcrumbList","@id":"https:\/\/www.weidmann-electrical.com\/de\/loesungen\/erneuerbare-energien\/#breadcrumb","itemListElement":[{"@type":"ListItem","position":1,"name":"Home","item":"https:\/\/www.weidmann-electrical.com\/de\/"},{"@type":"ListItem","position":2,"name":"L\u00f6sungen","item":"https:\/\/www.weidmann-electrical.com\/de\/solutions\/"},{"@type":"ListItem","position":3,"name":"Erneuerbare Energien"}]},{"@type":"WebSite","@id":"https:\/\/www.weidmann-electrical.com\/de\/#website","url":"https:\/\/www.weidmann-electrical.com\/de\/","name":"Weidmann Electrical","description":"","potentialAction":[{"@type":"SearchAction","target":{"@type":"EntryPoint","urlTemplate":"https:\/\/www.weidmann-electrical.com\/de\/?s={search_term_string}"},"query-input":{"@type":"PropertyValueSpecification","valueRequired":true,"valueName":"search_term_string"}}],"inLanguage":"de-DE"}]}},"_links":{"self":[{"href":"https:\/\/www.weidmann-electrical.com\/de\/wp-json\/wp\/v2\/pages\/4525","targetHints":{"allow":["GET"]}}],"collection":[{"href":"https:\/\/www.weidmann-electrical.com\/de\/wp-json\/wp\/v2\/pages"}],"about":[{"href":"https:\/\/www.weidmann-electrical.com\/de\/wp-json\/wp\/v2\/types\/page"}],"author":[{"embeddable":true,"href":"https:\/\/www.weidmann-electrical.com\/de\/wp-json\/wp\/v2\/users\/7"}],"replies":[{"embeddable":true,"href":"https:\/\/www.weidmann-electrical.com\/de\/wp-json\/wp\/v2\/comments?post=4525"}],"version-history":[{"count":5,"href":"https:\/\/www.weidmann-electrical.com\/de\/wp-json\/wp\/v2\/pages\/4525\/revisions"}],"predecessor-version":[{"id":7789,"href":"https:\/\/www.weidmann-electrical.com\/de\/wp-json\/wp\/v2\/pages\/4525\/revisions\/7789"}],"up":[{"embeddable":true,"href":"https:\/\/www.weidmann-electrical.com\/de\/wp-json\/wp\/v2\/pages\/4516"}],"wp:attachment":[{"href":"https:\/\/www.weidmann-electrical.com\/de\/wp-json\/wp\/v2\/media?parent=4525"}],"curies":[{"name":"wp","href":"https:\/\/api.w.org\/{rel}","templated":true}]}}