{"id":7260,"date":"2026-03-17T10:23:43","date_gmt":"2026-03-17T10:23:43","guid":{"rendered":"https:\/\/www.weidmann-electrical.com\/?page_id=7260"},"modified":"2026-04-21T08:47:19","modified_gmt":"2026-04-21T08:47:19","slug":"selbstklebende-dielektrische-isolationsbander","status":"publish","type":"page","link":"https:\/\/www.weidmann-electrical.com\/de\/products\/transformer-accessories\/selbstklebende-dielektrische-isolationsbander\/","title":{"rendered":"Transformator-Kernzubeh\u00f6r"},"content":{"rendered":"\n\n\n<div class=\"sub-hero wp-block-cite-wordpress-theme-section\">\n                    <img decoding=\"async\" class=\"sub-hero-image\"\n             src=\"https:\/\/www.weidmann-electrical.com\/wp-content\/uploads\/sites\/2\/2026\/03\/DSC9185.jpg\"\n             alt=\"\"\n             style=\"object-position: 50% 50%; object-fit: cover;\">\n    \n    <div class=\"sub-hero-wrapper\">\n                    \n\n<h1 class=\"wp-block-heading\"><strong><strong><strong><strong>Transformator-Kernzubeh\u00f6r<\/strong><\/strong><\/strong><\/strong><\/h1>\n\n\n            <\/div>\n\n    <div class=\"sub-hero-overlay\"><\/div>\n<\/div>\n\n\n\n    <div class=\"sub-navigation is-overlapped\">\n        <ul class=\"sub-navigation-menu\">\n                            <li class=\"sub-navigation-menu-item \">\n                                            <a href=\"https:\/\/www.weidmann-electrical.com\/de\/products\/transformerboard\/\">\n                            Transformerboard                        <\/a>\n                                    <\/li>\n                            <li class=\"sub-navigation-menu-item \">\n                                            <a href=\"https:\/\/www.weidmann-electrical.com\/de\/products\/isolierpapier\/\">\n                            Isolationspapier                        <\/a>\n                                    <\/li>\n                            <li class=\"sub-navigation-menu-item \">\n                                            <a href=\"https:\/\/www.weidmann-electrical.com\/de\/products\/insulation-components\/\">\n                            Isolationskomponenten                        <\/a>\n                                    <\/li>\n                            <li class=\"sub-navigation-menu-item current-page-item\">\n                                            <a href=\"https:\/\/www.weidmann-electrical.com\/de\/products\/transformer-accessories\/\">\n                            <span>Transformatorenzubeh\u00f6r<\/span>\n                        <\/a>\n                                    <\/li>\n                    <\/ul>\n    <\/div>\n\n\n\n<section class=\"wp-block-cite-wordpress-theme-section has-overlapping-decoration-none has-0-padding-y-top has-0-padding-y-bottom\"><div class=\"theme-section-inner container\"><div class=\"yoast-breadcrumbs\"><span><a href=\"https:\/\/www.weidmann-electrical.com\/de\/\"><svg xmlns=\"http:\/\/www.w3.org\/2000\/svg\" width=\"11\" height=\"10\" viewBox=\"0 0 11 10\" fill=\"none\">\n<path d=\"M10.9971 4.98926C10.9971 5.34075 10.7106 5.61609 10.3859 5.61609H9.77459L9.78797 8.74439C9.78797 8.79711 9.78415 8.84983 9.77841 8.90256V9.2189C9.77841 9.65046 9.43649 10 9.01433 10H8.70869C8.68768 10 8.66667 10 8.64565 9.99805C8.61891 10 8.59217 10 8.56542 10L7.9446 9.99805H7.48615C7.06399 9.99805 6.72206 9.64851 6.72206 9.21695V7.49854C6.72206 7.1529 6.4489 6.87366 6.11079 6.87366H4.88825C4.55014 6.87366 4.27698 7.1529 4.27698 7.49854V9.21695C4.27698 9.64851 3.93505 9.99805 3.51289 9.99805H2.44508C2.41643 9.99805 2.38777 9.99609 2.35912 9.99414C2.3362 9.99609 2.31328 9.99805 2.29035 9.99805H1.98472C1.56256 9.99805 1.22063 9.64851 1.22063 9.21695V7.02988C1.22063 7.0123 1.22063 6.99278 1.22254 6.9752V5.61414H0.61127C0.267431 5.61414 0 5.34075 0 4.98731C0 4.81156 0.0573066 4.65534 0.191022 4.51865L5.08692 0.156219C5.22063 0.0195274 5.37345 0 5.50716 0C5.64088 0 5.7937 0.0390549 5.90831 0.136692L10.787 4.5206C10.9398 4.65729 11.0162 4.81351 10.9971 4.98926Z\" fill=\"#DF3011\"\/>\n<\/svg><\/a> > <span><a href=\"https:\/\/www.weidmann-electrical.com\/de\/products\/\">Produkte<\/a><\/span> > <span><a href=\"https:\/\/www.weidmann-electrical.com\/de\/products\/transformer-accessories\/\">Transformatorenzubeh\u00f6r<\/a><\/span> > <span class=\"breadcrumb_last\" aria-current=\"page\">Transformator-Kernzubeh\u00f6r<\/span><\/span><\/div><\/div><\/section>\n\n\n\n<section class=\"wp-block-cite-wordpress-theme-section has-weidmann-white-base-background-color has-background has-overlapping-decoration-none has-0-padding-y-top has-4-padding-y-bottom\"><div class=\"theme-section-inner container\">\n<section class=\"wp-block-cite-wordpress-theme-section has-weidmann-white-base-background-color has-background has-overlapping-decoration-none has-7-padding-y-top has-4-padding-y-bottom\"><div class=\"theme-section-inner container\">\n<div class=\"wp-block-columns is-layout-flex wp-container-core-columns-is-layout-9d6595d7 wp-block-columns-is-layout-flex\">\n<div class=\"wp-block-column is-layout-flow wp-block-column-is-layout-flow\" style=\"flex-basis:66.66%\">\n<h2 class=\"wp-block-cite-wordpress-theme-heading has-mb-spacing-38 has-h2-font-size\" id=\"about-insulutions-dpe\">Elektrische Isolationsl\u00f6sungen f\u00fcr den Transformatorenbau<\/h2>\n\n\n\n<p class=\"has-text-align-left\">Wir haben uns mit IsoTek, einem zertifizierten Hersteller elektrischer Isolationskomponenten f\u00fcr den Transformatorenbau, zusammengeschlossen, um innovative und hochwertige L\u00f6sungen in ausgew\u00e4hlten Regionen anzubieten, darunter die USA, Kanada, die T\u00fcrkei, Australien und Japan.<\/p>\n\n\n\n<p>Steigern Sie die Leistungsf\u00e4higkeit fl\u00fcssigkeitsgek\u00fchlter elektrischer Maschinen und Transformatoren durch die Kombination aus fortschrittlichem Thermomanagement und intelligenter elektrischer Steuerung. Durch die Optimierung der K\u00fchlmittelzirkulation und die Verbesserung der Kernabschirmung tragen die Transformer Core Accessories von Weidmann dazu bei, die K\u00fchlungseffizienz zu erh\u00f6hen, die Betriebsstabilit\u00e4t zu verbessern und eine l\u00e4ngere Lebensdauer zu unterst\u00fctzen.<\/p>\n\n\n\n<p class=\"has-text-align-left\">Diese Produkte sind in ausgew\u00e4hlten M\u00e4rkten ausschlie\u00dflich \u00fcber Weidmann Electrical Technology erh\u00e4ltlich. Wenn Sie sich au\u00dferhalb dieser Regionen befinden, aber an weiteren Informationen interessiert sind, klicken Sie bitte unten, um uns bez\u00fcglich der Verf\u00fcgbarkeit zu kontaktieren.<\/p>\n\n\n\n    <div class=\"wp-block-weidmann-button-container\">\n        <div class=\"wp-block-weidmann-button primary is-align-left\">\n            <a href=\"https:\/\/www.weidmann-electrical.com\/contact-us\/\"\n               target=\"\"\n               class=\"wp-block-button-link\">Kontaktieren Sie uns bitte hier.<\/a>\n        <\/div>\n    <\/div>\n<\/div>\n\n\n\n<div class=\"wp-block-column is-layout-flow wp-block-column-is-layout-flow\" style=\"flex-basis:33.33%\">\n<aside class=\"pullout\">\n            <h2 class=\"pullout--title\">Hauptmerkmale<\/h2>\n    \n            <div class=\"pullout--content\">\n            <ul>\n<li>Reduziert Durchlauf- bzw. Produktionszeiten<\/li>\n<li>Einfache Handhabung und hohe Ma\u00dfstabilit\u00e4t<\/li>\n<li>Reduzierter Materialverbrauch und geringere Kosten<\/li>\n<li>Verbesserte Qualit\u00e4t und Zuverl\u00e4ssigkeit des Transformatorkerns<\/li>\n<\/ul>\n        <\/div>\n    \n<\/aside>\n\n\n\n<aside class=\"pullout\">\n            <h2 class=\"pullout--title\">Einsatzbereich<\/h2>\n    \n            <div class=\"pullout--content\">\n            <p>Entwickelt f\u00fcr den Einsatz in \u00f6lgek\u00fchlten Leistungstransformatoren im Bereich des Transformatorkerns zur Optimierung der thermischen und elektrischen Leistungsf\u00e4higkeit.<\/p>\n        <\/div>\n    \n<\/aside>\n<\/div>\n<\/div>\n<\/div><\/section>\n<\/div><\/section>\n\n\n\n<section class=\"wp-block-cite-wordpress-theme-section has-light-blue-base-background-color has-background has-overlapping-decoration-none has-4-padding-y-top has-4-padding-y-bottom\"><div class=\"theme-section-inner container\">\n\n<ul class=\"product-cards-grid three-columns\">\n            <li class=\"product-card\">\n                            <figure>\n                    <img decoding=\"async\" src=\"https:\/\/www.weidmann-electrical.com\/wp-content\/uploads\/sites\/2\/2026\/03\/DSC9219-2.jpg\"\n                         alt=\"\">\n                <\/figure>\n                                    <h2>IsoCool Pill Carpet<\/h2>\n                                                    <\/li>\n            <li class=\"product-card\">\n                            <figure>\n                    <img decoding=\"async\" src=\"https:\/\/www.weidmann-electrical.com\/wp-content\/uploads\/sites\/2\/2026\/03\/ployglas-1.png\"\n                         alt=\"\">\n                <\/figure>\n                                    <h2>POSECO Polyglas Semi-Conductor<\/h2>\n                                                    <\/li>\n    <\/ul>\n\n\n\n\n<hr class=\"wp-block-separator has-alpha-channel-opacity\"\/>\n<\/div><\/section>\n\n\n\n<section class=\"wp-block-cite-wordpress-theme-section has-light-blue-base-background-color has-background has-overlapping-decoration-none has-4-padding-y-top has-8-padding-y-bottom\"><div class=\"theme-section-inner container\">\n<h2 class=\"wp-block-cite-wordpress-theme-heading has-mb-spacing-38 has-h3-font-size\" id=\"related-products\"><strong>\u00c4hnliche Produkte<\/strong><\/h2>\n\n\n\n\n<ul class=\"product-cards-grid three-columns\">\n            <li class=\"product-card\">\n                            <figure>\n                    <a class=\"d-block\" href=\"https:\/\/www.weidmann-electrical.com\/products\/transformer-accessories\/high-voltage-connections\/\"\n                       target=\"_self\">\n                        <img decoding=\"async\" src=\"https:\/\/www.weidmann-electrical.com\/wp-content\/uploads\/sites\/2\/2025\/05\/High-Voltage-Connections-740-x-500.jpg\"\n                             alt=\"\">\n                                                    <h2>Hochspannungsverbindungen<\/h2>\n                                                                    <\/a>\n                <\/figure>\n                    <\/li>\n            <li class=\"product-card\">\n                            <figure>\n                    <a class=\"d-block\" href=\"https:\/\/www.weidmann-electrical.com\/products\/transformer-accessories\/cooling-and-fluid-control\/\"\n                       target=\"_self\">\n                        <img decoding=\"async\" src=\"https:\/\/www.weidmann-electrical.com\/wp-content\/uploads\/sites\/2\/2025\/05\/Cooling-740-x-500.jpg\"\n                             alt=\"\">\n                                                    <h2>K\u00fchlung und Fluid\/Str\u00f6hmungsregelung<\/h2>\n                                                                    <\/a>\n                <\/figure>\n                    <\/li>\n            <li class=\"product-card\">\n                            <figure>\n                    <a class=\"d-block\" href=\"https:\/\/www.weidmann-electrical.com\/products\/transformer-accessories\/tools-and-equipment\/\"\n                       target=\"_self\">\n                        <img decoding=\"async\" src=\"https:\/\/www.weidmann-electrical.com\/wp-content\/uploads\/sites\/2\/2025\/05\/ools-Equipment-740-x-500.jpg\"\n                             alt=\"\">\n                                                    <h2>Werkzeuge<\/h2>\n                                                                    <\/a>\n                <\/figure>\n                    <\/li>\n    <\/ul>\n\n<\/div><\/section>\n","protected":false},"excerpt":{"rendered":"","protected":false},"author":33,"featured_media":0,"parent":4487,"menu_order":0,"comment_status":"closed","ping_status":"closed","template":"","meta":{"_acf_changed":false,"footnotes":""},"class_list":["post-7260","page","type-page","status-publish","hentry"],"acf":[],"yoast_head":"<!-- This site is optimized with the Yoast SEO plugin v27.5 - https:\/\/yoast.com\/product\/yoast-seo-wordpress\/ -->\n<title>Transformator-Kernzubeh\u00f6r - Weidmann Electrical Technology<\/title>\n<meta name=\"robots\" content=\"index, follow, max-snippet:-1, max-image-preview:large, max-video-preview:-1\" \/>\n<link rel=\"canonical\" href=\"https:\/\/www.weidmann-electrical.com\/de\/products\/transformer-accessories\/selbstklebende-dielektrische-isolationsbander\/\" \/>\n<meta property=\"og:locale\" content=\"de_DE\" \/>\n<meta property=\"og:type\" content=\"article\" \/>\n<meta property=\"og:title\" content=\"Transformator-Kernzubeh\u00f6r - Weidmann Electrical Technology\" \/>\n<meta property=\"og:url\" content=\"https:\/\/www.weidmann-electrical.com\/de\/products\/transformer-accessories\/selbstklebende-dielektrische-isolationsbander\/\" \/>\n<meta property=\"og:site_name\" content=\"Weidmann Electrical Technology\" \/>\n<meta property=\"article:modified_time\" content=\"2026-04-21T08:47:19+00:00\" \/>\n<meta name=\"twitter:card\" content=\"summary_large_image\" \/>\n<meta name=\"twitter:label1\" content=\"Est. reading time\" \/>\n\t<meta name=\"twitter:data1\" content=\"1 Minute\" \/>\n<script type=\"application\/ld+json\" class=\"yoast-schema-graph\">{\"@context\":\"https:\\\/\\\/schema.org\",\"@graph\":[{\"@type\":\"WebPage\",\"@id\":\"https:\\\/\\\/www.weidmann-electrical.com\\\/de\\\/products\\\/transformer-accessories\\\/selbstklebende-dielektrische-isolationsbander\\\/\",\"url\":\"https:\\\/\\\/www.weidmann-electrical.com\\\/de\\\/products\\\/transformer-accessories\\\/selbstklebende-dielektrische-isolationsbander\\\/\",\"name\":\"Transformator-Kernzubeh\u00f6r - Weidmann Electrical Technology\",\"isPartOf\":{\"@id\":\"https:\\\/\\\/www.weidmann-electrical.com\\\/de\\\/#website\"},\"datePublished\":\"2026-03-17T10:23:43+00:00\",\"dateModified\":\"2026-04-21T08:47:19+00:00\",\"breadcrumb\":{\"@id\":\"https:\\\/\\\/www.weidmann-electrical.com\\\/de\\\/products\\\/transformer-accessories\\\/selbstklebende-dielektrische-isolationsbander\\\/#breadcrumb\"},\"inLanguage\":\"de-DE\",\"potentialAction\":[{\"@type\":\"ReadAction\",\"target\":[\"https:\\\/\\\/www.weidmann-electrical.com\\\/de\\\/products\\\/transformer-accessories\\\/selbstklebende-dielektrische-isolationsbander\\\/\"]}]},{\"@type\":\"BreadcrumbList\",\"@id\":\"https:\\\/\\\/www.weidmann-electrical.com\\\/de\\\/products\\\/transformer-accessories\\\/selbstklebende-dielektrische-isolationsbander\\\/#breadcrumb\",\"itemListElement\":[{\"@type\":\"ListItem\",\"position\":1,\"name\":\"Home\",\"item\":\"https:\\\/\\\/www.weidmann-electrical.com\\\/de\\\/\"},{\"@type\":\"ListItem\",\"position\":2,\"name\":\"Produkte\",\"item\":\"https:\\\/\\\/www.weidmann-electrical.com\\\/de\\\/products\\\/\"},{\"@type\":\"ListItem\",\"position\":3,\"name\":\"Transformatorenzubeh\u00f6r\",\"item\":\"https:\\\/\\\/www.weidmann-electrical.com\\\/de\\\/products\\\/transformer-accessories\\\/\"},{\"@type\":\"ListItem\",\"position\":4,\"name\":\"Transformator-Kernzubeh\u00f6r\"}]},{\"@type\":\"WebSite\",\"@id\":\"https:\\\/\\\/www.weidmann-electrical.com\\\/de\\\/#website\",\"url\":\"https:\\\/\\\/www.weidmann-electrical.com\\\/de\\\/\",\"name\":\"Weidmann Electrical\",\"description\":\"\",\"potentialAction\":[{\"@type\":\"SearchAction\",\"target\":{\"@type\":\"EntryPoint\",\"urlTemplate\":\"https:\\\/\\\/www.weidmann-electrical.com\\\/de\\\/?s={search_term_string}\"},\"query-input\":{\"@type\":\"PropertyValueSpecification\",\"valueRequired\":true,\"valueName\":\"search_term_string\"}}],\"inLanguage\":\"de-DE\"}]}<\/script>\n<!-- \/ Yoast SEO plugin. -->","yoast_head_json":{"title":"Transformator-Kernzubeh\u00f6r - Weidmann Electrical Technology","robots":{"index":"index","follow":"follow","max-snippet":"max-snippet:-1","max-image-preview":"max-image-preview:large","max-video-preview":"max-video-preview:-1"},"canonical":"https:\/\/www.weidmann-electrical.com\/de\/products\/transformer-accessories\/selbstklebende-dielektrische-isolationsbander\/","og_locale":"de_DE","og_type":"article","og_title":"Transformator-Kernzubeh\u00f6r - Weidmann Electrical Technology","og_url":"https:\/\/www.weidmann-electrical.com\/de\/products\/transformer-accessories\/selbstklebende-dielektrische-isolationsbander\/","og_site_name":"Weidmann Electrical Technology","article_modified_time":"2026-04-21T08:47:19+00:00","twitter_card":"summary_large_image","twitter_misc":{"Est. reading time":"1 Minute"},"schema":{"@context":"https:\/\/schema.org","@graph":[{"@type":"WebPage","@id":"https:\/\/www.weidmann-electrical.com\/de\/products\/transformer-accessories\/selbstklebende-dielektrische-isolationsbander\/","url":"https:\/\/www.weidmann-electrical.com\/de\/products\/transformer-accessories\/selbstklebende-dielektrische-isolationsbander\/","name":"Transformator-Kernzubeh\u00f6r - Weidmann Electrical Technology","isPartOf":{"@id":"https:\/\/www.weidmann-electrical.com\/de\/#website"},"datePublished":"2026-03-17T10:23:43+00:00","dateModified":"2026-04-21T08:47:19+00:00","breadcrumb":{"@id":"https:\/\/www.weidmann-electrical.com\/de\/products\/transformer-accessories\/selbstklebende-dielektrische-isolationsbander\/#breadcrumb"},"inLanguage":"de-DE","potentialAction":[{"@type":"ReadAction","target":["https:\/\/www.weidmann-electrical.com\/de\/products\/transformer-accessories\/selbstklebende-dielektrische-isolationsbander\/"]}]},{"@type":"BreadcrumbList","@id":"https:\/\/www.weidmann-electrical.com\/de\/products\/transformer-accessories\/selbstklebende-dielektrische-isolationsbander\/#breadcrumb","itemListElement":[{"@type":"ListItem","position":1,"name":"Home","item":"https:\/\/www.weidmann-electrical.com\/de\/"},{"@type":"ListItem","position":2,"name":"Produkte","item":"https:\/\/www.weidmann-electrical.com\/de\/products\/"},{"@type":"ListItem","position":3,"name":"Transformatorenzubeh\u00f6r","item":"https:\/\/www.weidmann-electrical.com\/de\/products\/transformer-accessories\/"},{"@type":"ListItem","position":4,"name":"Transformator-Kernzubeh\u00f6r"}]},{"@type":"WebSite","@id":"https:\/\/www.weidmann-electrical.com\/de\/#website","url":"https:\/\/www.weidmann-electrical.com\/de\/","name":"Weidmann Electrical","description":"","potentialAction":[{"@type":"SearchAction","target":{"@type":"EntryPoint","urlTemplate":"https:\/\/www.weidmann-electrical.com\/de\/?s={search_term_string}"},"query-input":{"@type":"PropertyValueSpecification","valueRequired":true,"valueName":"search_term_string"}}],"inLanguage":"de-DE"}]}},"_links":{"self":[{"href":"https:\/\/www.weidmann-electrical.com\/de\/wp-json\/wp\/v2\/pages\/7260","targetHints":{"allow":["GET"]}}],"collection":[{"href":"https:\/\/www.weidmann-electrical.com\/de\/wp-json\/wp\/v2\/pages"}],"about":[{"href":"https:\/\/www.weidmann-electrical.com\/de\/wp-json\/wp\/v2\/types\/page"}],"author":[{"embeddable":true,"href":"https:\/\/www.weidmann-electrical.com\/de\/wp-json\/wp\/v2\/users\/33"}],"replies":[{"embeddable":true,"href":"https:\/\/www.weidmann-electrical.com\/de\/wp-json\/wp\/v2\/comments?post=7260"}],"version-history":[{"count":3,"href":"https:\/\/www.weidmann-electrical.com\/de\/wp-json\/wp\/v2\/pages\/7260\/revisions"}],"predecessor-version":[{"id":7841,"href":"https:\/\/www.weidmann-electrical.com\/de\/wp-json\/wp\/v2\/pages\/7260\/revisions\/7841"}],"up":[{"embeddable":true,"href":"https:\/\/www.weidmann-electrical.com\/de\/wp-json\/wp\/v2\/pages\/4487"}],"wp:attachment":[{"href":"https:\/\/www.weidmann-electrical.com\/de\/wp-json\/wp\/v2\/media?parent=7260"}],"curies":[{"name":"wp","href":"https:\/\/api.w.org\/{rel}","templated":true}]}}